{"id":38199,"date":"2026-02-27T00:42:50","date_gmt":"2026-02-27T00:42:50","guid":{"rendered":"https:\/\/nordicmart.andreevmaster.com\/product\/vasagle-sangynrunko-140-x-190-cm-sangynkehys\/"},"modified":"2026-02-27T09:58:39","modified_gmt":"2026-02-27T09:58:39","slug":"vasagle-sangynrunko-140-x-190-cm-sangynkehys","status":"publish","type":"product","link":"https:\/\/nordicmart.andreevmaster.com\/fi\/tuote\/vasagle-sangynrunko-140-x-190-cm-sangynkehys\/","title":{"rendered":"VASAGLE s\u00e4ngynrunko, 140 x 190 cm, s\u00e4ngynkehys"},"content":{"rendered":"<p>VASAGLE parivuode, s\u00e4ngynrunko, metallinen s\u00e4ngynrunko, s\u00e4ilytyshyllyill\u00e4, vierass\u00e4nky, sopii 190 x 140 cm patjalle, helppo asentaa, klassinen musta RMB093B01<br \/>\nTuotetiedot:<br \/>\n&#8211; V\u00e4ri: musta<br \/>\n&#8211; Materiaali: jauhemaalattu metalli<br \/>\n&#8211; Koko: 190 x 140 x 41,3 cm (P x L x K)<br \/>\n&#8211; Paino: 18,8 kg<br \/>\n&#8211; Maks. staattinen kantavuus tukipalkkia kohti: 140 kg<br \/>\n&#8211; Maks. staattinen kokonaiskuormitus: 450 kg<\/p>\n<p>Toimitus sis\u00e4lt\u00e4\u00e4:<br \/>\n&#8211; 1 x s\u00e4ngynrunko<br \/>\n&#8211; 1 x lis\u00e4varustepaketti<br \/>\n&#8211; 1 x ohjeet<\/p>\n<p>Huomautukset:<br \/>\n&#8211; Varmista ennen k\u00e4ytt\u00f6\u00e4, ett\u00e4 kaikki osat ja ruuvit ovat kunnolla kiinni.<br \/>\n&#8211; Patja ei sis\u00e4lly toimitukseen.<\/p>\n","protected":false},"excerpt":{"rendered":"<p>VASAGLE parivuode, s\u00e4ngynrunko, metallinen s\u00e4ngynrunko, s\u00e4ilytyshyllyill\u00e4, vierass\u00e4nky, sopii 190 x 140 cm patjalle, helppo asentaa, klassinen musta RMB093B01<\/p>\n","protected":false},"featured_media":46012,"comment_status":"open","ping_status":"closed","template":"","meta":[],"product_brand":[],"product_cat":[32],"product_tag":[],"class_list":{"0":"post-38199","1":"product","2":"type-product","3":"status-publish","4":"has-post-thumbnail","6":"product_cat-uncategorized-fi","8":"first","9":"instock","10":"shipping-taxable","11":"purchasable","12":"product-type-simple"},"_links":{"self":[{"href":"https:\/\/nordicmart.andreevmaster.com\/fi\/wp-json\/wp\/v2\/product\/38199","targetHints":{"allow":["GET"]}}],"collection":[{"href":"https:\/\/nordicmart.andreevmaster.com\/fi\/wp-json\/wp\/v2\/product"}],"about":[{"href":"https:\/\/nordicmart.andreevmaster.com\/fi\/wp-json\/wp\/v2\/types\/product"}],"replies":[{"embeddable":true,"href":"https:\/\/nordicmart.andreevmaster.com\/fi\/wp-json\/wp\/v2\/comments?post=38199"}],"wp:featuredmedia":[{"embeddable":true,"href":"https:\/\/nordicmart.andreevmaster.com\/fi\/wp-json\/wp\/v2\/media\/46012"}],"wp:attachment":[{"href":"https:\/\/nordicmart.andreevmaster.com\/fi\/wp-json\/wp\/v2\/media?parent=38199"}],"wp:term":[{"taxonomy":"product_brand","embeddable":true,"href":"https:\/\/nordicmart.andreevmaster.com\/fi\/wp-json\/wp\/v2\/product_brand?post=38199"},{"taxonomy":"product_cat","embeddable":true,"href":"https:\/\/nordicmart.andreevmaster.com\/fi\/wp-json\/wp\/v2\/product_cat?post=38199"},{"taxonomy":"product_tag","embeddable":true,"href":"https:\/\/nordicmart.andreevmaster.com\/fi\/wp-json\/wp\/v2\/product_tag?post=38199"}],"curies":[{"name":"wp","href":"https:\/\/api.w.org\/{rel}","templated":true}]}}