{"id":38195,"date":"2026-02-27T00:42:49","date_gmt":"2026-02-27T00:42:49","guid":{"rendered":"https:\/\/nordicmart.andreevmaster.com\/product\/vasagle-yhden-hengen-sangynrunko-vierassanky-sangynrunko\/"},"modified":"2026-02-27T09:58:39","modified_gmt":"2026-02-27T09:58:39","slug":"vasagle-yhden-hengen-sangynrunko-vierassanky-sangynrunko","status":"publish","type":"product","link":"https:\/\/nordicmart.andreevmaster.com\/fi\/tuote\/vasagle-yhden-hengen-sangynrunko-vierassanky-sangynrunko\/","title":{"rendered":"VASAGLE Yhden hengen s\u00e4ngynrunko, vierass\u00e4nky, s\u00e4ngynrunko"},"content":{"rendered":"<p>Yhden hengen s\u00e4ngyn runko, vierass\u00e4nky, s\u00e4ngyn runko, sopii 190 x 90 cm:n patjalle, metallinen yhden hengen s\u00e4nky, s\u00e4ngyn runko, helppo asentaa, musta<br \/>\nTuotetiedot:<br \/>\n&#8211; V\u00e4ri: musta<br \/>\n&#8211; Materiaali: jauhemaalattu metalli<br \/>\n&#8211; Koko: 198 x 91,8 x 86,4 cm (P x L x K)<br \/>\n&#8211; Paino: 14,2 kg<br \/>\n&#8211; Maks. staattinen kantavuus: 220 kg<\/p>\n<p>Toimitus sis\u00e4lt\u00e4\u00e4<br \/>\n&#8211; 1 x s\u00e4ngynrunko<br \/>\n&#8211; 1 x lis\u00e4varustepaketti<br \/>\n&#8211; 1 x ohjeet<\/p>\n<p>Huomautukset:<br \/>\n&#8211; Varmista ennen k\u00e4ytt\u00f6\u00e4, ett\u00e4 kaikki osat ja ruuvit ovat kunnolla kiinni.<br \/>\n&#8211; Patja ei sis\u00e4lly toimitukseen.<\/p>\n","protected":false},"excerpt":{"rendered":"<p>Yhden hengen s\u00e4ngyn runko, vierass\u00e4nky, s\u00e4ngyn runko, sopii 190 x 90 cm:n patjalle, metallinen yhden hengen s\u00e4nky, s\u00e4ngyn runko, helppo asentaa, musta<\/p>\n","protected":false},"featured_media":46008,"comment_status":"open","ping_status":"closed","template":"","meta":[],"product_brand":[],"product_cat":[32],"product_tag":[],"class_list":{"0":"post-38195","1":"product","2":"type-product","3":"status-publish","4":"has-post-thumbnail","6":"product_cat-uncategorized-fi","8":"first","9":"instock","10":"shipping-taxable","11":"purchasable","12":"product-type-simple"},"_links":{"self":[{"href":"https:\/\/nordicmart.andreevmaster.com\/fi\/wp-json\/wp\/v2\/product\/38195","targetHints":{"allow":["GET"]}}],"collection":[{"href":"https:\/\/nordicmart.andreevmaster.com\/fi\/wp-json\/wp\/v2\/product"}],"about":[{"href":"https:\/\/nordicmart.andreevmaster.com\/fi\/wp-json\/wp\/v2\/types\/product"}],"replies":[{"embeddable":true,"href":"https:\/\/nordicmart.andreevmaster.com\/fi\/wp-json\/wp\/v2\/comments?post=38195"}],"wp:featuredmedia":[{"embeddable":true,"href":"https:\/\/nordicmart.andreevmaster.com\/fi\/wp-json\/wp\/v2\/media\/46008"}],"wp:attachment":[{"href":"https:\/\/nordicmart.andreevmaster.com\/fi\/wp-json\/wp\/v2\/media?parent=38195"}],"wp:term":[{"taxonomy":"product_brand","embeddable":true,"href":"https:\/\/nordicmart.andreevmaster.com\/fi\/wp-json\/wp\/v2\/product_brand?post=38195"},{"taxonomy":"product_cat","embeddable":true,"href":"https:\/\/nordicmart.andreevmaster.com\/fi\/wp-json\/wp\/v2\/product_cat?post=38195"},{"taxonomy":"product_tag","embeddable":true,"href":"https:\/\/nordicmart.andreevmaster.com\/fi\/wp-json\/wp\/v2\/product_tag?post=38195"}],"curies":[{"name":"wp","href":"https:\/\/api.w.org\/{rel}","templated":true}]}}