{"id":38192,"date":"2026-02-27T00:42:48","date_gmt":"2026-02-27T00:42:48","guid":{"rendered":"https:\/\/nordicmart.andreevmaster.com\/product\/vasagle-yhden-hengen-sangyn-runko-90-x-200-cm-harmaasavyinen-terasjalusta\/"},"modified":"2026-02-27T09:58:38","modified_gmt":"2026-02-27T09:58:38","slug":"vasagle-yhden-hengen-sangyn-runko-90-x-200-cm-harmaasavyinen-terasjalusta","status":"publish","type":"product","link":"https:\/\/nordicmart.andreevmaster.com\/fi\/tuote\/vasagle-yhden-hengen-sangyn-runko-90-x-200-cm-harmaasavyinen-terasjalusta\/","title":{"rendered":"VASAGLE yhden hengen s\u00e4ngyn runko 90 x 200 cm, harmaas\u00e4vyinen ter\u00e4sjalusta"},"content":{"rendered":"<p>VASAGLE parivuode, s\u00e4ngynrunko, 140 x 200 cm, pehmustettu p\u00e4\u00e4ty, s\u00e4ngynrunko, ter\u00e4slatvat, kantavuus 500 kg, helppo asentaa, kyyhkynharmaa RMB974G01<br \/>\nV\u00e4ri: kyyhkynharmaa<br \/>\nMateriaali: ter\u00e4s, vaahtomuovi, polyesterikuitu<br \/>\nKoko (p\u00e4\u00e4tyineen): 206,2 x 91,5 x 104 cm (P x L x K)<br \/>\nPaino: 12,6 kg<br \/>\nMaks. staattinen kokonaiskuormitus: 250 kg<\/p>\n","protected":false},"excerpt":{"rendered":"<p>VASAGLE parivuode, s\u00e4ngynrunko, 140 x 200 cm, pehmustettu p\u00e4\u00e4ty, s\u00e4ngynrunko, ter\u00e4slatvat, kantavuus 500 kg, helppo asentaa, kyyhkynharmaa RMB974G01<\/p>\n","protected":false},"featured_media":46005,"comment_status":"open","ping_status":"closed","template":"","meta":[],"product_brand":[],"product_cat":[32],"product_tag":[],"class_list":{"0":"post-38192","1":"product","2":"type-product","3":"status-publish","4":"has-post-thumbnail","6":"product_cat-uncategorized-fi","8":"first","9":"instock","10":"shipping-taxable","11":"purchasable","12":"product-type-simple"},"_links":{"self":[{"href":"https:\/\/nordicmart.andreevmaster.com\/fi\/wp-json\/wp\/v2\/product\/38192","targetHints":{"allow":["GET"]}}],"collection":[{"href":"https:\/\/nordicmart.andreevmaster.com\/fi\/wp-json\/wp\/v2\/product"}],"about":[{"href":"https:\/\/nordicmart.andreevmaster.com\/fi\/wp-json\/wp\/v2\/types\/product"}],"replies":[{"embeddable":true,"href":"https:\/\/nordicmart.andreevmaster.com\/fi\/wp-json\/wp\/v2\/comments?post=38192"}],"wp:featuredmedia":[{"embeddable":true,"href":"https:\/\/nordicmart.andreevmaster.com\/fi\/wp-json\/wp\/v2\/media\/46005"}],"wp:attachment":[{"href":"https:\/\/nordicmart.andreevmaster.com\/fi\/wp-json\/wp\/v2\/media?parent=38192"}],"wp:term":[{"taxonomy":"product_brand","embeddable":true,"href":"https:\/\/nordicmart.andreevmaster.com\/fi\/wp-json\/wp\/v2\/product_brand?post=38192"},{"taxonomy":"product_cat","embeddable":true,"href":"https:\/\/nordicmart.andreevmaster.com\/fi\/wp-json\/wp\/v2\/product_cat?post=38192"},{"taxonomy":"product_tag","embeddable":true,"href":"https:\/\/nordicmart.andreevmaster.com\/fi\/wp-json\/wp\/v2\/product_tag?post=38192"}],"curies":[{"name":"wp","href":"https:\/\/api.w.org\/{rel}","templated":true}]}}