{"id":38190,"date":"2026-02-27T00:42:48","date_gmt":"2026-02-27T00:42:48","guid":{"rendered":"https:\/\/nordicmart.andreevmaster.com\/product\/vasagle-sangynrunko-led-valaistuksella-ja-latausasemalla-140-x-200-cm\/"},"modified":"2026-02-27T09:58:38","modified_gmt":"2026-02-27T09:58:38","slug":"vasagle-sangynrunko-led-valaistuksella-ja-latausasemalla-140-x-200-cm","status":"publish","type":"product","link":"https:\/\/nordicmart.andreevmaster.com\/fi\/tuote\/vasagle-sangynrunko-led-valaistuksella-ja-latausasemalla-140-x-200-cm\/","title":{"rendered":"VASAGLE s\u00e4ngynrunko LED-valaistuksella ja latausasemalla 140 x 200 cm"},"content":{"rendered":"<p>VASAGLE s\u00e4ngynrunko, parivuode, 140 x 200 cm, leijuva visuaalinen vaikutelma, s\u00e4nky LED-valaistuksella, korkea p\u00e4\u00e4ty, latausasema, moderni, pilvinen valkoinen RMB864W01<br \/>\nV\u00e4ri: pilvinen valkoinen<br \/>\nMateriaali: ter\u00e4s, PU-keinonahka<br \/>\nKoko: 213 x 147 x 90 cm (P x L x K)<br \/>\nPaino: 39,9 kg<br \/>\nSopiva patjan paksuus: 15\u201336 cm<br \/>\nMaks. staattinen kokonaiskuormitus: 455 kg<\/p>\n","protected":false},"excerpt":{"rendered":"<p>VASAGLE s\u00e4ngynrunko, parivuode, 140 x 200 cm, leijuva visuaalinen vaikutelma, s\u00e4nky LED-valaistuksella, korkea p\u00e4\u00e4ty, latausasema, moderni, pilvinen valkoinen RMB864W01<\/p>\n","protected":false},"featured_media":0,"comment_status":"open","ping_status":"closed","template":"","meta":[],"product_brand":[],"product_cat":[32],"product_tag":[],"class_list":{"0":"post-38190","1":"product","2":"type-product","3":"status-publish","5":"product_cat-uncategorized-fi","7":"first","8":"instock","9":"shipping-taxable","10":"purchasable","11":"product-type-simple"},"_links":{"self":[{"href":"https:\/\/nordicmart.andreevmaster.com\/fi\/wp-json\/wp\/v2\/product\/38190","targetHints":{"allow":["GET"]}}],"collection":[{"href":"https:\/\/nordicmart.andreevmaster.com\/fi\/wp-json\/wp\/v2\/product"}],"about":[{"href":"https:\/\/nordicmart.andreevmaster.com\/fi\/wp-json\/wp\/v2\/types\/product"}],"replies":[{"embeddable":true,"href":"https:\/\/nordicmart.andreevmaster.com\/fi\/wp-json\/wp\/v2\/comments?post=38190"}],"wp:attachment":[{"href":"https:\/\/nordicmart.andreevmaster.com\/fi\/wp-json\/wp\/v2\/media?parent=38190"}],"wp:term":[{"taxonomy":"product_brand","embeddable":true,"href":"https:\/\/nordicmart.andreevmaster.com\/fi\/wp-json\/wp\/v2\/product_brand?post=38190"},{"taxonomy":"product_cat","embeddable":true,"href":"https:\/\/nordicmart.andreevmaster.com\/fi\/wp-json\/wp\/v2\/product_cat?post=38190"},{"taxonomy":"product_tag","embeddable":true,"href":"https:\/\/nordicmart.andreevmaster.com\/fi\/wp-json\/wp\/v2\/product_tag?post=38190"}],"curies":[{"name":"wp","href":"https:\/\/api.w.org\/{rel}","templated":true}]}}