{"id":38189,"date":"2026-02-27T00:42:48","date_gmt":"2026-02-27T00:42:48","guid":{"rendered":"https:\/\/nordicmart.andreevmaster.com\/product\/songmics-parivuode-160-x-200-cm-led-valolla-4-laatikolla-ja-latausasemalla\/"},"modified":"2026-02-27T09:58:37","modified_gmt":"2026-02-27T09:58:37","slug":"songmics-parivuode-160-x-200-cm-led-valolla-4-laatikolla-ja-latausasemalla","status":"publish","type":"product","link":"https:\/\/nordicmart.andreevmaster.com\/fi\/tuote\/songmics-parivuode-160-x-200-cm-led-valolla-4-laatikolla-ja-latausasemalla\/","title":{"rendered":"SONGMICS parivuode 160 x 200 cm, LED-valolla, 4 laatikolla ja latausasemalla"},"content":{"rendered":"<p>VASAGLE parivuode, s\u00e4ngynrunko, 160 x 200 cm, LED, metallis\u00e4nky, 4 laatikkoa, latausasema, s\u00e4\u00e4dett\u00e4v\u00e4 pehmustettu p\u00e4\u00e4ty, liuskekivi-harmaa-matta musta RMB828G02<br \/>\nV\u00e4ri: liuskekivi-harmaa-matta musta<br \/>\nMateriaali: ter\u00e4s, vaahtomuovi, keinokangas<br \/>\nKoko: 210 x 167 x 88,3\/94,7 cm (P x L x K)<br \/>\nPaino: 40,4 kg<br \/>\nMaks. staattinen kantavuus: 455 kg<\/p>\n","protected":false},"excerpt":{"rendered":"<p>VASAGLE parivuode, s\u00e4ngynrunko, 160 x 200 cm, LED, metallis\u00e4nky, 4 laatikkoa, latausasema, s\u00e4\u00e4dett\u00e4v\u00e4 pehmustettu p\u00e4\u00e4ty, liuskekivi-harmaa-matta musta RMB828G02<\/p>\n","protected":false},"featured_media":46004,"comment_status":"open","ping_status":"closed","template":"","meta":[],"product_brand":[],"product_cat":[32],"product_tag":[],"class_list":{"0":"post-38189","1":"product","2":"type-product","3":"status-publish","4":"has-post-thumbnail","6":"product_cat-uncategorized-fi","8":"first","9":"instock","10":"shipping-taxable","11":"purchasable","12":"product-type-simple"},"_links":{"self":[{"href":"https:\/\/nordicmart.andreevmaster.com\/fi\/wp-json\/wp\/v2\/product\/38189","targetHints":{"allow":["GET"]}}],"collection":[{"href":"https:\/\/nordicmart.andreevmaster.com\/fi\/wp-json\/wp\/v2\/product"}],"about":[{"href":"https:\/\/nordicmart.andreevmaster.com\/fi\/wp-json\/wp\/v2\/types\/product"}],"replies":[{"embeddable":true,"href":"https:\/\/nordicmart.andreevmaster.com\/fi\/wp-json\/wp\/v2\/comments?post=38189"}],"wp:featuredmedia":[{"embeddable":true,"href":"https:\/\/nordicmart.andreevmaster.com\/fi\/wp-json\/wp\/v2\/media\/46004"}],"wp:attachment":[{"href":"https:\/\/nordicmart.andreevmaster.com\/fi\/wp-json\/wp\/v2\/media?parent=38189"}],"wp:term":[{"taxonomy":"product_brand","embeddable":true,"href":"https:\/\/nordicmart.andreevmaster.com\/fi\/wp-json\/wp\/v2\/product_brand?post=38189"},{"taxonomy":"product_cat","embeddable":true,"href":"https:\/\/nordicmart.andreevmaster.com\/fi\/wp-json\/wp\/v2\/product_cat?post=38189"},{"taxonomy":"product_tag","embeddable":true,"href":"https:\/\/nordicmart.andreevmaster.com\/fi\/wp-json\/wp\/v2\/product_tag?post=38189"}],"curies":[{"name":"wp","href":"https:\/\/api.w.org\/{rel}","templated":true}]}}