{"id":38188,"date":"2026-02-27T00:42:47","date_gmt":"2026-02-27T00:42:47","guid":{"rendered":"https:\/\/nordicmart.andreevmaster.com\/product\/songmics-parivuode-140-x-200-cm-patjalle-paaty-liuskekivi-harmaa\/"},"modified":"2026-02-27T09:58:37","modified_gmt":"2026-02-27T09:58:37","slug":"songmics-parivuode-140-x-200-cm-patjalle-paaty-liuskekivi-harmaa","status":"publish","type":"product","link":"https:\/\/nordicmart.andreevmaster.com\/fi\/tuote\/songmics-parivuode-140-x-200-cm-patjalle-paaty-liuskekivi-harmaa\/","title":{"rendered":"SONGMICS parivuode 140 x 200 cm patjalle, p\u00e4\u00e4ty, liuskekivi-harmaa"},"content":{"rendered":"<p>VASAGLE parivuode, s\u00e4ngynrunko, 160 x 200 cm, LED, metallis\u00e4nky, 4 laatikkoa, latausasema, s\u00e4\u00e4dett\u00e4v\u00e4 pehmustettu p\u00e4\u00e4ty, liuskekivi-harmaa-matta musta RMB828G02<br \/>\nV\u00e4ri: liuskekivi harmaa<br \/>\nMateriaali: ter\u00e4s, vaahtomuovi, keinokangas<br \/>\nKoko: 211,2 x 146 x 94,2\/100,6 cm (P x L x K)<br \/>\nPaino: 39,8 kg<br \/>\nMaks. staattinen kantavuus: 455 kg<\/p>\n","protected":false},"excerpt":{"rendered":"<p>VASAGLE parivuode, s\u00e4ngynrunko, 160 x 200 cm, LED, metallis\u00e4nky, 4 laatikkoa, latausasema, s\u00e4\u00e4dett\u00e4v\u00e4 pehmustettu p\u00e4\u00e4ty, liuskekivi-harmaa-matta musta RMB828G02<\/p>\n","protected":false},"featured_media":0,"comment_status":"open","ping_status":"closed","template":"","meta":[],"product_brand":[],"product_cat":[32],"product_tag":[],"class_list":{"0":"post-38188","1":"product","2":"type-product","3":"status-publish","5":"product_cat-uncategorized-fi","7":"first","8":"instock","9":"shipping-taxable","10":"purchasable","11":"product-type-simple"},"_links":{"self":[{"href":"https:\/\/nordicmart.andreevmaster.com\/fi\/wp-json\/wp\/v2\/product\/38188","targetHints":{"allow":["GET"]}}],"collection":[{"href":"https:\/\/nordicmart.andreevmaster.com\/fi\/wp-json\/wp\/v2\/product"}],"about":[{"href":"https:\/\/nordicmart.andreevmaster.com\/fi\/wp-json\/wp\/v2\/types\/product"}],"replies":[{"embeddable":true,"href":"https:\/\/nordicmart.andreevmaster.com\/fi\/wp-json\/wp\/v2\/comments?post=38188"}],"wp:attachment":[{"href":"https:\/\/nordicmart.andreevmaster.com\/fi\/wp-json\/wp\/v2\/media?parent=38188"}],"wp:term":[{"taxonomy":"product_brand","embeddable":true,"href":"https:\/\/nordicmart.andreevmaster.com\/fi\/wp-json\/wp\/v2\/product_brand?post=38188"},{"taxonomy":"product_cat","embeddable":true,"href":"https:\/\/nordicmart.andreevmaster.com\/fi\/wp-json\/wp\/v2\/product_cat?post=38188"},{"taxonomy":"product_tag","embeddable":true,"href":"https:\/\/nordicmart.andreevmaster.com\/fi\/wp-json\/wp\/v2\/product_tag?post=38188"}],"curies":[{"name":"wp","href":"https:\/\/api.w.org\/{rel}","templated":true}]}}