{"id":38187,"date":"2026-02-27T00:42:47","date_gmt":"2026-02-27T00:42:47","guid":{"rendered":"https:\/\/nordicmart.andreevmaster.com\/product\/songmics-sanky-140-x-200-cm-latausasemalla-vaaleanharmaa-matta-musta\/"},"modified":"2026-02-27T09:58:37","modified_gmt":"2026-02-27T09:58:37","slug":"songmics-sanky-140-x-200-cm-latausasemalla-vaaleanharmaa-matta-musta","status":"publish","type":"product","link":"https:\/\/nordicmart.andreevmaster.com\/fi\/tuote\/songmics-sanky-140-x-200-cm-latausasemalla-vaaleanharmaa-matta-musta\/","title":{"rendered":"SONGMICS s\u00e4nky 140 x 200 cm, latausasemalla, vaaleanharmaa-matta musta"},"content":{"rendered":"<p>VASAGLE parivuode, s\u00e4ngynrunko, 160 x 200 cm, LED, metallis\u00e4nky, 4 laatikkoa, latausasema, s\u00e4\u00e4dett\u00e4v\u00e4 pehmustettu p\u00e4\u00e4ty, liuskekivi-harmaa-matta musta RMB828G02<br \/>\nV\u00e4ri: vaaleanharmaa-matta musta<br \/>\nMateriaali: ter\u00e4s, vaahtomuovi, keinokangas<br \/>\nKoko: 200 x 140 x 94,2\/100,6 cm (P x L x K)<br \/>\nPaino: 39,8 kg<br \/>\nMaks. staattinen kantavuus: 455 kg<\/p>\n","protected":false},"excerpt":{"rendered":"<p>VASAGLE parivuode, s\u00e4ngynrunko, 160 x 200 cm, LED, metallis\u00e4nky, 4 laatikkoa, latausasema, s\u00e4\u00e4dett\u00e4v\u00e4 pehmustettu p\u00e4\u00e4ty, liuskekivi-harmaa-matta musta RMB828G02<\/p>\n","protected":false},"featured_media":46003,"comment_status":"open","ping_status":"closed","template":"","meta":[],"product_brand":[],"product_cat":[32],"product_tag":[],"class_list":{"0":"post-38187","1":"product","2":"type-product","3":"status-publish","4":"has-post-thumbnail","6":"product_cat-uncategorized-fi","8":"first","9":"instock","10":"shipping-taxable","11":"purchasable","12":"product-type-simple"},"_links":{"self":[{"href":"https:\/\/nordicmart.andreevmaster.com\/fi\/wp-json\/wp\/v2\/product\/38187","targetHints":{"allow":["GET"]}}],"collection":[{"href":"https:\/\/nordicmart.andreevmaster.com\/fi\/wp-json\/wp\/v2\/product"}],"about":[{"href":"https:\/\/nordicmart.andreevmaster.com\/fi\/wp-json\/wp\/v2\/types\/product"}],"replies":[{"embeddable":true,"href":"https:\/\/nordicmart.andreevmaster.com\/fi\/wp-json\/wp\/v2\/comments?post=38187"}],"wp:featuredmedia":[{"embeddable":true,"href":"https:\/\/nordicmart.andreevmaster.com\/fi\/wp-json\/wp\/v2\/media\/46003"}],"wp:attachment":[{"href":"https:\/\/nordicmart.andreevmaster.com\/fi\/wp-json\/wp\/v2\/media?parent=38187"}],"wp:term":[{"taxonomy":"product_brand","embeddable":true,"href":"https:\/\/nordicmart.andreevmaster.com\/fi\/wp-json\/wp\/v2\/product_brand?post=38187"},{"taxonomy":"product_cat","embeddable":true,"href":"https:\/\/nordicmart.andreevmaster.com\/fi\/wp-json\/wp\/v2\/product_cat?post=38187"},{"taxonomy":"product_tag","embeddable":true,"href":"https:\/\/nordicmart.andreevmaster.com\/fi\/wp-json\/wp\/v2\/product_tag?post=38187"}],"curies":[{"name":"wp","href":"https:\/\/api.w.org\/{rel}","templated":true}]}}