{"id":38185,"date":"2026-02-27T00:42:47","date_gmt":"2026-02-27T00:42:47","guid":{"rendered":"https:\/\/nordicmart.andreevmaster.com\/product\/vasagle-metallinen-parivuode-140-x-190-cm-led-valaistus-tummanharmaa\/"},"modified":"2026-02-27T09:58:37","modified_gmt":"2026-02-27T09:58:37","slug":"vasagle-metallinen-parivuode-140-x-190-cm-led-valaistus-tummanharmaa","status":"publish","type":"product","link":"https:\/\/nordicmart.andreevmaster.com\/fi\/tuote\/vasagle-metallinen-parivuode-140-x-190-cm-led-valaistus-tummanharmaa\/","title":{"rendered":"VASAGLE metallinen parivuode 140 x 190 cm  LED-valaistus tummanharmaa"},"content":{"rendered":"<p>VASAGLE metallinen parivuode, 140 x 190 cm, s\u00e4ngynrunko, p\u00e4\u00e4ty, LED-valaistus, USB- ja tyypin C -liit\u00e4nt\u00e4, moderni tyyli, vierashuoneeseen, nuorille<br \/>\nTuotemerkki    \u200eVASAGLE<br \/>\nMallinumero    \u200eRMB802G71<br \/>\nV\u00e4ri    \u200eTummanharmaa<br \/>\nTuotteen mitat    \u200e207,8 x 145,4 x 65 cm; 35,3 kg<br \/>\nTuotteen paino    \u200e35,3 kg<\/p>\n","protected":false},"excerpt":{"rendered":"<p>VASAGLE metallinen parivuode, 140 x 190 cm, s\u00e4ngynrunko, p\u00e4\u00e4ty, LED-valaistus, USB- ja tyypin C -liit\u00e4nt\u00e4, moderni tyyli, vierashuoneeseen, nuorille<\/p>\n","protected":false},"featured_media":46001,"comment_status":"open","ping_status":"closed","template":"","meta":[],"product_brand":[],"product_cat":[32],"product_tag":[],"class_list":{"0":"post-38185","1":"product","2":"type-product","3":"status-publish","4":"has-post-thumbnail","6":"product_cat-uncategorized-fi","8":"first","9":"instock","10":"shipping-taxable","11":"purchasable","12":"product-type-simple"},"_links":{"self":[{"href":"https:\/\/nordicmart.andreevmaster.com\/fi\/wp-json\/wp\/v2\/product\/38185","targetHints":{"allow":["GET"]}}],"collection":[{"href":"https:\/\/nordicmart.andreevmaster.com\/fi\/wp-json\/wp\/v2\/product"}],"about":[{"href":"https:\/\/nordicmart.andreevmaster.com\/fi\/wp-json\/wp\/v2\/types\/product"}],"replies":[{"embeddable":true,"href":"https:\/\/nordicmart.andreevmaster.com\/fi\/wp-json\/wp\/v2\/comments?post=38185"}],"wp:featuredmedia":[{"embeddable":true,"href":"https:\/\/nordicmart.andreevmaster.com\/fi\/wp-json\/wp\/v2\/media\/46001"}],"wp:attachment":[{"href":"https:\/\/nordicmart.andreevmaster.com\/fi\/wp-json\/wp\/v2\/media?parent=38185"}],"wp:term":[{"taxonomy":"product_brand","embeddable":true,"href":"https:\/\/nordicmart.andreevmaster.com\/fi\/wp-json\/wp\/v2\/product_brand?post=38185"},{"taxonomy":"product_cat","embeddable":true,"href":"https:\/\/nordicmart.andreevmaster.com\/fi\/wp-json\/wp\/v2\/product_cat?post=38185"},{"taxonomy":"product_tag","embeddable":true,"href":"https:\/\/nordicmart.andreevmaster.com\/fi\/wp-json\/wp\/v2\/product_tag?post=38185"}],"curies":[{"name":"wp","href":"https:\/\/api.w.org\/{rel}","templated":true}]}}