{"id":38182,"date":"2026-02-27T00:42:46","date_gmt":"2026-02-27T00:42:46","guid":{"rendered":"https:\/\/nordicmart.andreevmaster.com\/product\/vasagle-sangynrunko-taitettavalla-salepohjalla-ja-sailytystilalla-sangyn-alla\/"},"modified":"2026-02-27T09:58:36","modified_gmt":"2026-02-27T09:58:36","slug":"vasagle-sangynrunko-taitettavalla-salepohjalla-ja-sailytystilalla-sangyn-alla","status":"publish","type":"product","link":"https:\/\/nordicmart.andreevmaster.com\/fi\/tuote\/vasagle-sangynrunko-taitettavalla-salepohjalla-ja-sailytystilalla-sangyn-alla\/","title":{"rendered":"VASAGLE s\u00e4ngynrunko taitettavalla s\u00e4lepohjalla ja s\u00e4ilytystilalla s\u00e4ngyn alla"},"content":{"rendered":"<p>VASAGLE s\u00e4ngynrunko, s\u00e4ngynkehys, s\u00e4nky, 160 x 200 cm, taitettava s\u00e4lepohja, s\u00e4ilytystila s\u00e4ngyn alla, p\u00e4\u00e4ty, hydraulij\u00e4rjestelm\u00e4, moderni, helppo asentaa, tummanharmaa RMB615G02<br \/>\nV\u00e4ri: tummanharmaa<br \/>\nMateriaali: ter\u00e4s, vaneri, lastulevy, tihe\u00e4 vaahtomuovi, keinokangas<br \/>\nKoko: 209,3 x 93,4 x 110 cm (P x L x L x K)<br \/>\nPaino: 36,3 kg<br \/>\nSuositeltu patjan paksuus: 22 cm<br \/>\nMaks. staattinen kokonaiskuormitus: 454 kg<\/p>\n","protected":false},"excerpt":{"rendered":"<p>VASAGLE s\u00e4ngynrunko, s\u00e4ngynkehys, s\u00e4nky, 160 x 200 cm, taitettava s\u00e4lepohja, s\u00e4ilytystila s\u00e4ngyn alla, p\u00e4\u00e4ty, hydraulij\u00e4rjestelm\u00e4, moderni, helppo asentaa, tummanharmaa RMB615G02<\/p>\n","protected":false},"featured_media":0,"comment_status":"open","ping_status":"closed","template":"","meta":[],"product_brand":[],"product_cat":[32],"product_tag":[],"class_list":{"0":"post-38182","1":"product","2":"type-product","3":"status-publish","5":"product_cat-uncategorized-fi","7":"first","8":"instock","9":"shipping-taxable","10":"purchasable","11":"product-type-simple"},"_links":{"self":[{"href":"https:\/\/nordicmart.andreevmaster.com\/fi\/wp-json\/wp\/v2\/product\/38182","targetHints":{"allow":["GET"]}}],"collection":[{"href":"https:\/\/nordicmart.andreevmaster.com\/fi\/wp-json\/wp\/v2\/product"}],"about":[{"href":"https:\/\/nordicmart.andreevmaster.com\/fi\/wp-json\/wp\/v2\/types\/product"}],"replies":[{"embeddable":true,"href":"https:\/\/nordicmart.andreevmaster.com\/fi\/wp-json\/wp\/v2\/comments?post=38182"}],"wp:attachment":[{"href":"https:\/\/nordicmart.andreevmaster.com\/fi\/wp-json\/wp\/v2\/media?parent=38182"}],"wp:term":[{"taxonomy":"product_brand","embeddable":true,"href":"https:\/\/nordicmart.andreevmaster.com\/fi\/wp-json\/wp\/v2\/product_brand?post=38182"},{"taxonomy":"product_cat","embeddable":true,"href":"https:\/\/nordicmart.andreevmaster.com\/fi\/wp-json\/wp\/v2\/product_cat?post=38182"},{"taxonomy":"product_tag","embeddable":true,"href":"https:\/\/nordicmart.andreevmaster.com\/fi\/wp-json\/wp\/v2\/product_tag?post=38182"}],"curies":[{"name":"wp","href":"https:\/\/api.w.org\/{rel}","templated":true}]}}