{"id":38178,"date":"2026-02-27T00:42:45","date_gmt":"2026-02-27T00:42:45","guid":{"rendered":"https:\/\/nordicmart.andreevmaster.com\/product\/vasagle-parivuode-160-x-200-cm-paaty-mattamusta\/"},"modified":"2026-02-27T09:58:35","modified_gmt":"2026-02-27T09:58:35","slug":"vasagle-parivuode-160-x-200-cm-paaty-mattamusta","status":"publish","type":"product","link":"https:\/\/nordicmart.andreevmaster.com\/fi\/tuote\/vasagle-parivuode-160-x-200-cm-paaty-mattamusta\/","title":{"rendered":"VASAGLE parivuode 160 x 200 cm, p\u00e4\u00e4ty mattamusta"},"content":{"rendered":"<p>VASAGLE parivuode, s\u00e4nky, 160 x 200 cm, metallis\u00e4nky, s\u00e4ngynrunko, p\u00e4\u00e4ty, moderni, s\u00e4ilytyshyllyill\u00e4, vierass\u00e4nky, teini-ik\u00e4isille, mattamusta RMB195B01<br \/>\nV\u00e4ri: mattamusta<br \/>\nMateriaali: ter\u00e4s<br \/>\nKoko: 207,6 x 161 x 87 cm (P x L x K)<br \/>\nPaino: 22 kg<br \/>\nMaks. staattinen kokonaiskuormitus: 450 kg<\/p>\n","protected":false},"excerpt":{"rendered":"<p>VASAGLE parivuode, s\u00e4nky, 160 x 200 cm, metallis\u00e4nky, s\u00e4ngynrunko, p\u00e4\u00e4ty, moderni, s\u00e4ilytyshyllyill\u00e4, vierass\u00e4nky, teini-ik\u00e4isille, mattamusta RMB195B01<\/p>\n","protected":false},"featured_media":0,"comment_status":"open","ping_status":"closed","template":"","meta":[],"product_brand":[],"product_cat":[32],"product_tag":[],"class_list":{"0":"post-38178","1":"product","2":"type-product","3":"status-publish","5":"product_cat-uncategorized-fi","7":"first","8":"instock","9":"shipping-taxable","10":"purchasable","11":"product-type-simple"},"_links":{"self":[{"href":"https:\/\/nordicmart.andreevmaster.com\/fi\/wp-json\/wp\/v2\/product\/38178","targetHints":{"allow":["GET"]}}],"collection":[{"href":"https:\/\/nordicmart.andreevmaster.com\/fi\/wp-json\/wp\/v2\/product"}],"about":[{"href":"https:\/\/nordicmart.andreevmaster.com\/fi\/wp-json\/wp\/v2\/types\/product"}],"replies":[{"embeddable":true,"href":"https:\/\/nordicmart.andreevmaster.com\/fi\/wp-json\/wp\/v2\/comments?post=38178"}],"wp:attachment":[{"href":"https:\/\/nordicmart.andreevmaster.com\/fi\/wp-json\/wp\/v2\/media?parent=38178"}],"wp:term":[{"taxonomy":"product_brand","embeddable":true,"href":"https:\/\/nordicmart.andreevmaster.com\/fi\/wp-json\/wp\/v2\/product_brand?post=38178"},{"taxonomy":"product_cat","embeddable":true,"href":"https:\/\/nordicmart.andreevmaster.com\/fi\/wp-json\/wp\/v2\/product_cat?post=38178"},{"taxonomy":"product_tag","embeddable":true,"href":"https:\/\/nordicmart.andreevmaster.com\/fi\/wp-json\/wp\/v2\/product_tag?post=38178"}],"curies":[{"name":"wp","href":"https:\/\/api.w.org\/{rel}","templated":true}]}}