{"id":38174,"date":"2026-02-27T00:42:44","date_gmt":"2026-02-27T00:42:44","guid":{"rendered":"https:\/\/nordicmart.andreevmaster.com\/product\/vasagle-metallinen-parivuode-160-x-200-cm-sailytyshyllyilla\/"},"modified":"2026-02-27T09:58:34","modified_gmt":"2026-02-27T09:58:34","slug":"vasagle-metallinen-parivuode-160-x-200-cm-sailytyshyllyilla","status":"publish","type":"product","link":"https:\/\/nordicmart.andreevmaster.com\/fi\/tuote\/vasagle-metallinen-parivuode-160-x-200-cm-sailytyshyllyilla\/","title":{"rendered":"VASAGLE metallinen parivuode 160 x 200 cm s\u00e4ilytyshyllyill\u00e4"},"content":{"rendered":"<p>VASAGLE-s\u00e4nky 160 x 200 cm, vierass\u00e4nky s\u00e4ilytyshyllyill\u00e4, parivuode, metallinen s\u00e4ngynrunko, s\u00e4ngynkehys, metallis\u00e4nky, helppo asentaa, klassinen musta RMB095B01<br \/>\nV\u00e4ri: klassinen musta<br \/>\nMateriaali: jauhemaalattu metalli<br \/>\nKoko: 200 x 160 x 41,3 cm (P x L x K)<br \/>\nPaino: 19,6 kg<br \/>\nMaks. staattinen kantavuus tukipalkkia kohti: 140 kg<br \/>\nMaks. staattinen kokonaiskuormitus: 450 kg<\/p>\n","protected":false},"excerpt":{"rendered":"<p>VASAGLE-s\u00e4nky 160 x 200 cm, vierass\u00e4nky s\u00e4ilytyshyllyill\u00e4, parivuode, metallinen s\u00e4ngynrunko, s\u00e4ngynkehys, metallis\u00e4nky, helppo asentaa, klassinen musta RMB095B01<\/p>\n","protected":false},"featured_media":45993,"comment_status":"open","ping_status":"closed","template":"","meta":[],"product_brand":[],"product_cat":[32],"product_tag":[],"class_list":{"0":"post-38174","1":"product","2":"type-product","3":"status-publish","4":"has-post-thumbnail","6":"product_cat-uncategorized-fi","8":"first","9":"instock","10":"shipping-taxable","11":"purchasable","12":"product-type-simple"},"_links":{"self":[{"href":"https:\/\/nordicmart.andreevmaster.com\/fi\/wp-json\/wp\/v2\/product\/38174","targetHints":{"allow":["GET"]}}],"collection":[{"href":"https:\/\/nordicmart.andreevmaster.com\/fi\/wp-json\/wp\/v2\/product"}],"about":[{"href":"https:\/\/nordicmart.andreevmaster.com\/fi\/wp-json\/wp\/v2\/types\/product"}],"replies":[{"embeddable":true,"href":"https:\/\/nordicmart.andreevmaster.com\/fi\/wp-json\/wp\/v2\/comments?post=38174"}],"wp:featuredmedia":[{"embeddable":true,"href":"https:\/\/nordicmart.andreevmaster.com\/fi\/wp-json\/wp\/v2\/media\/45993"}],"wp:attachment":[{"href":"https:\/\/nordicmart.andreevmaster.com\/fi\/wp-json\/wp\/v2\/media?parent=38174"}],"wp:term":[{"taxonomy":"product_brand","embeddable":true,"href":"https:\/\/nordicmart.andreevmaster.com\/fi\/wp-json\/wp\/v2\/product_brand?post=38174"},{"taxonomy":"product_cat","embeddable":true,"href":"https:\/\/nordicmart.andreevmaster.com\/fi\/wp-json\/wp\/v2\/product_cat?post=38174"},{"taxonomy":"product_tag","embeddable":true,"href":"https:\/\/nordicmart.andreevmaster.com\/fi\/wp-json\/wp\/v2\/product_tag?post=38174"}],"curies":[{"name":"wp","href":"https:\/\/api.w.org\/{rel}","templated":true}]}}