{"id":38173,"date":"2026-02-27T00:42:43","date_gmt":"2026-02-27T00:42:43","guid":{"rendered":"https:\/\/nordicmart.andreevmaster.com\/product\/vasagle-sanky-140-x-200-cm-metallisilla-sailytyshyllyilla\/"},"modified":"2026-02-27T09:58:34","modified_gmt":"2026-02-27T09:58:34","slug":"vasagle-sanky-140-x-200-cm-metallisilla-sailytyshyllyilla","status":"publish","type":"product","link":"https:\/\/nordicmart.andreevmaster.com\/fi\/tuote\/vasagle-sanky-140-x-200-cm-metallisilla-sailytyshyllyilla\/","title":{"rendered":"VASAGLE-s\u00e4nky 140 x 200 cm metallisilla s\u00e4ilytyshyllyill\u00e4"},"content":{"rendered":"<p>VASAGLE parivuode, s\u00e4ngynrunko, metallinen s\u00e4ngynrunko, s\u00e4ilytyshyllyill\u00e4, vierass\u00e4nky, sopii 190 x 140 cm patjalle, helppo asentaa, klassinen musta RMB093B01<br \/>\nV\u00e4ri: klassinen musta<br \/>\nMateriaali: jauhemaalattu metalli<br \/>\nKoko: 200 x 140 x 41,3 cm (P x L x K)<br \/>\nPaino: 19,2 kg<br \/>\nMaks. staattinen kantavuus 2 tukipalkkia kohti: 140 kg<br \/>\nMaks. staattinen kokonaiskuormitus: 454 kg<\/p>\n","protected":false},"excerpt":{"rendered":"<p>VASAGLE parivuode, s\u00e4ngynrunko, metallinen s\u00e4ngynrunko, s\u00e4ilytyshyllyill\u00e4, vierass\u00e4nky, sopii 190 x 140 cm patjalle, helppo asentaa, klassinen musta RMB093B01<\/p>\n","protected":false},"featured_media":45992,"comment_status":"open","ping_status":"closed","template":"","meta":[],"product_brand":[],"product_cat":[32],"product_tag":[],"class_list":{"0":"post-38173","1":"product","2":"type-product","3":"status-publish","4":"has-post-thumbnail","6":"product_cat-uncategorized-fi","8":"first","9":"instock","10":"shipping-taxable","11":"purchasable","12":"product-type-simple"},"_links":{"self":[{"href":"https:\/\/nordicmart.andreevmaster.com\/fi\/wp-json\/wp\/v2\/product\/38173","targetHints":{"allow":["GET"]}}],"collection":[{"href":"https:\/\/nordicmart.andreevmaster.com\/fi\/wp-json\/wp\/v2\/product"}],"about":[{"href":"https:\/\/nordicmart.andreevmaster.com\/fi\/wp-json\/wp\/v2\/types\/product"}],"replies":[{"embeddable":true,"href":"https:\/\/nordicmart.andreevmaster.com\/fi\/wp-json\/wp\/v2\/comments?post=38173"}],"wp:featuredmedia":[{"embeddable":true,"href":"https:\/\/nordicmart.andreevmaster.com\/fi\/wp-json\/wp\/v2\/media\/45992"}],"wp:attachment":[{"href":"https:\/\/nordicmart.andreevmaster.com\/fi\/wp-json\/wp\/v2\/media?parent=38173"}],"wp:term":[{"taxonomy":"product_brand","embeddable":true,"href":"https:\/\/nordicmart.andreevmaster.com\/fi\/wp-json\/wp\/v2\/product_brand?post=38173"},{"taxonomy":"product_cat","embeddable":true,"href":"https:\/\/nordicmart.andreevmaster.com\/fi\/wp-json\/wp\/v2\/product_cat?post=38173"},{"taxonomy":"product_tag","embeddable":true,"href":"https:\/\/nordicmart.andreevmaster.com\/fi\/wp-json\/wp\/v2\/product_tag?post=38173"}],"curies":[{"name":"wp","href":"https:\/\/api.w.org\/{rel}","templated":true}]}}