{"id":38171,"date":"2026-02-27T00:42:42","date_gmt":"2026-02-27T00:42:42","guid":{"rendered":"https:\/\/nordicmart.andreevmaster.com\/product\/vasagle-metallinen-parivuode-sailytyshyllyilla-musta\/"},"modified":"2026-02-27T09:58:34","modified_gmt":"2026-02-27T09:58:34","slug":"vasagle-metallinen-parivuode-sailytyshyllyilla-musta","status":"publish","type":"product","link":"https:\/\/nordicmart.andreevmaster.com\/fi\/tuote\/vasagle-metallinen-parivuode-sailytyshyllyilla-musta\/","title":{"rendered":"VASAGLE metallinen parivuode s\u00e4ilytyshyllyill\u00e4, musta"},"content":{"rendered":"<p>VASAGLE parivuode, s\u00e4ngynrunko, metallinen s\u00e4ngynrunko, s\u00e4ilytyshyllyill\u00e4, vierass\u00e4nky, sopii 190 x 140 cm patjalle, helppo asentaa, klassinen musta RMB093B01<br \/>\nV\u00e4ri: musta<br \/>\nMateriaali: jauhemaalattu metalli<br \/>\nKoko: 200 x 90 x 40,6 cm (P x L x K)<br \/>\nPaino: 13 kg<br \/>\nMaks. staattinen kokonaiskuormitus: 250 kg<\/p>\n","protected":false},"excerpt":{"rendered":"<p>VASAGLE parivuode, s\u00e4ngynrunko, metallinen s\u00e4ngynrunko, s\u00e4ilytyshyllyill\u00e4, vierass\u00e4nky, sopii 190 x 140 cm patjalle, helppo asentaa, klassinen musta RMB093B01<\/p>\n","protected":false},"featured_media":45990,"comment_status":"open","ping_status":"closed","template":"","meta":[],"product_brand":[],"product_cat":[32],"product_tag":[],"class_list":{"0":"post-38171","1":"product","2":"type-product","3":"status-publish","4":"has-post-thumbnail","6":"product_cat-uncategorized-fi","8":"first","9":"instock","10":"shipping-taxable","11":"purchasable","12":"product-type-simple"},"_links":{"self":[{"href":"https:\/\/nordicmart.andreevmaster.com\/fi\/wp-json\/wp\/v2\/product\/38171","targetHints":{"allow":["GET"]}}],"collection":[{"href":"https:\/\/nordicmart.andreevmaster.com\/fi\/wp-json\/wp\/v2\/product"}],"about":[{"href":"https:\/\/nordicmart.andreevmaster.com\/fi\/wp-json\/wp\/v2\/types\/product"}],"replies":[{"embeddable":true,"href":"https:\/\/nordicmart.andreevmaster.com\/fi\/wp-json\/wp\/v2\/comments?post=38171"}],"wp:featuredmedia":[{"embeddable":true,"href":"https:\/\/nordicmart.andreevmaster.com\/fi\/wp-json\/wp\/v2\/media\/45990"}],"wp:attachment":[{"href":"https:\/\/nordicmart.andreevmaster.com\/fi\/wp-json\/wp\/v2\/media?parent=38171"}],"wp:term":[{"taxonomy":"product_brand","embeddable":true,"href":"https:\/\/nordicmart.andreevmaster.com\/fi\/wp-json\/wp\/v2\/product_brand?post=38171"},{"taxonomy":"product_cat","embeddable":true,"href":"https:\/\/nordicmart.andreevmaster.com\/fi\/wp-json\/wp\/v2\/product_cat?post=38171"},{"taxonomy":"product_tag","embeddable":true,"href":"https:\/\/nordicmart.andreevmaster.com\/fi\/wp-json\/wp\/v2\/product_tag?post=38171"}],"curies":[{"name":"wp","href":"https:\/\/api.w.org\/{rel}","templated":true}]}}