{"id":38170,"date":"2026-02-27T00:42:42","date_gmt":"2026-02-27T00:42:42","guid":{"rendered":"https:\/\/nordicmart.andreevmaster.com\/product\/vasagle-metallinen-sangynrunko\/"},"modified":"2026-02-27T09:58:33","modified_gmt":"2026-02-27T09:58:33","slug":"vasagle-metallinen-sangynrunko","status":"publish","type":"product","link":"https:\/\/nordicmart.andreevmaster.com\/fi\/tuote\/vasagle-metallinen-sangynrunko\/","title":{"rendered":"VASAGLE Metallinen s\u00e4ngynrunko"},"content":{"rendered":"<p>Lopeta unettomuus \u2013 suloiset unet odottavat: Ero unettoman y\u00f6n ja suloisten unien y\u00f6n v\u00e4lill\u00e4 on usein s\u00e4ngynrungossa ja patjassa, jotka kantavat sinua koko y\u00f6n. Kuten s\u00e4ngyn tekee, niin makaa!  T\u00e4m\u00e4n VASAGLE-metallisen s\u00e4ngynrungon kohokohdat: &#8211; K\u00e4yt\u00e4nn\u00f6llinen: Ei tarvita joustinpatjaa; t\u00e4m\u00e4 s\u00e4ngynrunko tukee patjaasi suoraan. &#8211; Helppo asentaa: Asennukseen ei tarvita ylim\u00e4\u00e4r\u00e4isi\u00e4 ty\u00f6kaluja, kaikki tarvittava sis\u00e4ltyy pakkaukseen! &#8211; Vakaa ja kest\u00e4v\u00e4: 9 metallijalkaa, kest\u00e4v\u00e4 metallirunko ja metalliset tukipalkit varmistavat, ett\u00e4 voit nukkua turvallisesti koko y\u00f6n. &#8211; Patja ei painu: tukipalkkien v\u00e4linen et\u00e4isyys on sopiva. \u00c4l\u00e4 huoli, ett\u00e4 patja painuu liian suuren et\u00e4isyyden vuoksi, mik\u00e4 pident\u00e4\u00e4 patjan k\u00e4ytt\u00f6ik\u00e4\u00e4. &#8211; Vieh\u00e4tt\u00e4v\u00e4 charmi: tyylik\u00e4s musta pinta ja yksinkertainen muotoilu antavat huoneellesi ainutlaatuisen charmin. Tuotetiedot: &#8211; V\u00e4ri: musta &#8211; Materiaali: jauhemaalattu metalli &#8211; Koko: 198 x 142 x 92,5 cm (P x L x K) &#8211; Paino: 20,3 kg &#8211; Maks. staattinen kantavuus: 240 kg Toimitus sis\u00e4lt\u00e4\u00e4: &#8211; 1 x s\u00e4ngynrunko &#8211; 1 x lis\u00e4varustepaketti &#8211; 1 x ohjeet VASAGLE Huomautukset:- Lapset eiv\u00e4t saa ty\u00f6nt\u00e4\u00e4 p\u00e4\u00e4t\u00e4\u00e4n metalliputkien v\u00e4liin. &#8211; Varmista, ett\u00e4 kaikki osat ja ruuvit ovat tiukasti kiinni ennen k\u00e4ytt\u00f6\u00e4. &#8211; Patja ei sis\u00e4lly toimitukseen.<\/p>\n","protected":false},"excerpt":{"rendered":"<p>VASAGLE Metallinen s\u00e4ngynrunko, parivuode, s\u00e4ngynrunko, sopii 140 cm x 190 cm patjalle, vierass\u00e4nky, aikuisille, helppo asentaa, musta RMB073B01<\/p>\n","protected":false},"featured_media":45989,"comment_status":"open","ping_status":"closed","template":"","meta":[],"product_brand":[],"product_cat":[32],"product_tag":[],"class_list":{"0":"post-38170","1":"product","2":"type-product","3":"status-publish","4":"has-post-thumbnail","6":"product_cat-uncategorized-fi","8":"first","9":"instock","10":"shipping-taxable","11":"purchasable","12":"product-type-simple"},"_links":{"self":[{"href":"https:\/\/nordicmart.andreevmaster.com\/fi\/wp-json\/wp\/v2\/product\/38170","targetHints":{"allow":["GET"]}}],"collection":[{"href":"https:\/\/nordicmart.andreevmaster.com\/fi\/wp-json\/wp\/v2\/product"}],"about":[{"href":"https:\/\/nordicmart.andreevmaster.com\/fi\/wp-json\/wp\/v2\/types\/product"}],"replies":[{"embeddable":true,"href":"https:\/\/nordicmart.andreevmaster.com\/fi\/wp-json\/wp\/v2\/comments?post=38170"}],"wp:featuredmedia":[{"embeddable":true,"href":"https:\/\/nordicmart.andreevmaster.com\/fi\/wp-json\/wp\/v2\/media\/45989"}],"wp:attachment":[{"href":"https:\/\/nordicmart.andreevmaster.com\/fi\/wp-json\/wp\/v2\/media?parent=38170"}],"wp:term":[{"taxonomy":"product_brand","embeddable":true,"href":"https:\/\/nordicmart.andreevmaster.com\/fi\/wp-json\/wp\/v2\/product_brand?post=38170"},{"taxonomy":"product_cat","embeddable":true,"href":"https:\/\/nordicmart.andreevmaster.com\/fi\/wp-json\/wp\/v2\/product_cat?post=38170"},{"taxonomy":"product_tag","embeddable":true,"href":"https:\/\/nordicmart.andreevmaster.com\/fi\/wp-json\/wp\/v2\/product_tag?post=38170"}],"curies":[{"name":"wp","href":"https:\/\/api.w.org\/{rel}","templated":true}]}}