{"id":38168,"date":"2026-02-27T00:42:41","date_gmt":"2026-02-27T00:42:41","guid":{"rendered":"https:\/\/nordicmart.andreevmaster.com\/product\/vasagle-metallinen-yhden-hengen-sangynrunko-musta\/"},"modified":"2026-02-27T09:58:33","modified_gmt":"2026-02-27T09:58:33","slug":"vasagle-metallinen-yhden-hengen-sangynrunko-musta","status":"publish","type":"product","link":"https:\/\/nordicmart.andreevmaster.com\/fi\/tuote\/vasagle-metallinen-yhden-hengen-sangynrunko-musta\/","title":{"rendered":"VASAGLE metallinen yhden hengen s\u00e4ngynrunko, musta"},"content":{"rendered":"<p>VASAGLE Yhden hengen s\u00e4ngynrunko, s\u00e4ngynrunko, metallinen s\u00e4ngynrunko, sopii 90 x 190 cm:n patjalle, vierass\u00e4nky, aikuisille, lapsille, helppo asentaa, pieniin tiloihin, valkoinen RMB061W01<br \/>\nV\u00e4ri: musta<br \/>\nMateriaali: jauhemaalattu metalli<br \/>\nKoko: 207,6 x 161,8 x 86 cm (P x L x K)<br \/>\nPaino: 23,5 kg<br \/>\nMaks. staattinen kantavuus: 400 kg<\/p>\n","protected":false},"excerpt":{"rendered":"<p>VASAGLE Yhden hengen s\u00e4ngynrunko, s\u00e4ngynrunko, metallinen s\u00e4ngynrunko, sopii 90 x 190 cm:n patjalle, vierass\u00e4nky, aikuisille, lapsille, helppo asentaa, pieniin tiloihin, valkoinen RMB061W01<\/p>\n","protected":false},"featured_media":45987,"comment_status":"open","ping_status":"closed","template":"","meta":[],"product_brand":[],"product_cat":[32],"product_tag":[],"class_list":{"0":"post-38168","1":"product","2":"type-product","3":"status-publish","4":"has-post-thumbnail","6":"product_cat-uncategorized-fi","8":"first","9":"instock","10":"shipping-taxable","11":"purchasable","12":"product-type-simple"},"_links":{"self":[{"href":"https:\/\/nordicmart.andreevmaster.com\/fi\/wp-json\/wp\/v2\/product\/38168","targetHints":{"allow":["GET"]}}],"collection":[{"href":"https:\/\/nordicmart.andreevmaster.com\/fi\/wp-json\/wp\/v2\/product"}],"about":[{"href":"https:\/\/nordicmart.andreevmaster.com\/fi\/wp-json\/wp\/v2\/types\/product"}],"replies":[{"embeddable":true,"href":"https:\/\/nordicmart.andreevmaster.com\/fi\/wp-json\/wp\/v2\/comments?post=38168"}],"wp:featuredmedia":[{"embeddable":true,"href":"https:\/\/nordicmart.andreevmaster.com\/fi\/wp-json\/wp\/v2\/media\/45987"}],"wp:attachment":[{"href":"https:\/\/nordicmart.andreevmaster.com\/fi\/wp-json\/wp\/v2\/media?parent=38168"}],"wp:term":[{"taxonomy":"product_brand","embeddable":true,"href":"https:\/\/nordicmart.andreevmaster.com\/fi\/wp-json\/wp\/v2\/product_brand?post=38168"},{"taxonomy":"product_cat","embeddable":true,"href":"https:\/\/nordicmart.andreevmaster.com\/fi\/wp-json\/wp\/v2\/product_cat?post=38168"},{"taxonomy":"product_tag","embeddable":true,"href":"https:\/\/nordicmart.andreevmaster.com\/fi\/wp-json\/wp\/v2\/product_tag?post=38168"}],"curies":[{"name":"wp","href":"https:\/\/api.w.org\/{rel}","templated":true}]}}