{"id":38167,"date":"2026-02-27T00:42:41","date_gmt":"2026-02-27T00:42:41","guid":{"rendered":"https:\/\/nordicmart.andreevmaster.com\/product\/vasagle-sanky-140-x-200-cm-metallia-musta\/"},"modified":"2026-02-27T09:58:33","modified_gmt":"2026-02-27T09:58:33","slug":"vasagle-sanky-140-x-200-cm-metallia-musta","status":"publish","type":"product","link":"https:\/\/nordicmart.andreevmaster.com\/fi\/tuote\/vasagle-sanky-140-x-200-cm-metallia-musta\/","title":{"rendered":"VASAGLE s\u00e4nky 140 x 200 cm, metallia, musta"},"content":{"rendered":"<p>VASAGLE Yhden hengen s\u00e4ngynrunko, s\u00e4ngynrunko, metallinen s\u00e4ngynrunko, sopii 90 x 190 cm:n patjalle, vierass\u00e4nky, aikuisille, lapsille, helppo asentaa, pieniin tiloihin, valkoinen RMB061W01<br \/>\nV\u00e4ri: musta<br \/>\nMateriaali: jauhemaalattu metalli<br \/>\nKoko: 208 x 141,8 x 86,4 cm (P x L x K)<br \/>\nPaino: 19,5 kg<br \/>\nMaks. staattinen kantavuus: 454 kg<\/p>\n","protected":false},"excerpt":{"rendered":"<p>VASAGLE Yhden hengen s\u00e4ngynrunko, s\u00e4ngynrunko, metallinen s\u00e4ngynrunko, sopii 90 x 190 cm:n patjalle, vierass\u00e4nky, aikuisille, lapsille, helppo asentaa, pieniin tiloihin, valkoinen RMB061W01<\/p>\n","protected":false},"featured_media":45986,"comment_status":"open","ping_status":"closed","template":"","meta":[],"product_brand":[],"product_cat":[32],"product_tag":[],"class_list":{"0":"post-38167","1":"product","2":"type-product","3":"status-publish","4":"has-post-thumbnail","6":"product_cat-uncategorized-fi","8":"first","9":"instock","10":"shipping-taxable","11":"purchasable","12":"product-type-simple"},"_links":{"self":[{"href":"https:\/\/nordicmart.andreevmaster.com\/fi\/wp-json\/wp\/v2\/product\/38167","targetHints":{"allow":["GET"]}}],"collection":[{"href":"https:\/\/nordicmart.andreevmaster.com\/fi\/wp-json\/wp\/v2\/product"}],"about":[{"href":"https:\/\/nordicmart.andreevmaster.com\/fi\/wp-json\/wp\/v2\/types\/product"}],"replies":[{"embeddable":true,"href":"https:\/\/nordicmart.andreevmaster.com\/fi\/wp-json\/wp\/v2\/comments?post=38167"}],"wp:featuredmedia":[{"embeddable":true,"href":"https:\/\/nordicmart.andreevmaster.com\/fi\/wp-json\/wp\/v2\/media\/45986"}],"wp:attachment":[{"href":"https:\/\/nordicmart.andreevmaster.com\/fi\/wp-json\/wp\/v2\/media?parent=38167"}],"wp:term":[{"taxonomy":"product_brand","embeddable":true,"href":"https:\/\/nordicmart.andreevmaster.com\/fi\/wp-json\/wp\/v2\/product_brand?post=38167"},{"taxonomy":"product_cat","embeddable":true,"href":"https:\/\/nordicmart.andreevmaster.com\/fi\/wp-json\/wp\/v2\/product_cat?post=38167"},{"taxonomy":"product_tag","embeddable":true,"href":"https:\/\/nordicmart.andreevmaster.com\/fi\/wp-json\/wp\/v2\/product_tag?post=38167"}],"curies":[{"name":"wp","href":"https:\/\/api.w.org\/{rel}","templated":true}]}}