{"id":38165,"date":"2026-02-27T00:42:41","date_gmt":"2026-02-27T00:42:41","guid":{"rendered":"https:\/\/nordicmart.andreevmaster.com\/product\/vasagle-metallinen-parivuode\/"},"modified":"2026-02-27T09:58:32","modified_gmt":"2026-02-27T09:58:32","slug":"vasagle-metallinen-parivuode","status":"publish","type":"product","link":"https:\/\/nordicmart.andreevmaster.com\/fi\/tuote\/vasagle-metallinen-parivuode\/","title":{"rendered":"VASAGLE metallinen parivuode"},"content":{"rendered":"<p>Kest\u00e4v\u00e4t materiaalitVankka, kest\u00e4v\u00e4 ja jauhemaalattu metallirunko antaa s\u00e4ngylle hyv\u00e4n vakauden ja kest\u00e4\u00e4 jopa 225 kg:n painon.Vieh\u00e4tt\u00e4v\u00e4 ulkon\u00e4k\u00f6Hienostunut mattapinta, selke\u00e4t linjat ja kaareva kuvio sopivat t\u00e4ydellisesti sisustustyyliisi ja tuovat huoneeseen ripauksen glamouria.Helppo kootaHelppotajuisen ohjeen ja selke\u00e4sti merkittyjen osien ansiosta voit koota t\u00e4m\u00e4n s\u00e4ngynrungon hetkess\u00e4. Mukana liukuestepalatMukana toimitetut jalkapalat lis\u00e4\u00e4v\u00e4t vakautta ja suojaavat samalla lattiaasi naarmuilta.Tuotetiedot:- V\u00e4ri: musta &#8211; Materiaali: jauhemaalattu metalli &#8211; Koko: 198 x 141,8 x 86,4 cm (P x L x K) &#8211; Paino: 19,8 kg &#8211; Maks. staattinen kantavuus: 225 kg VASAGLE Huomautukset:- Lapset eiv\u00e4t saa ty\u00f6nt\u00e4\u00e4 p\u00e4\u00e4t\u00e4\u00e4n metalliputkien v\u00e4liin. &#8211; Varmista, ett\u00e4 kaikki osat ja ruuvit ovat tiukasti kiinni ennen k\u00e4ytt\u00f6\u00e4. &#8211; Patja ei sis\u00e4lly toimitukseen.<\/p>\n","protected":false},"excerpt":{"rendered":"<p>VASAGLE parivuode, s\u00e4ngynrunko, metallinen s\u00e4ngynrunko, sopii 140 x 190 cm:n patjalle, vierasvuode, aikuisille, lapsille, helppo asentaa, pieniin tiloihin, valkoinen RMB063W01<\/p>\n","protected":false},"featured_media":45984,"comment_status":"open","ping_status":"closed","template":"","meta":[],"product_brand":[],"product_cat":[32],"product_tag":[],"class_list":{"0":"post-38165","1":"product","2":"type-product","3":"status-publish","4":"has-post-thumbnail","6":"product_cat-uncategorized-fi","8":"first","9":"instock","10":"shipping-taxable","11":"purchasable","12":"product-type-simple"},"_links":{"self":[{"href":"https:\/\/nordicmart.andreevmaster.com\/fi\/wp-json\/wp\/v2\/product\/38165","targetHints":{"allow":["GET"]}}],"collection":[{"href":"https:\/\/nordicmart.andreevmaster.com\/fi\/wp-json\/wp\/v2\/product"}],"about":[{"href":"https:\/\/nordicmart.andreevmaster.com\/fi\/wp-json\/wp\/v2\/types\/product"}],"replies":[{"embeddable":true,"href":"https:\/\/nordicmart.andreevmaster.com\/fi\/wp-json\/wp\/v2\/comments?post=38165"}],"wp:featuredmedia":[{"embeddable":true,"href":"https:\/\/nordicmart.andreevmaster.com\/fi\/wp-json\/wp\/v2\/media\/45984"}],"wp:attachment":[{"href":"https:\/\/nordicmart.andreevmaster.com\/fi\/wp-json\/wp\/v2\/media?parent=38165"}],"wp:term":[{"taxonomy":"product_brand","embeddable":true,"href":"https:\/\/nordicmart.andreevmaster.com\/fi\/wp-json\/wp\/v2\/product_brand?post=38165"},{"taxonomy":"product_cat","embeddable":true,"href":"https:\/\/nordicmart.andreevmaster.com\/fi\/wp-json\/wp\/v2\/product_cat?post=38165"},{"taxonomy":"product_tag","embeddable":true,"href":"https:\/\/nordicmart.andreevmaster.com\/fi\/wp-json\/wp\/v2\/product_tag?post=38165"}],"curies":[{"name":"wp","href":"https:\/\/api.w.org\/{rel}","templated":true}]}}