{"id":38162,"date":"2026-02-27T00:42:40","date_gmt":"2026-02-27T00:42:40","guid":{"rendered":"https:\/\/nordicmart.andreevmaster.com\/product\/vasagle-metallinen-yhden-hengen-sangynrunko-valkoinen\/"},"modified":"2026-02-27T09:58:32","modified_gmt":"2026-02-27T09:58:32","slug":"vasagle-metallinen-yhden-hengen-sangynrunko-valkoinen","status":"publish","type":"product","link":"https:\/\/nordicmart.andreevmaster.com\/fi\/tuote\/vasagle-metallinen-yhden-hengen-sangynrunko-valkoinen\/","title":{"rendered":"VASAGLE metallinen yhden hengen s\u00e4ngynrunko, valkoinen"},"content":{"rendered":"<p>Lopeta unettomuus \u2013 suloiset unet odottavat: Ero unettoman y\u00f6n ja suloisten unien y\u00f6n v\u00e4lill\u00e4 on usein s\u00e4ngyn runko ja patja, jotka kantavat sinua koko y\u00f6n. Kuten s\u00e4ngyn tekee, niin makaa! T\u00e4m\u00e4n VASAGLE-metallisen s\u00e4ngynrungon kohokohdat: &#8211; Ei tarvita joustinpatjaa; t\u00e4m\u00e4 s\u00e4ngynrunko tukee patjaasi suoraan. &#8211; Asennukseen ei tarvita ty\u00f6kaluja, kaikki tarvittava sis\u00e4ltyy pakkaukseen! &#8211; Kest\u00e4v\u00e4 metallirunko, 11 metallista poikkipalkkia ja 6 metallijalkaa varmistavat, ett\u00e4 voit nukkua turvallisesti koko y\u00f6n. &#8211; Vieh\u00e4tt\u00e4v\u00e4 valkoinen pinta ja yksinkertainen muotoilu tuovat huoneeseesi modernia charmia. Tuotetiedot: &#8211; V\u00e4ri: valkoinen &#8211; Materiaali: jauhemaalattu metalli &#8211; Koko: 198 x 91,8 x 86,4 cm (P x L x K) &#8211; Paino: 14,2 kg &#8211; Maks. staattinen kantavuus: 250 kg Toimitus sis\u00e4lt\u00e4\u00e4:- 1 x s\u00e4ngynrunko &#8211; 1 x lis\u00e4varustepaketti &#8211; 1 x ohjeet (DE, EN, ES, FR, IT) VASAGLE-ohjeet: &#8211; Lapset eiv\u00e4t saa ty\u00f6nt\u00e4\u00e4 p\u00e4\u00e4t\u00e4\u00e4n metalliputkien v\u00e4liin. &#8211; Varmista, ett\u00e4 kaikki osat ja ruuvit ovat tiukasti kiinni ennen k\u00e4ytt\u00f6\u00e4. &#8211; Patja ei sis\u00e4lly toimitukseen.<\/p>\n","protected":false},"excerpt":{"rendered":"<p>VASAGLE Yhden hengen s\u00e4ngynrunko, s\u00e4ngynrunko, metallinen s\u00e4ngynrunko, sopii 90 x 190 cm:n patjalle, vierass\u00e4nky, aikuisille, lapsille, helppo asentaa, pieniin tiloihin, valkoinen RMB061W01<\/p>\n","protected":false},"featured_media":45981,"comment_status":"open","ping_status":"closed","template":"","meta":[],"product_brand":[],"product_cat":[32],"product_tag":[],"class_list":{"0":"post-38162","1":"product","2":"type-product","3":"status-publish","4":"has-post-thumbnail","6":"product_cat-uncategorized-fi","8":"first","9":"instock","10":"shipping-taxable","11":"purchasable","12":"product-type-simple"},"_links":{"self":[{"href":"https:\/\/nordicmart.andreevmaster.com\/fi\/wp-json\/wp\/v2\/product\/38162","targetHints":{"allow":["GET"]}}],"collection":[{"href":"https:\/\/nordicmart.andreevmaster.com\/fi\/wp-json\/wp\/v2\/product"}],"about":[{"href":"https:\/\/nordicmart.andreevmaster.com\/fi\/wp-json\/wp\/v2\/types\/product"}],"replies":[{"embeddable":true,"href":"https:\/\/nordicmart.andreevmaster.com\/fi\/wp-json\/wp\/v2\/comments?post=38162"}],"wp:featuredmedia":[{"embeddable":true,"href":"https:\/\/nordicmart.andreevmaster.com\/fi\/wp-json\/wp\/v2\/media\/45981"}],"wp:attachment":[{"href":"https:\/\/nordicmart.andreevmaster.com\/fi\/wp-json\/wp\/v2\/media?parent=38162"}],"wp:term":[{"taxonomy":"product_brand","embeddable":true,"href":"https:\/\/nordicmart.andreevmaster.com\/fi\/wp-json\/wp\/v2\/product_brand?post=38162"},{"taxonomy":"product_cat","embeddable":true,"href":"https:\/\/nordicmart.andreevmaster.com\/fi\/wp-json\/wp\/v2\/product_cat?post=38162"},{"taxonomy":"product_tag","embeddable":true,"href":"https:\/\/nordicmart.andreevmaster.com\/fi\/wp-json\/wp\/v2\/product_tag?post=38162"}],"curies":[{"name":"wp","href":"https:\/\/api.w.org\/{rel}","templated":true}]}}