{"id":38159,"date":"2026-02-27T00:42:39","date_gmt":"2026-02-27T00:42:39","guid":{"rendered":"https:\/\/nordicmart.andreevmaster.com\/product\/songmics-pyykkikori-4-lokeroa-pyykkikori-pyorilla-ja-vaatetangolla-pyykkisortteri\/"},"modified":"2026-02-27T09:58:31","modified_gmt":"2026-02-27T09:58:31","slug":"songmics-pyykkikori-4-lokeroa-pyykkikori-pyorilla-ja-vaatetangolla-pyykkisortteri","status":"publish","type":"product","link":"https:\/\/nordicmart.andreevmaster.com\/fi\/tuote\/songmics-pyykkikori-4-lokeroa-pyykkikori-pyorilla-ja-vaatetangolla-pyykkisortteri\/","title":{"rendered":"SONGMICS pyykkikori 4 lokeroa, pyykkikori py\u00f6rill\u00e4 ja vaatetangolla, pyykkisortteri"},"content":{"rendered":"<p>SONGMICS pyykkikori 4 lokeroa, pyykkikori, vaateripustin rullilla, pyykkis\u00e4ilytys, pyykkik\u00e4rry, irrotettava pyykkipussi, kest\u00e4v\u00e4, jarrulliset py\u00f6r\u00e4t, 4 x 50 litraa, musta RLS44B<br \/>\nTekniset tiedot:<br \/>\n&#8211; Kokonaismitat: 108 x 44 x 172 cm (P x L x K)<br \/>\n&#8211; Kunkin s\u00e4kin mitat: 40 x 23,5 x 53\/64 cm (P x L x K)<br \/>\n&#8211; Paino: 6,9 kg<br \/>\n&#8211; Maks. staattinen kokonaiskantavuus: 40 kg<br \/>\n&#8211; Kunkin s\u00e4kin maks. staattinen kantavuus: 5 kg<br \/>\n&#8211; Tangon suurin staattinen kantavuus: 20 kg<br \/>\n&#8211; Materiaali: jauhemaalatut ter\u00e4sputket, 600D polyesterikangas, muoviset rullat<br \/>\n&#8211; V\u00e4ri: musta<\/p>\n","protected":false},"excerpt":{"rendered":"<p>SONGMICS pyykkikori 4 lokeroa, pyykkikori, vaateripustin rullilla, pyykkis\u00e4ilytys, pyykkik\u00e4rry, irrotettava pyykkipussi, kest\u00e4v\u00e4, jarrulliset py\u00f6r\u00e4t, 4 x 50 litraa, musta RLS44B<\/p>\n","protected":false},"featured_media":45978,"comment_status":"open","ping_status":"closed","template":"","meta":[],"product_brand":[],"product_cat":[32],"product_tag":[],"class_list":{"0":"post-38159","1":"product","2":"type-product","3":"status-publish","4":"has-post-thumbnail","6":"product_cat-uncategorized-fi","8":"first","9":"instock","10":"shipping-taxable","11":"purchasable","12":"product-type-simple"},"_links":{"self":[{"href":"https:\/\/nordicmart.andreevmaster.com\/fi\/wp-json\/wp\/v2\/product\/38159","targetHints":{"allow":["GET"]}}],"collection":[{"href":"https:\/\/nordicmart.andreevmaster.com\/fi\/wp-json\/wp\/v2\/product"}],"about":[{"href":"https:\/\/nordicmart.andreevmaster.com\/fi\/wp-json\/wp\/v2\/types\/product"}],"replies":[{"embeddable":true,"href":"https:\/\/nordicmart.andreevmaster.com\/fi\/wp-json\/wp\/v2\/comments?post=38159"}],"wp:featuredmedia":[{"embeddable":true,"href":"https:\/\/nordicmart.andreevmaster.com\/fi\/wp-json\/wp\/v2\/media\/45978"}],"wp:attachment":[{"href":"https:\/\/nordicmart.andreevmaster.com\/fi\/wp-json\/wp\/v2\/media?parent=38159"}],"wp:term":[{"taxonomy":"product_brand","embeddable":true,"href":"https:\/\/nordicmart.andreevmaster.com\/fi\/wp-json\/wp\/v2\/product_brand?post=38159"},{"taxonomy":"product_cat","embeddable":true,"href":"https:\/\/nordicmart.andreevmaster.com\/fi\/wp-json\/wp\/v2\/product_cat?post=38159"},{"taxonomy":"product_tag","embeddable":true,"href":"https:\/\/nordicmart.andreevmaster.com\/fi\/wp-json\/wp\/v2\/product_tag?post=38159"}],"curies":[{"name":"wp","href":"https:\/\/api.w.org\/{rel}","templated":true}]}}