{"id":38156,"date":"2026-02-27T00:42:38","date_gmt":"2026-02-27T00:42:38","guid":{"rendered":"https:\/\/nordicmart.andreevmaster.com\/product\/vasagle-pyykkikori-pyykkisailytyslaatikko-pyorilla-150-l\/"},"modified":"2026-02-27T09:58:30","modified_gmt":"2026-02-27T09:58:30","slug":"vasagle-pyykkikori-pyykkisailytyslaatikko-pyorilla-150-l","status":"publish","type":"product","link":"https:\/\/nordicmart.andreevmaster.com\/fi\/tuote\/vasagle-pyykkikori-pyykkisailytyslaatikko-pyorilla-150-l\/","title":{"rendered":"VASAGLE pyykkikori, pyykkis\u00e4ilytyslaatikko py\u00f6rill\u00e4, 150 l"},"content":{"rendered":"<p>VASAGLE pyykkis\u00e4ilytyslaatikko, py\u00f6rill\u00e4 varustettu pyykkis\u00e4ilytyslaatikko, 150 l, pyykkikorit, siirrett\u00e4v\u00e4 pyykkik\u00e4rry s\u00e4ilytystilalla, 4 irrotettavaa taskua, 6 etiketti\u00e4, musta-kastanjanruskea RLS100B01<br \/>\nTekniset tiedot:<br \/>\n&#8211; Mitat: 72,4 x 33 x 109,1 cm (P x L x K)<br \/>\n&#8211; Paino: 8,1 kg<br \/>\n&#8211; Yl\u00e4hyllyn suurin staattinen kantavuus: 15 kg<br \/>\n&#8211; Pienimpien korejen suurin staattinen kantavuus: 4 kg<br \/>\n&#8211; Suurin staattinen kantavuus jokaisessa suuressa korissa: 8 kg<br \/>\n&#8211; Maks. staattinen kantavuus yhteens\u00e4: 39 kg<br \/>\n&#8211; Materiaali: ter\u00e4s, Oxford-kangas, puulevy<br \/>\n&#8211; V\u00e4ri: musta-ruskea<\/p>\n","protected":false},"excerpt":{"rendered":"<p>VASAGLE pyykkis\u00e4ilytyslaatikko, py\u00f6rill\u00e4 varustettu pyykkis\u00e4ilytyslaatikko, 150 l, pyykkikorit, siirrett\u00e4v\u00e4 pyykkik\u00e4rry s\u00e4ilytystilalla, 4 irrotettavaa taskua, 6 etiketti\u00e4, musta-kastanjanruskea RLS100B01<\/p>\n","protected":false},"featured_media":45975,"comment_status":"open","ping_status":"closed","template":"","meta":[],"product_brand":[],"product_cat":[32],"product_tag":[],"class_list":{"0":"post-38156","1":"product","2":"type-product","3":"status-publish","4":"has-post-thumbnail","6":"product_cat-uncategorized-fi","8":"first","9":"instock","10":"shipping-taxable","11":"purchasable","12":"product-type-simple"},"_links":{"self":[{"href":"https:\/\/nordicmart.andreevmaster.com\/fi\/wp-json\/wp\/v2\/product\/38156","targetHints":{"allow":["GET"]}}],"collection":[{"href":"https:\/\/nordicmart.andreevmaster.com\/fi\/wp-json\/wp\/v2\/product"}],"about":[{"href":"https:\/\/nordicmart.andreevmaster.com\/fi\/wp-json\/wp\/v2\/types\/product"}],"replies":[{"embeddable":true,"href":"https:\/\/nordicmart.andreevmaster.com\/fi\/wp-json\/wp\/v2\/comments?post=38156"}],"wp:featuredmedia":[{"embeddable":true,"href":"https:\/\/nordicmart.andreevmaster.com\/fi\/wp-json\/wp\/v2\/media\/45975"}],"wp:attachment":[{"href":"https:\/\/nordicmart.andreevmaster.com\/fi\/wp-json\/wp\/v2\/media?parent=38156"}],"wp:term":[{"taxonomy":"product_brand","embeddable":true,"href":"https:\/\/nordicmart.andreevmaster.com\/fi\/wp-json\/wp\/v2\/product_brand?post=38156"},{"taxonomy":"product_cat","embeddable":true,"href":"https:\/\/nordicmart.andreevmaster.com\/fi\/wp-json\/wp\/v2\/product_cat?post=38156"},{"taxonomy":"product_tag","embeddable":true,"href":"https:\/\/nordicmart.andreevmaster.com\/fi\/wp-json\/wp\/v2\/product_tag?post=38156"}],"curies":[{"name":"wp","href":"https:\/\/api.w.org\/{rel}","templated":true}]}}