{"id":38152,"date":"2026-02-27T00:42:37","date_gmt":"2026-02-27T00:42:37","guid":{"rendered":"https:\/\/nordicmart.andreevmaster.com\/product\/songmics-pyykkikori-pyorilla-pyykkikori-2-lokeroa-pyykkikarry\/"},"modified":"2026-02-27T09:58:29","modified_gmt":"2026-02-27T09:58:29","slug":"songmics-pyykkikori-pyorilla-pyykkikori-2-lokeroa-pyykkikarry","status":"publish","type":"product","link":"https:\/\/nordicmart.andreevmaster.com\/fi\/tuote\/songmics-pyykkikori-pyorilla-pyykkikori-2-lokeroa-pyykkikarry\/","title":{"rendered":"SONGMICS pyykkikori py\u00f6rill\u00e4, pyykkikori 2 lokeroa, pyykkik\u00e4rry"},"content":{"rendered":"<p>SONGMICS pyykkikori, 90 litraa, pyykkikori rullilla, pyykkik\u00e4rry, irrotettava pyykkipussi, ter\u00e4srunko, kahva, tilava<br \/>\nTekniset tiedot:<br \/>\n&#8211; Mitat: 69 x 29 x 81 cm (P x L x K)<br \/>\n&#8211; Paino: 4,3 kg<br \/>\n&#8211; Maks. staattinen kantavuus: 10 kg<br \/>\n&#8211; Materiaali: ter\u00e4sputket, 600D Oxford-kangas<br \/>\n&#8211; V\u00e4ri: musta<\/p>\n","protected":false},"excerpt":{"rendered":"<p>SONGMICS pyykkikori, 90 litraa, pyykkikori rullilla, pyykkik\u00e4rry, irrotettava pyykkipussi, ter\u00e4srunko, kahva, tilava<\/p>\n","protected":false},"featured_media":45973,"comment_status":"open","ping_status":"closed","template":"","meta":[],"product_brand":[],"product_cat":[32],"product_tag":[],"class_list":{"0":"post-38152","1":"product","2":"type-product","3":"status-publish","4":"has-post-thumbnail","6":"product_cat-uncategorized-fi","8":"first","9":"instock","10":"shipping-taxable","11":"purchasable","12":"product-type-simple"},"_links":{"self":[{"href":"https:\/\/nordicmart.andreevmaster.com\/fi\/wp-json\/wp\/v2\/product\/38152","targetHints":{"allow":["GET"]}}],"collection":[{"href":"https:\/\/nordicmart.andreevmaster.com\/fi\/wp-json\/wp\/v2\/product"}],"about":[{"href":"https:\/\/nordicmart.andreevmaster.com\/fi\/wp-json\/wp\/v2\/types\/product"}],"replies":[{"embeddable":true,"href":"https:\/\/nordicmart.andreevmaster.com\/fi\/wp-json\/wp\/v2\/comments?post=38152"}],"wp:featuredmedia":[{"embeddable":true,"href":"https:\/\/nordicmart.andreevmaster.com\/fi\/wp-json\/wp\/v2\/media\/45973"}],"wp:attachment":[{"href":"https:\/\/nordicmart.andreevmaster.com\/fi\/wp-json\/wp\/v2\/media?parent=38152"}],"wp:term":[{"taxonomy":"product_brand","embeddable":true,"href":"https:\/\/nordicmart.andreevmaster.com\/fi\/wp-json\/wp\/v2\/product_brand?post=38152"},{"taxonomy":"product_cat","embeddable":true,"href":"https:\/\/nordicmart.andreevmaster.com\/fi\/wp-json\/wp\/v2\/product_cat?post=38152"},{"taxonomy":"product_tag","embeddable":true,"href":"https:\/\/nordicmart.andreevmaster.com\/fi\/wp-json\/wp\/v2\/product_tag?post=38152"}],"curies":[{"name":"wp","href":"https:\/\/api.w.org\/{rel}","templated":true}]}}