{"id":38148,"date":"2026-02-27T00:42:36","date_gmt":"2026-02-27T00:42:36","guid":{"rendered":"https:\/\/nordicmart.andreevmaster.com\/product\/songmics-pyykkikori-170-l-pyorilla-ja-3-lokerolla-musta\/"},"modified":"2026-02-27T09:58:29","modified_gmt":"2026-02-27T09:58:29","slug":"songmics-pyykkikori-170-l-pyorilla-ja-3-lokerolla-musta","status":"publish","type":"product","link":"https:\/\/nordicmart.andreevmaster.com\/fi\/tuote\/songmics-pyykkikori-170-l-pyorilla-ja-3-lokerolla-musta\/","title":{"rendered":"SONGMICS pyykkikori 170 l, py\u00f6rill\u00e4 ja 3 lokerolla, musta"},"content":{"rendered":"<p>SONGMICS pyykkikori py\u00f6rill\u00e4, pyykkikori 2 lokeroa, 140 l pyykkis\u00e4ilytys, siirrett\u00e4v\u00e4 pyykkik\u00e4rry, 5 etiketti\u00e4, pesutupa, makuuhuone, kylpyhuone, musta RLS210B01<br \/>\nV\u00e4ri: musta<br \/>\nMateriaali: ter\u00e4s, Oxford-kangas, PU-keinonahka<br \/>\nKoko: 69 x 40 x 91 cm (P x L x K)<br \/>\nPaino: 3,3 kg<br \/>\nKunkin lokeron maks. staattinen kantavuus: 5 kg<br \/>\nMaks. staattinen kokonaiskuormitus: 15 kg<\/p>\n","protected":false},"excerpt":{"rendered":"<p>SONGMICS pyykkikori py\u00f6rill\u00e4, pyykkikori 2 lokeroa, 140 l pyykkis\u00e4ilytys, siirrett\u00e4v\u00e4 pyykkik\u00e4rry, 5 etiketti\u00e4, pesutupa, makuuhuone, kylpyhuone, musta RLS210B01<\/p>\n","protected":false},"featured_media":45969,"comment_status":"open","ping_status":"closed","template":"","meta":[],"product_brand":[],"product_cat":[32],"product_tag":[],"class_list":{"0":"post-38148","1":"product","2":"type-product","3":"status-publish","4":"has-post-thumbnail","6":"product_cat-uncategorized-fi","8":"first","9":"instock","10":"shipping-taxable","11":"purchasable","12":"product-type-simple"},"_links":{"self":[{"href":"https:\/\/nordicmart.andreevmaster.com\/fi\/wp-json\/wp\/v2\/product\/38148","targetHints":{"allow":["GET"]}}],"collection":[{"href":"https:\/\/nordicmart.andreevmaster.com\/fi\/wp-json\/wp\/v2\/product"}],"about":[{"href":"https:\/\/nordicmart.andreevmaster.com\/fi\/wp-json\/wp\/v2\/types\/product"}],"replies":[{"embeddable":true,"href":"https:\/\/nordicmart.andreevmaster.com\/fi\/wp-json\/wp\/v2\/comments?post=38148"}],"wp:featuredmedia":[{"embeddable":true,"href":"https:\/\/nordicmart.andreevmaster.com\/fi\/wp-json\/wp\/v2\/media\/45969"}],"wp:attachment":[{"href":"https:\/\/nordicmart.andreevmaster.com\/fi\/wp-json\/wp\/v2\/media?parent=38148"}],"wp:term":[{"taxonomy":"product_brand","embeddable":true,"href":"https:\/\/nordicmart.andreevmaster.com\/fi\/wp-json\/wp\/v2\/product_brand?post=38148"},{"taxonomy":"product_cat","embeddable":true,"href":"https:\/\/nordicmart.andreevmaster.com\/fi\/wp-json\/wp\/v2\/product_cat?post=38148"},{"taxonomy":"product_tag","embeddable":true,"href":"https:\/\/nordicmart.andreevmaster.com\/fi\/wp-json\/wp\/v2\/product_tag?post=38148"}],"curies":[{"name":"wp","href":"https:\/\/api.w.org\/{rel}","templated":true}]}}