{"id":38145,"date":"2026-02-27T00:42:35","date_gmt":"2026-02-27T00:42:35","guid":{"rendered":"https:\/\/nordicmart.andreevmaster.com\/product\/songmics-pyykkikori-pyorilla-4-x-45-l-musta\/"},"modified":"2026-02-27T09:58:28","modified_gmt":"2026-02-27T09:58:28","slug":"songmics-pyykkikori-pyorilla-4-x-45-l-musta","status":"publish","type":"product","link":"https:\/\/nordicmart.andreevmaster.com\/fi\/tuote\/songmics-pyykkikori-pyorilla-4-x-45-l-musta\/","title":{"rendered":"SONGMICS pyykkikori py\u00f6rill\u00e4 4 x 45 l musta"},"content":{"rendered":"<p>SONGMICS pyykkikori, pyykkikori 4 irrotettavalla kangaspussilla, pyykkikori py\u00f6rill\u00e4, pyykkis\u00e4ilytys, vakaa, 4 x 35 litraa, musta LSF005<br \/>\nV\u00e4ri: musta<br \/>\nMateriaali: jauhemaalattu ter\u00e4sputki, 600D polyesterikangaskassi, nailonrulla<br \/>\nKoko: 105 x 38,5 x 67\/81 cm (P x L x K)<br \/>\nYksitt\u00e4isten pyykkipussien koko: 34 x 24 x 47,5\/59,5 cm (P x L x K)<br \/>\nPaino: 4,6 kg<br \/>\nMaks. staattinen kokonaiskuormitus: 40 kg<br \/>\nSuurin staattinen kantavuus per pussi: 10 kg<\/p>\n","protected":false},"excerpt":{"rendered":"<p>SONGMICS pyykkikori, pyykkikori 4 irrotettavalla kangaspussilla, pyykkikori py\u00f6rill\u00e4, pyykkis\u00e4ilytys, vakaa, 4 x 35 litraa, musta LSF005<\/p>\n","protected":false},"featured_media":0,"comment_status":"open","ping_status":"closed","template":"","meta":[],"product_brand":[],"product_cat":[32],"product_tag":[],"class_list":{"0":"post-38145","1":"product","2":"type-product","3":"status-publish","5":"product_cat-uncategorized-fi","7":"first","8":"instock","9":"shipping-taxable","10":"purchasable","11":"product-type-simple"},"_links":{"self":[{"href":"https:\/\/nordicmart.andreevmaster.com\/fi\/wp-json\/wp\/v2\/product\/38145","targetHints":{"allow":["GET"]}}],"collection":[{"href":"https:\/\/nordicmart.andreevmaster.com\/fi\/wp-json\/wp\/v2\/product"}],"about":[{"href":"https:\/\/nordicmart.andreevmaster.com\/fi\/wp-json\/wp\/v2\/types\/product"}],"replies":[{"embeddable":true,"href":"https:\/\/nordicmart.andreevmaster.com\/fi\/wp-json\/wp\/v2\/comments?post=38145"}],"wp:attachment":[{"href":"https:\/\/nordicmart.andreevmaster.com\/fi\/wp-json\/wp\/v2\/media?parent=38145"}],"wp:term":[{"taxonomy":"product_brand","embeddable":true,"href":"https:\/\/nordicmart.andreevmaster.com\/fi\/wp-json\/wp\/v2\/product_brand?post=38145"},{"taxonomy":"product_cat","embeddable":true,"href":"https:\/\/nordicmart.andreevmaster.com\/fi\/wp-json\/wp\/v2\/product_cat?post=38145"},{"taxonomy":"product_tag","embeddable":true,"href":"https:\/\/nordicmart.andreevmaster.com\/fi\/wp-json\/wp\/v2\/product_tag?post=38145"}],"curies":[{"name":"wp","href":"https:\/\/api.w.org\/{rel}","templated":true}]}}