{"id":38143,"date":"2026-02-27T00:42:35","date_gmt":"2026-02-27T00:42:35","guid":{"rendered":"https:\/\/nordicmart.andreevmaster.com\/product\/songmics-pyykkikori-rullilla-3-x-45-l-musta\/"},"modified":"2026-02-27T09:58:27","modified_gmt":"2026-02-27T09:58:27","slug":"songmics-pyykkikori-rullilla-3-x-45-l-musta","status":"publish","type":"product","link":"https:\/\/nordicmart.andreevmaster.com\/fi\/tuote\/songmics-pyykkikori-rullilla-3-x-45-l-musta\/","title":{"rendered":"SONGMICS pyykkikori rullilla 3 x 45 l musta"},"content":{"rendered":"<p>SONGMICS pyykkikori, pyykkikori 4 irrotettavalla kangaspussilla, pyykkikori py\u00f6rill\u00e4, pyykkis\u00e4ilytys, vakaa, 4 x 35 litraa, musta LSF005<br \/>\nV\u00e4ri: musta<br \/>\nMateriaali: jauhemaalattu ter\u00e4sputki, 600D polyesterikangaskassi, nailonrullat<br \/>\nKoko: 87,5 x 38,5 x 67\/81 cm (P x L x K)<br \/>\nYksitt\u00e4isten pyykkipussien koko: 34 x 20 x 45\/58 cm (P x L x K)<br \/>\nPaino: 4,5 kg<br \/>\nMaks. staattinen kokonaiskuormitus: 40 kg<br \/>\nSuurin staattinen kantavuus per pussi: 10 kg<\/p>\n","protected":false},"excerpt":{"rendered":"<p>SONGMICS pyykkikori, pyykkikori 4 irrotettavalla kangaspussilla, pyykkikori py\u00f6rill\u00e4, pyykkis\u00e4ilytys, vakaa, 4 x 35 litraa, musta LSF005<\/p>\n","protected":false},"featured_media":45967,"comment_status":"open","ping_status":"closed","template":"","meta":[],"product_brand":[],"product_cat":[32],"product_tag":[],"class_list":{"0":"post-38143","1":"product","2":"type-product","3":"status-publish","4":"has-post-thumbnail","6":"product_cat-uncategorized-fi","8":"first","9":"instock","10":"shipping-taxable","11":"purchasable","12":"product-type-simple"},"_links":{"self":[{"href":"https:\/\/nordicmart.andreevmaster.com\/fi\/wp-json\/wp\/v2\/product\/38143","targetHints":{"allow":["GET"]}}],"collection":[{"href":"https:\/\/nordicmart.andreevmaster.com\/fi\/wp-json\/wp\/v2\/product"}],"about":[{"href":"https:\/\/nordicmart.andreevmaster.com\/fi\/wp-json\/wp\/v2\/types\/product"}],"replies":[{"embeddable":true,"href":"https:\/\/nordicmart.andreevmaster.com\/fi\/wp-json\/wp\/v2\/comments?post=38143"}],"wp:featuredmedia":[{"embeddable":true,"href":"https:\/\/nordicmart.andreevmaster.com\/fi\/wp-json\/wp\/v2\/media\/45967"}],"wp:attachment":[{"href":"https:\/\/nordicmart.andreevmaster.com\/fi\/wp-json\/wp\/v2\/media?parent=38143"}],"wp:term":[{"taxonomy":"product_brand","embeddable":true,"href":"https:\/\/nordicmart.andreevmaster.com\/fi\/wp-json\/wp\/v2\/product_brand?post=38143"},{"taxonomy":"product_cat","embeddable":true,"href":"https:\/\/nordicmart.andreevmaster.com\/fi\/wp-json\/wp\/v2\/product_cat?post=38143"},{"taxonomy":"product_tag","embeddable":true,"href":"https:\/\/nordicmart.andreevmaster.com\/fi\/wp-json\/wp\/v2\/product_tag?post=38143"}],"curies":[{"name":"wp","href":"https:\/\/api.w.org\/{rel}","templated":true}]}}