{"id":38142,"date":"2026-02-27T00:42:35","date_gmt":"2026-02-27T00:42:35","guid":{"rendered":"https:\/\/nordicmart.andreevmaster.com\/product\/vasagle-pyykkilaatikko-pyorilla-ja-4-irrotettavalla-taskulla\/"},"modified":"2026-02-27T09:58:27","modified_gmt":"2026-02-27T09:58:27","slug":"vasagle-pyykkilaatikko-pyorilla-ja-4-irrotettavalla-taskulla","status":"publish","type":"product","link":"https:\/\/nordicmart.andreevmaster.com\/fi\/tuote\/vasagle-pyykkilaatikko-pyorilla-ja-4-irrotettavalla-taskulla\/","title":{"rendered":"VASAGLE pyykkilaatikko py\u00f6rill\u00e4 ja 4 irrotettavalla taskulla"},"content":{"rendered":"<p>VASAGLE pyykkis\u00e4ilytys, pyykkis\u00e4ilytys py\u00f6rill\u00e4, 150 l, pyykkikorit, siirrett\u00e4v\u00e4 pyykkik\u00e4rry s\u00e4ilytystilalla, 4 irrotettavaa taskua, 6 etiketti\u00e4, musta-kastanjanruskea RLS100B01<br \/>\nV\u00e4ri: musta-kastanjanruskea<br \/>\nMateriaali: ter\u00e4s, Oxford-kangas, puulevy<br \/>\nKoko: 72,4 x 33 x 109,1 cm (P x L x K)<br \/>\nPaino: 8,1 kg<br \/>\nYl\u00e4hyllyn maks. staattinen kantavuus: 15 kg<br \/>\nPienimpien korejen maks. staattinen kantavuus: 4 kg<br \/>\nSuurin staattinen kantavuus jokaisessa suuressa korissa: 8 kg<br \/>\nMaks. staattinen kantavuus yhteens\u00e4: 39 kg<\/p>\n","protected":false},"excerpt":{"rendered":"<p>VASAGLE pyykkis\u00e4ilytys, pyykkis\u00e4ilytys py\u00f6rill\u00e4, 150 l, pyykkikorit, siirrett\u00e4v\u00e4 pyykkik\u00e4rry s\u00e4ilytystilalla, 4 irrotettavaa taskua, 6 etiketti\u00e4, musta-kastanjanruskea RLS100B01<\/p>\n","protected":false},"featured_media":45966,"comment_status":"open","ping_status":"closed","template":"","meta":[],"product_brand":[],"product_cat":[32],"product_tag":[],"class_list":{"0":"post-38142","1":"product","2":"type-product","3":"status-publish","4":"has-post-thumbnail","6":"product_cat-uncategorized-fi","8":"first","9":"instock","10":"shipping-taxable","11":"purchasable","12":"product-type-simple"},"_links":{"self":[{"href":"https:\/\/nordicmart.andreevmaster.com\/fi\/wp-json\/wp\/v2\/product\/38142","targetHints":{"allow":["GET"]}}],"collection":[{"href":"https:\/\/nordicmart.andreevmaster.com\/fi\/wp-json\/wp\/v2\/product"}],"about":[{"href":"https:\/\/nordicmart.andreevmaster.com\/fi\/wp-json\/wp\/v2\/types\/product"}],"replies":[{"embeddable":true,"href":"https:\/\/nordicmart.andreevmaster.com\/fi\/wp-json\/wp\/v2\/comments?post=38142"}],"wp:featuredmedia":[{"embeddable":true,"href":"https:\/\/nordicmart.andreevmaster.com\/fi\/wp-json\/wp\/v2\/media\/45966"}],"wp:attachment":[{"href":"https:\/\/nordicmart.andreevmaster.com\/fi\/wp-json\/wp\/v2\/media?parent=38142"}],"wp:term":[{"taxonomy":"product_brand","embeddable":true,"href":"https:\/\/nordicmart.andreevmaster.com\/fi\/wp-json\/wp\/v2\/product_brand?post=38142"},{"taxonomy":"product_cat","embeddable":true,"href":"https:\/\/nordicmart.andreevmaster.com\/fi\/wp-json\/wp\/v2\/product_cat?post=38142"},{"taxonomy":"product_tag","embeddable":true,"href":"https:\/\/nordicmart.andreevmaster.com\/fi\/wp-json\/wp\/v2\/product_tag?post=38142"}],"curies":[{"name":"wp","href":"https:\/\/api.w.org\/{rel}","templated":true}]}}