{"id":38141,"date":"2026-02-27T00:42:34","date_gmt":"2026-02-27T00:42:34","guid":{"rendered":"https:\/\/nordicmart.andreevmaster.com\/product\/songmics-pyykkikori-pyorea-170-litraa-4-pyoraa-kermanvarinen-hopea\/"},"modified":"2026-02-27T09:58:27","modified_gmt":"2026-02-27T09:58:27","slug":"songmics-pyykkikori-pyorea-170-litraa-4-pyoraa-kermanvarinen-hopea","status":"publish","type":"product","link":"https:\/\/nordicmart.andreevmaster.com\/fi\/tuote\/songmics-pyykkikori-pyorea-170-litraa-4-pyoraa-kermanvarinen-hopea\/","title":{"rendered":"SONGMICS pyykkikori, py\u00f6re\u00e4, 170 litraa, 4 py\u00f6r\u00e4\u00e4, kermanv\u00e4rinen-hopea"},"content":{"rendered":"<p>SONGMICS pyykkilaatikko, pyykkikori py\u00f6rill\u00e4, 170 litran pyykkikori, py\u00f6re\u00e4, ter\u00e4srunko, irrotettava pyykkipussi, 4 py\u00f6r\u00e4\u00e4, joista 2 jarruilla, musta-hopea RLS001B01<br \/>\nV\u00e4ri: kermanv\u00e4rinen-hopea<br \/>\nMateriaali: ter\u00e4s, 600D polyesterikangas<br \/>\nKoko: 60 x 81 cm (\u00d8 x H)<br \/>\nPaino: 4,6 kg<br \/>\nMaks. staattinen kantavuus: 30 kg<\/p>\n","protected":false},"excerpt":{"rendered":"<p>SONGMICS pyykkilaatikko, pyykkikori py\u00f6rill\u00e4, 170 litran pyykkikori, py\u00f6re\u00e4, ter\u00e4srunko, irrotettava pyykkipussi, 4 py\u00f6r\u00e4\u00e4, joista 2 jarruilla, musta-hopea RLS001B01<\/p>\n","protected":false},"featured_media":45965,"comment_status":"open","ping_status":"closed","template":"","meta":[],"product_brand":[],"product_cat":[32],"product_tag":[],"class_list":{"0":"post-38141","1":"product","2":"type-product","3":"status-publish","4":"has-post-thumbnail","6":"product_cat-uncategorized-fi","8":"first","9":"instock","10":"shipping-taxable","11":"purchasable","12":"product-type-simple"},"_links":{"self":[{"href":"https:\/\/nordicmart.andreevmaster.com\/fi\/wp-json\/wp\/v2\/product\/38141","targetHints":{"allow":["GET"]}}],"collection":[{"href":"https:\/\/nordicmart.andreevmaster.com\/fi\/wp-json\/wp\/v2\/product"}],"about":[{"href":"https:\/\/nordicmart.andreevmaster.com\/fi\/wp-json\/wp\/v2\/types\/product"}],"replies":[{"embeddable":true,"href":"https:\/\/nordicmart.andreevmaster.com\/fi\/wp-json\/wp\/v2\/comments?post=38141"}],"wp:featuredmedia":[{"embeddable":true,"href":"https:\/\/nordicmart.andreevmaster.com\/fi\/wp-json\/wp\/v2\/media\/45965"}],"wp:attachment":[{"href":"https:\/\/nordicmart.andreevmaster.com\/fi\/wp-json\/wp\/v2\/media?parent=38141"}],"wp:term":[{"taxonomy":"product_brand","embeddable":true,"href":"https:\/\/nordicmart.andreevmaster.com\/fi\/wp-json\/wp\/v2\/product_brand?post=38141"},{"taxonomy":"product_cat","embeddable":true,"href":"https:\/\/nordicmart.andreevmaster.com\/fi\/wp-json\/wp\/v2\/product_cat?post=38141"},{"taxonomy":"product_tag","embeddable":true,"href":"https:\/\/nordicmart.andreevmaster.com\/fi\/wp-json\/wp\/v2\/product_tag?post=38141"}],"curies":[{"name":"wp","href":"https:\/\/api.w.org\/{rel}","templated":true}]}}