{"id":38138,"date":"2026-02-27T00:42:33","date_gmt":"2026-02-27T00:42:33","guid":{"rendered":"https:\/\/nordicmart.andreevmaster.com\/product\/pyykkikori-pyorilla-2\/"},"modified":"2026-02-27T09:58:26","modified_gmt":"2026-02-27T09:58:26","slug":"pyykkikori-pyorilla-2","status":"publish","type":"product","link":"https:\/\/nordicmart.andreevmaster.com\/fi\/tuote\/pyykkikori-pyorilla-2\/","title":{"rendered":"Pyykkikori py\u00f6rill\u00e4"},"content":{"rendered":"<p>SONGMICS pyykkikori py\u00f6rill\u00e4, py\u00f6riv\u00e4 pyykkikori, py\u00f6re\u00e4, ter\u00e4srunko ja irrotettava pussi, 4 py\u00f6r\u00e4\u00e4 ja 2 jarrua, kermanvalkoinen ja hopea URLS006W01<br \/>\n&#8211; V\u00e4ri: Musta, hopea.<br \/>\n&#8211; Materiaali: ter\u00e4s, 600D polyesterikangas.<br \/>\n&#8211; Tuotteen koko: 39 cm halkaisija. 40 x 61 cm.<br \/>\n&#8211; Tuotteen paino: 3 kg.<br \/>\n&#8211; Maks. staattinen kantavuus: 15 kg<br \/>\n&#8211; Tilavuus: 18,5 gal 70 l.<\/p>\n","protected":false},"excerpt":{"rendered":"<p>SONGMICS pyykkikori py\u00f6rill\u00e4, py\u00f6riv\u00e4 pyykkikori, py\u00f6re\u00e4, ter\u00e4srunko ja irrotettava pussi, 4 py\u00f6r\u00e4\u00e4 ja 2 jarrua, kermanvalkoinen ja hopea URLS006W01<\/p>\n","protected":false},"featured_media":45962,"comment_status":"open","ping_status":"closed","template":"","meta":[],"product_brand":[],"product_cat":[32],"product_tag":[],"class_list":{"0":"post-38138","1":"product","2":"type-product","3":"status-publish","4":"has-post-thumbnail","6":"product_cat-uncategorized-fi","8":"first","9":"instock","10":"shipping-taxable","11":"purchasable","12":"product-type-simple"},"_links":{"self":[{"href":"https:\/\/nordicmart.andreevmaster.com\/fi\/wp-json\/wp\/v2\/product\/38138","targetHints":{"allow":["GET"]}}],"collection":[{"href":"https:\/\/nordicmart.andreevmaster.com\/fi\/wp-json\/wp\/v2\/product"}],"about":[{"href":"https:\/\/nordicmart.andreevmaster.com\/fi\/wp-json\/wp\/v2\/types\/product"}],"replies":[{"embeddable":true,"href":"https:\/\/nordicmart.andreevmaster.com\/fi\/wp-json\/wp\/v2\/comments?post=38138"}],"wp:featuredmedia":[{"embeddable":true,"href":"https:\/\/nordicmart.andreevmaster.com\/fi\/wp-json\/wp\/v2\/media\/45962"}],"wp:attachment":[{"href":"https:\/\/nordicmart.andreevmaster.com\/fi\/wp-json\/wp\/v2\/media?parent=38138"}],"wp:term":[{"taxonomy":"product_brand","embeddable":true,"href":"https:\/\/nordicmart.andreevmaster.com\/fi\/wp-json\/wp\/v2\/product_brand?post=38138"},{"taxonomy":"product_cat","embeddable":true,"href":"https:\/\/nordicmart.andreevmaster.com\/fi\/wp-json\/wp\/v2\/product_cat?post=38138"},{"taxonomy":"product_tag","embeddable":true,"href":"https:\/\/nordicmart.andreevmaster.com\/fi\/wp-json\/wp\/v2\/product_tag?post=38138"}],"curies":[{"name":"wp","href":"https:\/\/api.w.org\/{rel}","templated":true}]}}