{"id":38133,"date":"2026-02-27T00:42:32","date_gmt":"2026-02-27T00:42:32","guid":{"rendered":"https:\/\/nordicmart.andreevmaster.com\/product\/songmics-pyykkikori-90-litraa-pyorilla-ja-kahvalla\/"},"modified":"2026-02-27T09:58:25","modified_gmt":"2026-02-27T09:58:25","slug":"songmics-pyykkikori-90-litraa-pyorilla-ja-kahvalla","status":"publish","type":"product","link":"https:\/\/nordicmart.andreevmaster.com\/fi\/tuote\/songmics-pyykkikori-90-litraa-pyorilla-ja-kahvalla\/","title":{"rendered":"SONGMICS pyykkikori 90 litraa, py\u00f6rill\u00e4 ja kahvalla"},"content":{"rendered":"<p>SONGMICS pyykkikori, 90 litraa, pyykkikori py\u00f6rill\u00e4, pyykkik\u00e4rry, irrotettava pyykkipussi, ter\u00e4srunko, kahva, tilava<br \/>\nV\u00e4ri: musta<br \/>\nMateriaali: \u00d8 22 mm ter\u00e4sputket, 600D Oxford-kangas<br \/>\nKoko: 61 x 29 x 81 cm (P x L x K)<br \/>\nPaino: 4,3 kg<br \/>\nMaks. staattinen kantavuus: 10 kg<\/p>\n","protected":false},"excerpt":{"rendered":"<p>SONGMICS pyykkikori, 90 litraa, pyykkikori py\u00f6rill\u00e4, pyykkik\u00e4rry, irrotettava pyykkipussi, ter\u00e4srunko, kahva, tilava<\/p>\n","protected":false},"featured_media":45957,"comment_status":"open","ping_status":"closed","template":"","meta":[],"product_brand":[],"product_cat":[32],"product_tag":[],"class_list":{"0":"post-38133","1":"product","2":"type-product","3":"status-publish","4":"has-post-thumbnail","6":"product_cat-uncategorized-fi","8":"first","9":"instock","10":"shipping-taxable","11":"purchasable","12":"product-type-simple"},"_links":{"self":[{"href":"https:\/\/nordicmart.andreevmaster.com\/fi\/wp-json\/wp\/v2\/product\/38133","targetHints":{"allow":["GET"]}}],"collection":[{"href":"https:\/\/nordicmart.andreevmaster.com\/fi\/wp-json\/wp\/v2\/product"}],"about":[{"href":"https:\/\/nordicmart.andreevmaster.com\/fi\/wp-json\/wp\/v2\/types\/product"}],"replies":[{"embeddable":true,"href":"https:\/\/nordicmart.andreevmaster.com\/fi\/wp-json\/wp\/v2\/comments?post=38133"}],"wp:featuredmedia":[{"embeddable":true,"href":"https:\/\/nordicmart.andreevmaster.com\/fi\/wp-json\/wp\/v2\/media\/45957"}],"wp:attachment":[{"href":"https:\/\/nordicmart.andreevmaster.com\/fi\/wp-json\/wp\/v2\/media?parent=38133"}],"wp:term":[{"taxonomy":"product_brand","embeddable":true,"href":"https:\/\/nordicmart.andreevmaster.com\/fi\/wp-json\/wp\/v2\/product_brand?post=38133"},{"taxonomy":"product_cat","embeddable":true,"href":"https:\/\/nordicmart.andreevmaster.com\/fi\/wp-json\/wp\/v2\/product_cat?post=38133"},{"taxonomy":"product_tag","embeddable":true,"href":"https:\/\/nordicmart.andreevmaster.com\/fi\/wp-json\/wp\/v2\/product_tag?post=38133"}],"curies":[{"name":"wp","href":"https:\/\/api.w.org\/{rel}","templated":true}]}}