{"id":38126,"date":"2026-02-27T00:42:30","date_gmt":"2026-02-27T00:42:30","guid":{"rendered":"https:\/\/nordicmart.andreevmaster.com\/product\/songmics-pyykkikori-jossa-on-useita-lokeroita-ja-kaytannollisia-hyllyja\/"},"modified":"2026-02-27T09:58:24","modified_gmt":"2026-02-27T09:58:24","slug":"songmics-pyykkikori-jossa-on-useita-lokeroita-ja-kaytannollisia-hyllyja","status":"publish","type":"product","link":"https:\/\/nordicmart.andreevmaster.com\/fi\/tuote\/songmics-pyykkikori-jossa-on-useita-lokeroita-ja-kaytannollisia-hyllyja\/","title":{"rendered":"SONGMICS pyykkikori, jossa on useita lokeroita ja k\u00e4yt\u00e4nn\u00f6llisi\u00e4 hyllyj\u00e4"},"content":{"rendered":"<p>SONGMICS pyykkikori 2 lokeroa, bambu, pyykkikori 100 l, pyykkis\u00e4ilytys, hyllyill\u00e4, pyykkipussi, pienet sivutaskut, pyykkiteline, 2 x 50 l, 63 x 33 x 98 cm, kermanvalkoinen RLH200W01<br \/>\nMateriaali: bambu, Oxford-kangas<br \/>\nKoko yhteens\u00e4: 63 x 33 x 98 cm (P x L x K)<br \/>\nKunkin pyykkipussin koko: 31 x 27 x 59 cm (P x L x K)<br \/>\nPaino: 6,6 kg<br \/>\nMaks. staattinen kokonaiskuormitus: 38 kg<br \/>\nKunkin pyykkipussin maks. staattinen kantavuus: 7 kg<br \/>\nHyllyn maks. staattinen kantavuus: 10 kg<\/p>\n","protected":false},"excerpt":{"rendered":"<p>SONGMICS pyykkikori 2 lokeroa, bambu, pyykkikori 100 l, pyykkis\u00e4ilytys, hyllyill\u00e4, pyykkipussi, pienet sivutaskut, pyykkiteline, 2 x 50 l, 63 x 33 x 98 cm, kermanvalkoinen RLH200W01<\/p>\n","protected":false},"featured_media":45950,"comment_status":"open","ping_status":"closed","template":"","meta":[],"product_brand":[],"product_cat":[32],"product_tag":[],"class_list":{"0":"post-38126","1":"product","2":"type-product","3":"status-publish","4":"has-post-thumbnail","6":"product_cat-uncategorized-fi","8":"first","9":"instock","10":"shipping-taxable","11":"purchasable","12":"product-type-simple"},"_links":{"self":[{"href":"https:\/\/nordicmart.andreevmaster.com\/fi\/wp-json\/wp\/v2\/product\/38126","targetHints":{"allow":["GET"]}}],"collection":[{"href":"https:\/\/nordicmart.andreevmaster.com\/fi\/wp-json\/wp\/v2\/product"}],"about":[{"href":"https:\/\/nordicmart.andreevmaster.com\/fi\/wp-json\/wp\/v2\/types\/product"}],"replies":[{"embeddable":true,"href":"https:\/\/nordicmart.andreevmaster.com\/fi\/wp-json\/wp\/v2\/comments?post=38126"}],"wp:featuredmedia":[{"embeddable":true,"href":"https:\/\/nordicmart.andreevmaster.com\/fi\/wp-json\/wp\/v2\/media\/45950"}],"wp:attachment":[{"href":"https:\/\/nordicmart.andreevmaster.com\/fi\/wp-json\/wp\/v2\/media?parent=38126"}],"wp:term":[{"taxonomy":"product_brand","embeddable":true,"href":"https:\/\/nordicmart.andreevmaster.com\/fi\/wp-json\/wp\/v2\/product_brand?post=38126"},{"taxonomy":"product_cat","embeddable":true,"href":"https:\/\/nordicmart.andreevmaster.com\/fi\/wp-json\/wp\/v2\/product_cat?post=38126"},{"taxonomy":"product_tag","embeddable":true,"href":"https:\/\/nordicmart.andreevmaster.com\/fi\/wp-json\/wp\/v2\/product_tag?post=38126"}],"curies":[{"name":"wp","href":"https:\/\/api.w.org\/{rel}","templated":true}]}}