{"id":38112,"date":"2026-02-27T00:42:26","date_gmt":"2026-02-27T00:42:26","guid":{"rendered":"https:\/\/nordicmart.andreevmaster.com\/product\/songmics-pyykkikori-jossa-on-kolme-lokeroa-kansi-ja-pestava-sisakassi\/"},"modified":"2026-02-27T09:58:21","modified_gmt":"2026-02-27T09:58:21","slug":"songmics-pyykkikori-jossa-on-kolme-lokeroa-kansi-ja-pestava-sisakassi","status":"publish","type":"product","link":"https:\/\/nordicmart.andreevmaster.com\/fi\/tuote\/songmics-pyykkikori-jossa-on-kolme-lokeroa-kansi-ja-pestava-sisakassi\/","title":{"rendered":"SONGMICS pyykkikori, jossa on kolme lokeroa, kansi ja pest\u00e4v\u00e4 sis\u00e4kassi"},"content":{"rendered":"<p>SONGMICS pyykkikori, 3 lokeroa, 160 l, kansi, 5 etiketti\u00e4, irrotettava ja pest\u00e4v\u00e4 sis\u00e4kassi, pesutupa, makuuhuone, musta RLH013B01<br \/>\nV\u00e4ri: musta<br \/>\nMateriaali: Oxford-kangas, polyesteri, ter\u00e4s, pahvi, lasikuitutangot, PU-keinonahka<br \/>\nKoko: 64 x 33 x 75 cm (P x L x K)<br \/>\nPaino: 1,7 kg<br \/>\nMaks. staattinen kokonaiskuormitus: 15 kg<\/p>\n","protected":false},"excerpt":{"rendered":"<p>SONGMICS pyykkikori, 3 lokeroa, 160 l, kansi, 5 etiketti\u00e4, irrotettava ja pest\u00e4v\u00e4 sis\u00e4kassi, pesutupa, makuuhuone, musta RLH013B01<\/p>\n","protected":false},"featured_media":45939,"comment_status":"open","ping_status":"closed","template":"","meta":[],"product_brand":[],"product_cat":[32],"product_tag":[],"class_list":{"0":"post-38112","1":"product","2":"type-product","3":"status-publish","4":"has-post-thumbnail","6":"product_cat-uncategorized-fi","8":"first","9":"instock","10":"shipping-taxable","11":"purchasable","12":"product-type-simple"},"_links":{"self":[{"href":"https:\/\/nordicmart.andreevmaster.com\/fi\/wp-json\/wp\/v2\/product\/38112","targetHints":{"allow":["GET"]}}],"collection":[{"href":"https:\/\/nordicmart.andreevmaster.com\/fi\/wp-json\/wp\/v2\/product"}],"about":[{"href":"https:\/\/nordicmart.andreevmaster.com\/fi\/wp-json\/wp\/v2\/types\/product"}],"replies":[{"embeddable":true,"href":"https:\/\/nordicmart.andreevmaster.com\/fi\/wp-json\/wp\/v2\/comments?post=38112"}],"wp:featuredmedia":[{"embeddable":true,"href":"https:\/\/nordicmart.andreevmaster.com\/fi\/wp-json\/wp\/v2\/media\/45939"}],"wp:attachment":[{"href":"https:\/\/nordicmart.andreevmaster.com\/fi\/wp-json\/wp\/v2\/media?parent=38112"}],"wp:term":[{"taxonomy":"product_brand","embeddable":true,"href":"https:\/\/nordicmart.andreevmaster.com\/fi\/wp-json\/wp\/v2\/product_brand?post=38112"},{"taxonomy":"product_cat","embeddable":true,"href":"https:\/\/nordicmart.andreevmaster.com\/fi\/wp-json\/wp\/v2\/product_cat?post=38112"},{"taxonomy":"product_tag","embeddable":true,"href":"https:\/\/nordicmart.andreevmaster.com\/fi\/wp-json\/wp\/v2\/product_tag?post=38112"}],"curies":[{"name":"wp","href":"https:\/\/api.w.org\/{rel}","templated":true}]}}