{"id":38111,"date":"2026-02-27T00:42:26","date_gmt":"2026-02-27T00:42:26","guid":{"rendered":"https:\/\/nordicmart.andreevmaster.com\/product\/songmics-vaatekaappi-175-x-150-x-45-cm\/"},"modified":"2026-02-27T09:58:21","modified_gmt":"2026-02-27T09:58:21","slug":"songmics-vaatekaappi-175-x-150-x-45-cm","status":"publish","type":"product","link":"https:\/\/nordicmart.andreevmaster.com\/fi\/tuote\/songmics-vaatekaappi-175-x-150-x-45-cm\/","title":{"rendered":"SONGMICS vaatekaappi 175 x 150 x 45 cm"},"content":{"rendered":"<p>Songmicsin tyylik\u00e4s taitettava kaappi on ihanteellinen ratkaisu nopeaan ja t\u00e4ydelliseen j\u00e4rjestykseen!  Kaappi koostuu tukevasta ter\u00e4sputkirungosta ja kest\u00e4v\u00e4st\u00e4 kuitukankaasta.  Se tarjoaa p\u00f6lytt\u00f6m\u00e4n ja puhtaan s\u00e4ilytystilan vaatteille. Eritt\u00e4in tilaa s\u00e4\u00e4st\u00e4v\u00e4, mahtuu siis mihin tahansa nurkkaan! Huomautukset: &#8211; Tuotetta tulee suojata suoralta auringonvalolta, muuten sen k\u00e4ytt\u00f6ik\u00e4 voi lyhenty\u00e4. S\u00e4ilyt\u00e4 viile\u00e4ss\u00e4 ja kuivassa paikassa homeen muodostumisen est\u00e4miseksi. &#8211; Kun yhdist\u00e4t ter\u00e4sputket ja muoviset liitoskappaleet, \u00e4l\u00e4 paina ter\u00e4sputkea v\u00e4kisin suoraan liitoskappaleen sis\u00e4\u00e4n, vaan kierr\u00e4 ter\u00e4sputki hitaasti liitoskappaleeseen.- Varmista, ett\u00e4 putket on ty\u00f6nnetty liitoskappaleeseen kokonaan. Jos muovisten liitoskappaleiden aukko on liian kapea, kokeile upottaa liitoskappaleet l\u00e4mpim\u00e4\u00e4n veteen. &#8211; Jos kohtaat ongelmia asennuksessa, ota yhteytt\u00e4 asiakaspalveluumme, autamme mielell\u00e4mme ongelmien ratkaisemisessa tai tarjoamme sinulle ilmaisia varaosia. Tuotetiedot:- V\u00e4ri: harmaa &#8211; Mitat: 150 x 175 x 45 cm (L x K x S) &#8211; Materiaali: kuitukangas (75 g\/m\u00b2), ter\u00e4sputki (\u00d8 16 mm) &#8211; Pakkauksen mitat: 95 x 37 x 8 cm &#8211; Paino: 6,2 kg Toimitus sis\u00e4lt\u00e4\u00e4: &#8211; 1 x taitettava kaappi<\/p>\n","protected":false},"excerpt":{"rendered":"<p>SONGMICS taitettava vaatekaappi liukuvalla verholla 175 x 150 x 45 cm harmaa RLG45G<\/p>\n","protected":false},"featured_media":45938,"comment_status":"open","ping_status":"closed","template":"","meta":[],"product_brand":[],"product_cat":[32],"product_tag":[],"class_list":{"0":"post-38111","1":"product","2":"type-product","3":"status-publish","4":"has-post-thumbnail","6":"product_cat-uncategorized-fi","8":"first","9":"instock","10":"shipping-taxable","11":"purchasable","12":"product-type-simple"},"_links":{"self":[{"href":"https:\/\/nordicmart.andreevmaster.com\/fi\/wp-json\/wp\/v2\/product\/38111","targetHints":{"allow":["GET"]}}],"collection":[{"href":"https:\/\/nordicmart.andreevmaster.com\/fi\/wp-json\/wp\/v2\/product"}],"about":[{"href":"https:\/\/nordicmart.andreevmaster.com\/fi\/wp-json\/wp\/v2\/types\/product"}],"replies":[{"embeddable":true,"href":"https:\/\/nordicmart.andreevmaster.com\/fi\/wp-json\/wp\/v2\/comments?post=38111"}],"wp:featuredmedia":[{"embeddable":true,"href":"https:\/\/nordicmart.andreevmaster.com\/fi\/wp-json\/wp\/v2\/media\/45938"}],"wp:attachment":[{"href":"https:\/\/nordicmart.andreevmaster.com\/fi\/wp-json\/wp\/v2\/media?parent=38111"}],"wp:term":[{"taxonomy":"product_brand","embeddable":true,"href":"https:\/\/nordicmart.andreevmaster.com\/fi\/wp-json\/wp\/v2\/product_brand?post=38111"},{"taxonomy":"product_cat","embeddable":true,"href":"https:\/\/nordicmart.andreevmaster.com\/fi\/wp-json\/wp\/v2\/product_cat?post=38111"},{"taxonomy":"product_tag","embeddable":true,"href":"https:\/\/nordicmart.andreevmaster.com\/fi\/wp-json\/wp\/v2\/product_tag?post=38111"}],"curies":[{"name":"wp","href":"https:\/\/api.w.org\/{rel}","templated":true}]}}