{"id":38110,"date":"2026-02-27T00:42:25","date_gmt":"2026-02-27T00:42:25","guid":{"rendered":"https:\/\/nordicmart.andreevmaster.com\/product\/songmics-hylly-4-kangaspussilla-beige\/"},"modified":"2026-02-27T09:58:21","modified_gmt":"2026-02-27T09:58:21","slug":"songmics-hylly-4-kangaspussilla-beige","status":"publish","type":"product","link":"https:\/\/nordicmart.andreevmaster.com\/fi\/tuote\/songmics-hylly-4-kangaspussilla-beige\/","title":{"rendered":"SONGMICS hylly 4 kangaspussilla, beige"},"content":{"rendered":"<p>Songmicsin tyylik\u00e4s taitettava kaappi on ihanteellinen ratkaisu nopeaan ja t\u00e4ydelliseen j\u00e4rjestykseen!   Se koostuu tukevasta ter\u00e4sputkirungosta ja kest\u00e4v\u00e4st\u00e4 kuitukankaasta. Se tarjoaa p\u00f6lytt\u00f6m\u00e4n ja puhtaan s\u00e4ilytystilan vaatteille. Kaappi on eritt\u00e4in tilaa s\u00e4\u00e4st\u00e4v\u00e4, joten se mahtuu  jokaiseen nurkkaan! T\u00e4m\u00e4 8 laatikolla varustettu taitettava tekstiilikaappi tarjoaa runsaasti tilaa vaatteillesi, kengillesi jne.  Se on eritt\u00e4in kevyt ja sopii erinomaisesti kuljetukseen. Kaappi on paitsi k\u00e4yt\u00e4nn\u00f6llinen vaatteiden ja muiden esineiden s\u00e4ilytt\u00e4miseen, my\u00f6s  sisustuksellinen ja luo muotia ja trendej\u00e4. Se luo kotiisi siistin ja j\u00e4rjestyksellisen ilmapiirin! Huomautukset: &#8211; Ei sovellu kosteille vaatteille. &#8211; \u00c4l\u00e4 ved\u00e4 siit\u00e4 voimakkaasti. &#8211; \u00c4l\u00e4 pese vedell\u00e4. &#8211; Fleece-kankaasta valmistettua p\u00e4\u00e4llist\u00e4 ei voi pest\u00e4 vedell\u00e4. Tuotetiedot: &#8211; V\u00e4ri: beige &#8211; Mitat: 45 x 84,5 x 38 cm (L x K x S) &#8211; Materiaali: kuitukangas, ter\u00e4sputki &#8211; Laatikoiden mitat: 41 x 16,5 x 35 cm  Toimitus sis\u00e4lt\u00e4\u00e4:  &#8211; 1 x laatikosto <\/p>\n","protected":false},"excerpt":{"rendered":"<p>SONGMICS s\u00e4ilytyskomero vaatekaappi 4 laatikolla laatikosto kangaskaappi retkeilykaappi 45 x 84,5 x 38 cm (L x K x S) beige RLG14M<\/p>\n","protected":false},"featured_media":45937,"comment_status":"open","ping_status":"closed","template":"","meta":[],"product_brand":[],"product_cat":[32],"product_tag":[],"class_list":{"0":"post-38110","1":"product","2":"type-product","3":"status-publish","4":"has-post-thumbnail","6":"product_cat-uncategorized-fi","8":"first","9":"instock","10":"shipping-taxable","11":"purchasable","12":"product-type-simple"},"_links":{"self":[{"href":"https:\/\/nordicmart.andreevmaster.com\/fi\/wp-json\/wp\/v2\/product\/38110","targetHints":{"allow":["GET"]}}],"collection":[{"href":"https:\/\/nordicmart.andreevmaster.com\/fi\/wp-json\/wp\/v2\/product"}],"about":[{"href":"https:\/\/nordicmart.andreevmaster.com\/fi\/wp-json\/wp\/v2\/types\/product"}],"replies":[{"embeddable":true,"href":"https:\/\/nordicmart.andreevmaster.com\/fi\/wp-json\/wp\/v2\/comments?post=38110"}],"wp:featuredmedia":[{"embeddable":true,"href":"https:\/\/nordicmart.andreevmaster.com\/fi\/wp-json\/wp\/v2\/media\/45937"}],"wp:attachment":[{"href":"https:\/\/nordicmart.andreevmaster.com\/fi\/wp-json\/wp\/v2\/media?parent=38110"}],"wp:term":[{"taxonomy":"product_brand","embeddable":true,"href":"https:\/\/nordicmart.andreevmaster.com\/fi\/wp-json\/wp\/v2\/product_brand?post=38110"},{"taxonomy":"product_cat","embeddable":true,"href":"https:\/\/nordicmart.andreevmaster.com\/fi\/wp-json\/wp\/v2\/product_cat?post=38110"},{"taxonomy":"product_tag","embeddable":true,"href":"https:\/\/nordicmart.andreevmaster.com\/fi\/wp-json\/wp\/v2\/product_tag?post=38110"}],"curies":[{"name":"wp","href":"https:\/\/api.w.org\/{rel}","templated":true}]}}