{"id":38109,"date":"2026-02-27T00:42:25","date_gmt":"2026-02-27T00:42:25","guid":{"rendered":"https:\/\/nordicmart.andreevmaster.com\/product\/hylly-4-kangaspussilla-beige\/"},"modified":"2026-02-27T09:58:21","modified_gmt":"2026-02-27T09:58:21","slug":"hylly-4-kangaspussilla-beige","status":"publish","type":"product","link":"https:\/\/nordicmart.andreevmaster.com\/fi\/tuote\/hylly-4-kangaspussilla-beige\/","title":{"rendered":"Hylly 4 kangaspussilla Beige"},"content":{"rendered":"<p>Songmicsin tyylik\u00e4s taitettava vaatekaappi on ihanteellinen ratkaisu nopeaan ja t\u00e4ydelliseen j\u00e4rjestelyyn! Se koostuu tukevasta ter\u00e4sputkikehyksest\u00e4 ja kest\u00e4v\u00e4st\u00e4 fleecest\u00e4. Se tarjoaa p\u00f6lytt\u00f6m\u00e4n ja puhtaan s\u00e4ilytystilan vaatteille. Vaatekaappi on eritt\u00e4in tilaa s\u00e4\u00e4st\u00e4v\u00e4, joten se mahtuu kaikkiin nurkkiin! T\u00e4m\u00e4 taitettava tekstiilivaatekaappi, jossa on 8 laatikkoa, tarjoaa runsaasti tilaa vaatteillesi, kengillesi jne.  Se on eritt\u00e4in kevyt ja ihanteellinen kuljetukseen. Kaappi ei ole vain k\u00e4yt\u00e4nn\u00f6llinen vaatteiden ja muiden tavaroiden s\u00e4ilytykseen, vaan se toimii my\u00f6s koristeena ja luo muotia ja trendej\u00e4. Se luo kodikkaan ja siistin ilmapiirin kotiisi! Huomautukset: &#8211; Ei sovellu kosteille vaatteille. &#8211; \u00c4l\u00e4 ved\u00e4 siit\u00e4 voimakkaasti. &#8211; Ei saa pest\u00e4 vedell\u00e4. &#8211; Fleece-kangasta ei saa pest\u00e4 vedell\u00e4. Tuotetiedot: &#8211; V\u00e4ri: beige &#8211; Mitat: 45 x 84,5 x 38 cm (L x K x S) &#8211; Materiaali: fleece, ter\u00e4sputki &#8211; Laatikon mitat: 41 x 16,5 x 35 cm Toimitus sis\u00e4lt\u00e4\u00e4: &#8211; 1 x laatikkokaappi<\/p>\n","protected":false},"excerpt":{"rendered":"<p>Songmicsin tyylik\u00e4s taitettava vaatekaappi on ihanteellinen ratkaisu nopeaan ja t\u00e4ydelliseen j\u00e4rjestelyyn! Se koostuu tukevasta ter\u00e4sputkikehyksest\u00e4 ja kest\u00e4v\u00e4st\u00e4 fleecest\u00e4. Se tarjoaa p\u00f6lytt\u00f6m\u00e4n ja puhtaan s\u00e4ilytystilan vaatteille. Vaatekaappi on eritt\u00e4in tilaa s\u00e4\u00e4st\u00e4v\u00e4, joten se mahtuu kaikkiin nurkkiin! T\u00e4m\u00e4 taitettava tekstiilivaatekaappi, jossa on 8 laatikkoa, tarjoaa runsaasti tilaa vaatteillesi, kengillesi jne. Se on eritt\u00e4in kevyt ja ihanteellinen kuljetukseen. [&hellip;]<\/p>\n","protected":false},"featured_media":0,"comment_status":"open","ping_status":"closed","template":"","meta":[],"product_brand":[],"product_cat":[32],"product_tag":[],"class_list":{"0":"post-38109","1":"product","2":"type-product","3":"status-publish","5":"product_cat-uncategorized-fi","7":"first","8":"instock","9":"shipping-taxable","10":"product-type-simple"},"_links":{"self":[{"href":"https:\/\/nordicmart.andreevmaster.com\/fi\/wp-json\/wp\/v2\/product\/38109","targetHints":{"allow":["GET"]}}],"collection":[{"href":"https:\/\/nordicmart.andreevmaster.com\/fi\/wp-json\/wp\/v2\/product"}],"about":[{"href":"https:\/\/nordicmart.andreevmaster.com\/fi\/wp-json\/wp\/v2\/types\/product"}],"replies":[{"embeddable":true,"href":"https:\/\/nordicmart.andreevmaster.com\/fi\/wp-json\/wp\/v2\/comments?post=38109"}],"wp:attachment":[{"href":"https:\/\/nordicmart.andreevmaster.com\/fi\/wp-json\/wp\/v2\/media?parent=38109"}],"wp:term":[{"taxonomy":"product_brand","embeddable":true,"href":"https:\/\/nordicmart.andreevmaster.com\/fi\/wp-json\/wp\/v2\/product_brand?post=38109"},{"taxonomy":"product_cat","embeddable":true,"href":"https:\/\/nordicmart.andreevmaster.com\/fi\/wp-json\/wp\/v2\/product_cat?post=38109"},{"taxonomy":"product_tag","embeddable":true,"href":"https:\/\/nordicmart.andreevmaster.com\/fi\/wp-json\/wp\/v2\/product_tag?post=38109"}],"curies":[{"name":"wp","href":"https:\/\/api.w.org\/{rel}","templated":true}]}}