{"id":38107,"date":"2026-02-27T00:42:24","date_gmt":"2026-02-27T00:42:24","guid":{"rendered":"https:\/\/nordicmart.andreevmaster.com\/product\/hylde-med-4-stofskuffer-sort-2\/"},"modified":"2026-02-27T09:58:20","modified_gmt":"2026-02-27T09:58:20","slug":"hylde-med-4-stofskuffer-sort-2","status":"publish","type":"product","link":"https:\/\/nordicmart.andreevmaster.com\/fi\/tuote\/hylde-med-4-stofskuffer-sort-2\/","title":{"rendered":"Hylde med 4 stofskuffer sort"},"content":{"rendered":"<p>Hy\u00f6dynn\u00e4 kotisi jokainen nurkkaT\u00e4m\u00e4 SONGMICS-laatikkokaappi tarjoaa runsaasti tilaa vaatteillesi tai muille tavaroillesi, ja sen koko on 45 x 38 x 84,5 cm (P x L x K) ja paino vain 3 kg, joten se on niin kompakti, ett\u00e4 voit sijoittaa sen mihin tahansa kotisi nurkkaan. Tyylik\u00e4s lipasto on my\u00f6s koristeellinen huonekalu, jolla voit tuoda kotiisi raikkaan ilmeen. Suojaa tavarasi\u00c4l\u00e4 s\u00e4ilyt\u00e4 lempiesineit\u00e4si p\u00f6lyisess\u00e4 ja sotkuisessa paikassa! T\u00e4m\u00e4 sivukaappi on varustettu tukevalla metallirungolla ja nelj\u00e4ll\u00e4 hengitt\u00e4v\u00e4ll\u00e4 ja kosteutta hylkiv\u00e4ll\u00e4 kangaspalalla. Se tarjoaa siis tavaroillesi runsaasti tilaa ja suojaa niit\u00e4 p\u00f6lylt\u00e4 ja lialta. Eritt\u00e4in monipuolinenKomodin suuren kapasiteetin ansiosta voit s\u00e4ilytt\u00e4\u00e4 4 laatikossa erilaisia tavaroita, kuten leluja, vaatteita tai kirjoitusv\u00e4lineit\u00e4. Sijoita t\u00e4m\u00e4 lipasto s\u00e4ngyn viereen makuuhuoneeseen, olohuoneeseen, eteiseen, lastenhuoneeseen, toimistoon tai mihin tahansa muuhun huoneeseen, joka tulee mieleesi. Tuotetiedot &#8211; V\u00e4ri: Musta &#8211; Materiaali: Tekstiilikomposiitti, metalliputki, muovi &#8211; Koko: 45 x 38 x 84,5 cm (P x L x K) &#8211; Paino: 3 kg &#8211; Maks. staattinen kantavuus per laatikko: 2 kg &#8211; Maks. staattinen kokonaiskuormituskapasiteetti: 8 kgToimitus sis\u00e4lt\u00e4\u00e4- 1 x laatikosto- 1 x k\u00e4ytt\u00f6ohjeSONGMICS-ohje- \u00c4l\u00e4 k\u00e4yt\u00e4 tuotetta ulkona.<\/p>\n","protected":false},"excerpt":{"rendered":"<p>Hy\u00f6dynn\u00e4 kotisi jokainen nurkkaT\u00e4m\u00e4 SONGMICS-laatikkokaappi tarjoaa runsaasti tilaa vaatteillesi tai muille tavaroillesi, ja sen koko on 45 x 38 x 84,5 cm (P x L x K) ja paino vain 3 kg, joten se on niin kompakti, ett\u00e4 voit sijoittaa sen mihin tahansa kotisi nurkkaan. Tyylik\u00e4s lipasto on my\u00f6s koristeellinen huonekalu, jolla voit tuoda kotiisi [&hellip;]<\/p>\n","protected":false},"featured_media":0,"comment_status":"open","ping_status":"closed","template":"","meta":[],"product_brand":[],"product_cat":[32],"product_tag":[],"class_list":{"0":"post-38107","1":"product","2":"type-product","3":"status-publish","5":"product_cat-uncategorized-fi","7":"first","8":"instock","9":"shipping-taxable","10":"product-type-simple"},"_links":{"self":[{"href":"https:\/\/nordicmart.andreevmaster.com\/fi\/wp-json\/wp\/v2\/product\/38107","targetHints":{"allow":["GET"]}}],"collection":[{"href":"https:\/\/nordicmart.andreevmaster.com\/fi\/wp-json\/wp\/v2\/product"}],"about":[{"href":"https:\/\/nordicmart.andreevmaster.com\/fi\/wp-json\/wp\/v2\/types\/product"}],"replies":[{"embeddable":true,"href":"https:\/\/nordicmart.andreevmaster.com\/fi\/wp-json\/wp\/v2\/comments?post=38107"}],"wp:attachment":[{"href":"https:\/\/nordicmart.andreevmaster.com\/fi\/wp-json\/wp\/v2\/media?parent=38107"}],"wp:term":[{"taxonomy":"product_brand","embeddable":true,"href":"https:\/\/nordicmart.andreevmaster.com\/fi\/wp-json\/wp\/v2\/product_brand?post=38107"},{"taxonomy":"product_cat","embeddable":true,"href":"https:\/\/nordicmart.andreevmaster.com\/fi\/wp-json\/wp\/v2\/product_cat?post=38107"},{"taxonomy":"product_tag","embeddable":true,"href":"https:\/\/nordicmart.andreevmaster.com\/fi\/wp-json\/wp\/v2\/product_tag?post=38107"}],"curies":[{"name":"wp","href":"https:\/\/api.w.org\/{rel}","templated":true}]}}