{"id":38106,"date":"2026-02-27T00:42:24","date_gmt":"2026-02-27T00:42:24","guid":{"rendered":"https:\/\/nordicmart.andreevmaster.com\/product\/songmics-hyllykko-4-kangaspalaista-laatikkoa-harmaa\/"},"modified":"2026-02-27T09:58:20","modified_gmt":"2026-02-27T09:58:20","slug":"songmics-hyllykko-4-kangaspalaista-laatikkoa-harmaa","status":"publish","type":"product","link":"https:\/\/nordicmart.andreevmaster.com\/fi\/tuote\/songmics-hyllykko-4-kangaspalaista-laatikkoa-harmaa\/","title":{"rendered":"SONGMICS hyllykk\u00f6, 4 kangaspalaista laatikkoa, harmaa"},"content":{"rendered":"<p>Suojaa tavarasi: \u00c4l\u00e4 s\u00e4ilyt\u00e4 lempiesineit\u00e4si p\u00f6lyisess\u00e4 ja sekavassa paikassa! T\u00e4m\u00e4 sivukaappi on varustettu tukevalla rautakehyksell\u00e4 ja 4 hengitt\u00e4v\u00e4ll\u00e4 ja kosteutta kest\u00e4v\u00e4ll\u00e4 kangaspalalla. Se tarjoaa siis paljon tilaa tavaroillesi ja suojaa niit\u00e4 p\u00f6lylt\u00e4 ja lialta. Eritt\u00e4in monipuolinen: Komeron suuren kapasiteetin ansiosta voit s\u00e4ilytt\u00e4\u00e4 4 laatikossa monenlaisia esineit\u00e4, kuten leluja, vaatteita tai kirjoitusv\u00e4lineit\u00e4. Sijoita t\u00e4m\u00e4 lipasto esimerkiksi s\u00e4ngyn viereen makuuhuoneeseen, olohuoneeseen, eteiseen, lastenhuoneeseen, toimistoon tai mihin tahansa muuhun huoneeseen, joka tulee mieleesi. Tuotetiedot: V\u00e4ri: harmaa Materiaali: tekstiilikomposiitti, rautaputket, muovi Koko: 45 x 38 x 84,5 cm (P x L x K) Paino: 3 kg Maks. staattinen kantavuus per laatikko: 2 kg Maks. staattinen kantavuus yhteens\u00e4: 8 kg Toimitus sis\u00e4lt\u00e4\u00e4: 1 x laatikosto 1 x ohjeet (DE, EN, FR, ES, IT) SONGMICS-huomautukset: \u00c4l\u00e4 k\u00e4yt\u00e4 tuotetta ulkona.<\/p>\n","protected":false},"excerpt":{"rendered":"<p>SONGMICS s\u00e4ilytyskomero vaatekaappi 4 laatikolla laatikosto kangaskaappi retkeilykaappi 45 x 84,5 x 38 cm (L x K x S) beige RLG14M<\/p>\n","protected":false},"featured_media":45935,"comment_status":"open","ping_status":"closed","template":"","meta":[],"product_brand":[],"product_cat":[32],"product_tag":[],"class_list":{"0":"post-38106","1":"product","2":"type-product","3":"status-publish","4":"has-post-thumbnail","6":"product_cat-uncategorized-fi","8":"first","9":"instock","10":"shipping-taxable","11":"purchasable","12":"product-type-simple"},"_links":{"self":[{"href":"https:\/\/nordicmart.andreevmaster.com\/fi\/wp-json\/wp\/v2\/product\/38106","targetHints":{"allow":["GET"]}}],"collection":[{"href":"https:\/\/nordicmart.andreevmaster.com\/fi\/wp-json\/wp\/v2\/product"}],"about":[{"href":"https:\/\/nordicmart.andreevmaster.com\/fi\/wp-json\/wp\/v2\/types\/product"}],"replies":[{"embeddable":true,"href":"https:\/\/nordicmart.andreevmaster.com\/fi\/wp-json\/wp\/v2\/comments?post=38106"}],"wp:featuredmedia":[{"embeddable":true,"href":"https:\/\/nordicmart.andreevmaster.com\/fi\/wp-json\/wp\/v2\/media\/45935"}],"wp:attachment":[{"href":"https:\/\/nordicmart.andreevmaster.com\/fi\/wp-json\/wp\/v2\/media?parent=38106"}],"wp:term":[{"taxonomy":"product_brand","embeddable":true,"href":"https:\/\/nordicmart.andreevmaster.com\/fi\/wp-json\/wp\/v2\/product_brand?post=38106"},{"taxonomy":"product_cat","embeddable":true,"href":"https:\/\/nordicmart.andreevmaster.com\/fi\/wp-json\/wp\/v2\/product_cat?post=38106"},{"taxonomy":"product_tag","embeddable":true,"href":"https:\/\/nordicmart.andreevmaster.com\/fi\/wp-json\/wp\/v2\/product_tag?post=38106"}],"curies":[{"name":"wp","href":"https:\/\/api.w.org\/{rel}","templated":true}]}}