{"id":38105,"date":"2026-02-27T00:42:24","date_gmt":"2026-02-27T00:42:24","guid":{"rendered":"https:\/\/nordicmart.andreevmaster.com\/product\/royal-ajaton-yopoyta-valkoinen\/"},"modified":"2026-02-27T09:58:20","modified_gmt":"2026-02-27T09:58:20","slug":"royal-ajaton-yopoyta-valkoinen","status":"publish","type":"product","link":"https:\/\/nordicmart.andreevmaster.com\/fi\/tuote\/royal-ajaton-yopoyta-valkoinen\/","title":{"rendered":"Royal  ajaton y\u00f6p\u00f6yt\u00e4 valkoinen"},"content":{"rendered":"<p>Royal-y\u00f6p\u00f6yt\u00e4 yhdist\u00e4\u00e4 tyylikk\u00e4\u00e4n muotoilun ja maksimaalisen toiminnallisuuden, tarjoten ratkaisun, joka on r\u00e4\u00e4t\u00e4l\u00f6ity sek\u00e4 nuorten ett\u00e4 vanhempien lasten ja vanhempien tarpeisiin. Sen kompakti koko mahdollistaa sijoittamisen mihin tahansa kotiin, ja se t\u00e4ydent\u00e4\u00e4 t\u00e4ydellisesti mit\u00e4 tahansa huonetta mukavuudella ja tyylill\u00e4. \u00a0<br \/>\nT\u00e4rkeimm\u00e4t ominaisuudet:<br \/>\n-K\u00e4yt\u00e4nn\u00f6llinen s\u00e4ilytystila: Kaksi GTV-kuulalaakeroitua laatikkoa tarjoavat tilaa t\u00e4rkeimmille pikkuesineille<br \/>\n-Eleganssia ja ergonomiaa: T\u00e4m\u00e4 ainutlaatuinen ominaisuus yhdist\u00e4\u00e4 ergonomiset, kauniit ja kultaiset py\u00f6re\u00e4t retro-kahvat, jotka paitsi parantavat k\u00e4ytt\u00f6mukavuutta my\u00f6s antavat s\u00e4ngynp\u00f6yd\u00e4lle erottuvan ja hienostuneen ilmeen.-Monipuolinen k\u00e4ytt\u00f6: Sopii t\u00e4ydellisesti Royal-s\u00e4nkyyn, jonka mitat ovat 90&#215;200, mutta sen joustavuus mahdollistaa yhdist\u00e4misen erilaisiin s\u00e4nkyihin sek\u00e4 lastenhuoneessa ett\u00e4 vanhempien makuuhuoneessa.<br \/>\n-Turvalliset materiaalit: T\u00e4ytt\u00e4\u00e4 eurooppalaiset turvallisuusstandardit, lapsille sopivat vesipohjaiset lakat.   <\/p>\n<p>Materiaalit ja viimeistely:<br \/>\n-Jalat: lakattu py\u00f6kkipuu<br \/>\n-Kansi ja laatikoiden etuosat: lakattu MDF-levy<br \/>\n-Sivut: laminoitu levy<br \/>\n-Laatikoiden sivut ja takat, pohjan reunus: laminoitu levy Lakkauksessa k\u00e4ytetyt vesipohjaiset lakat ovat lapsille turvallisia ja sertifioituja lasten huonekaluja ja leluja koskevan EN71\/3-standardin mukaisesti. <\/p>\n<p>Mitat:<br \/>\n-Korkeus: 59 cm<br \/>\n-Syvyys: 40 cm<br \/>\n-Leveys: 51 cm <\/p>\n<p>Saatavilla olevat v\u00e4rit:<br \/>\n-Ajaton valkoinen <\/p>\n<p>Hoito-ohjeet:<br \/>\nHuonekalut tulee pyyhki\u00e4 pehme\u00e4ll\u00e4, vedell\u00e4 tai huonekalujen hoitoaineella kostutetulla puuvillakankaalla, jotta ne s\u00e4ilytt\u00e4v\u00e4t kauneutensa ja kest\u00e4vyytens\u00e4 vuosien ajan. \u00a0 Lis\u00e4tietoja: Huonekalut toimitetaan itse koottavina paketteina, joissa on helppotajuiset ohjeet ja tarvittavat tarvikkeet.<\/p>\n","protected":false},"excerpt":{"rendered":"<p>Royal-y\u00f6p\u00f6yt\u00e4 yhdist\u00e4\u00e4 tyylikk\u00e4\u00e4n muotoilun ja maksimaalisen toiminnallisuuden, tarjoten ratkaisun, joka on r\u00e4\u00e4t\u00e4l\u00f6ity sek\u00e4 nuorten ett\u00e4 vanhempien lasten ja vanhempien tarpeisiin. Sen kompakti koko mahdollistaa sijoittamisen mihin tahansa kotiin, ja se t\u00e4ydent\u00e4\u00e4 t\u00e4ydellisesti mit\u00e4 tahansa huonetta mukavuudella ja tyylill\u00e4. \u00a0 T\u00e4rkeimm\u00e4t ominaisuudet: -K\u00e4yt\u00e4nn\u00f6llinen s\u00e4ilytystila: Kaksi GTV-kuulalaakeroitua laatikkoa tarjoavat tilaa t\u00e4rkeimmille pikkuesineille -Eleganssia ja ergonomiaa: T\u00e4m\u00e4 ainutlaatuinen [&hellip;]<\/p>\n","protected":false},"featured_media":0,"comment_status":"open","ping_status":"closed","template":"","meta":[],"product_brand":[],"product_cat":[32],"product_tag":[],"class_list":{"0":"post-38105","1":"product","2":"type-product","3":"status-publish","5":"product_cat-uncategorized-fi","7":"first","8":"instock","9":"shipping-taxable","10":"purchasable","11":"product-type-simple"},"_links":{"self":[{"href":"https:\/\/nordicmart.andreevmaster.com\/fi\/wp-json\/wp\/v2\/product\/38105","targetHints":{"allow":["GET"]}}],"collection":[{"href":"https:\/\/nordicmart.andreevmaster.com\/fi\/wp-json\/wp\/v2\/product"}],"about":[{"href":"https:\/\/nordicmart.andreevmaster.com\/fi\/wp-json\/wp\/v2\/types\/product"}],"replies":[{"embeddable":true,"href":"https:\/\/nordicmart.andreevmaster.com\/fi\/wp-json\/wp\/v2\/comments?post=38105"}],"wp:attachment":[{"href":"https:\/\/nordicmart.andreevmaster.com\/fi\/wp-json\/wp\/v2\/media?parent=38105"}],"wp:term":[{"taxonomy":"product_brand","embeddable":true,"href":"https:\/\/nordicmart.andreevmaster.com\/fi\/wp-json\/wp\/v2\/product_brand?post=38105"},{"taxonomy":"product_cat","embeddable":true,"href":"https:\/\/nordicmart.andreevmaster.com\/fi\/wp-json\/wp\/v2\/product_cat?post=38105"},{"taxonomy":"product_tag","embeddable":true,"href":"https:\/\/nordicmart.andreevmaster.com\/fi\/wp-json\/wp\/v2\/product_tag?post=38105"}],"curies":[{"name":"wp","href":"https:\/\/api.w.org\/{rel}","templated":true}]}}