{"id":38104,"date":"2026-02-27T00:42:24","date_gmt":"2026-02-27T00:42:24","guid":{"rendered":"https:\/\/nordicmart.andreevmaster.com\/product\/royal-ajaton-valkoinen-kirjahylly\/"},"modified":"2026-02-27T09:58:20","modified_gmt":"2026-02-27T09:58:20","slug":"royal-ajaton-valkoinen-kirjahylly","status":"publish","type":"product","link":"https:\/\/nordicmart.andreevmaster.com\/fi\/tuote\/royal-ajaton-valkoinen-kirjahylly\/","title":{"rendered":"Royal ajaton valkoinen kirjahylly"},"content":{"rendered":"<p>Ylellisyytt\u00e4, fantasiaa, tyyli\u00e4<br \/>\nKokoelma todellisille prinsessoille ja prinssille. Sisustus, jossa hallitsevat fantastiset muodot, jalo viimeistely ja tyylikk\u00e4\u00e4t koristeet. Huonekalut vaativimpiin makuihin. Sek\u00e4 pienille ett\u00e4 suurille designklassikoiden yst\u00e4ville. <\/p>\n<p>T\u00e4rkeimm\u00e4t edut:<br \/>\n&#8211; kaksi tilavaa laatikkoa,<br \/>\n&#8211; 5 hylly\u00e4, joista 4 on s\u00e4\u00e4dett\u00e4viss\u00e4,<br \/>\n&#8211; voidaan kiinnitt\u00e4\u00e4 sein\u00e4\u00e4n \u2013 suositeltavaa,<br \/>\n&#8211; t\u00e4ytt\u00e4\u00e4 eurooppalaiset turvallisuusstandardit ja -normit. <\/p>\n<p>Mitat (cm):<br \/>\nkorkeus: 194,6<br \/>\nsyvyys: 43<br \/>\nleveys: 90 <\/p>\n<p>Suunnittelu ja viimeistely:<br \/>\n&#8211; lakattu MDF-levy,<br \/>\n&#8211; korkealaatuinen laminoitu levy, joka kest\u00e4\u00e4 vaurioita ja kosteutta ja on helppo pit\u00e4\u00e4 puhtaana,<br \/>\n&#8211; Blum-kiskot, joissa on j\u00e4rjestelm\u00e4 laatikoiden sulkeutumisen hidastamiseksi, <\/p>\n<p>Valmistusprosessissa k\u00e4ytetyt lakat ovat lapsille turvallisia ja sertifioituja standardin EN71\/3 mukaisesti <\/p>\n<p>V\u00e4ri:<br \/>\n&#8211; valkoinen (NCS S 0505-R70B) <\/p>\n<p>K\u00e4ytt\u00f6ohjeet:<br \/>\nHuonekalut tulee puhdistaa pehme\u00e4ll\u00e4, vedell\u00e4 kostutetulla puuvillakankaalla tai huonekalujen hoitoon tarkoitetulla tuotteella. <\/p>\n<p>Kokoonpano:<br \/>\nHuonekalut toimitetaan pakkauksissa, jotka on tarkoitettu itse koottaviksi. Pakkauksissa on mukana yksityiskohtaiset kokoonpano-ohjeet ja tarvittavat tarvikkeet.<\/p>\n","protected":false},"excerpt":{"rendered":"<p>Ylellisyytt\u00e4, fantasiaa, tyyli\u00e4 Kokoelma todellisille prinsessoille ja prinssille. Sisustus, jossa hallitsevat fantastiset muodot, jalo viimeistely ja tyylikk\u00e4\u00e4t koristeet. Huonekalut vaativimpiin makuihin. Sek\u00e4 pienille ett\u00e4 suurille designklassikoiden yst\u00e4ville. T\u00e4rkeimm\u00e4t edut: &#8211; kaksi tilavaa laatikkoa, &#8211; 5 hylly\u00e4, joista 4 on s\u00e4\u00e4dett\u00e4viss\u00e4, &#8211; voidaan kiinnitt\u00e4\u00e4 sein\u00e4\u00e4n \u2013 suositeltavaa, &#8211; t\u00e4ytt\u00e4\u00e4 eurooppalaiset turvallisuusstandardit ja -normit. Mitat (cm): korkeus: [&hellip;]<\/p>\n","protected":false},"featured_media":0,"comment_status":"open","ping_status":"closed","template":"","meta":[],"product_brand":[],"product_cat":[32],"product_tag":[],"class_list":{"0":"post-38104","1":"product","2":"type-product","3":"status-publish","5":"product_cat-uncategorized-fi","7":"first","8":"instock","9":"shipping-taxable","10":"purchasable","11":"product-type-simple"},"_links":{"self":[{"href":"https:\/\/nordicmart.andreevmaster.com\/fi\/wp-json\/wp\/v2\/product\/38104","targetHints":{"allow":["GET"]}}],"collection":[{"href":"https:\/\/nordicmart.andreevmaster.com\/fi\/wp-json\/wp\/v2\/product"}],"about":[{"href":"https:\/\/nordicmart.andreevmaster.com\/fi\/wp-json\/wp\/v2\/types\/product"}],"replies":[{"embeddable":true,"href":"https:\/\/nordicmart.andreevmaster.com\/fi\/wp-json\/wp\/v2\/comments?post=38104"}],"wp:attachment":[{"href":"https:\/\/nordicmart.andreevmaster.com\/fi\/wp-json\/wp\/v2\/media?parent=38104"}],"wp:term":[{"taxonomy":"product_brand","embeddable":true,"href":"https:\/\/nordicmart.andreevmaster.com\/fi\/wp-json\/wp\/v2\/product_brand?post=38104"},{"taxonomy":"product_cat","embeddable":true,"href":"https:\/\/nordicmart.andreevmaster.com\/fi\/wp-json\/wp\/v2\/product_cat?post=38104"},{"taxonomy":"product_tag","embeddable":true,"href":"https:\/\/nordicmart.andreevmaster.com\/fi\/wp-json\/wp\/v2\/product_tag?post=38104"}],"curies":[{"name":"wp","href":"https:\/\/api.w.org\/{rel}","templated":true}]}}