{"id":38103,"date":"2026-02-27T00:42:23","date_gmt":"2026-02-27T00:42:23","guid":{"rendered":"https:\/\/nordicmart.andreevmaster.com\/product\/royal-timeless-white-changer-2\/"},"modified":"2026-02-27T09:58:19","modified_gmt":"2026-02-27T09:58:19","slug":"royal-timeless-white-changer-2","status":"publish","type":"product","link":"https:\/\/nordicmart.andreevmaster.com\/fi\/tuote\/royal-timeless-white-changer-2\/","title":{"rendered":"Royal  timeless white changer"},"content":{"rendered":"<p>Ylellisyytt\u00e4, fantasiaa, tyyli\u00e4<br \/>\nKokoelma todellisille prinsessoille ja prinssille. Sisustus, jossa hallitsevat fantastiset muodot, jalo viimeistely ja tyylikk\u00e4\u00e4t koristeet. Huonekalut vaativimpiin makuihin. Sek\u00e4 pienille ett\u00e4 suurille designklassikoiden yst\u00e4ville.<br \/>\nT\u00e4rkeimm\u00e4t edut:<br \/>\n&#8211; turvallinen, k\u00e4tev\u00e4 ja mukava paikka, joka helpottaa vauvan vaipanvaihtoa,<br \/>\n-laajentaa lipaston pintaa, joten lapsi on turvassa ja kaikki hoitotuotteet ovat k\u00e4den ulottuvilla,<br \/>\n&#8211; sopii t\u00e4ydellisesti Royal-lipastoon,<br \/>\n&#8211; voidaan asentaa vasemmalle ja oikealle puolelle sek\u00e4 lipaston keskelle,<br \/>\n&#8211; Sek\u00e4 asennus ett\u00e4 irrottaminen ovat eritt\u00e4in nopeita ja helppoja; irrottamisen j\u00e4lkeen lipastoon ei j\u00e4\u00e4 j\u00e4lki\u00e4,<br \/>\n&#8211; t\u00e4ytt\u00e4\u00e4 eurooppalaiset turvallisuusstandardit ja -normit. <\/p>\n<p>Mitat (cm):<br \/>\npituus: 75,8<br \/>\nleveys: 59,6<br \/>\nkorkeus: 8 <\/p>\n<p>Lis\u00e4tietoja:<br \/>\n-vaippap\u00f6yd\u00e4n kiinnityspisteisiin voidaan kiinnitt\u00e4\u00e4 tekstiilipehmusteita\/vaippamattoja, joiden enimm\u00e4ismitat ovat 56 cm x 75 cm<br \/>\n-vaippap\u00f6yd\u00e4n enimm\u00e4iskantavuus: 15 kg <\/p>\n<p>Muotoilu ja viimeistely:<br \/>\n&#8211; lakattu MDF-levy, <\/p>\n<p>Valmistusprosessissa k\u00e4ytetyt lakat ovat lapsille turvallisia ja sertifioituja standardin EN71\/3 mukaisesti <\/p>\n<p>V\u00e4ri:<br \/>\n&#8211; valkoinen (NCS S 0505-R70B) <\/p>\n<p>K\u00e4ytt\u00f6ohjeet:<br \/>\nHuonekalut tulee puhdistaa pehme\u00e4ll\u00e4, vedell\u00e4 kostutetulla puuvillakankaalla tai huonekalujen hoitoon tarkoitetulla tuotteella. <\/p>\n<p>Kokoonpano:<br \/>\nHuonekalut toimitetaan pakkauksissa itse koottaviksi. Yksityiskohtaiset kokoonpano-ohjeet ovat pakkauksissa mukana.<\/p>\n","protected":false},"excerpt":{"rendered":"<p>Ylellisyytt\u00e4, fantasiaa, tyyli\u00e4 Kokoelma todellisille prinsessoille ja prinssille. Sisustus, jossa hallitsevat fantastiset muodot, jalo viimeistely ja tyylikk\u00e4\u00e4t koristeet. Huonekalut vaativimpiin makuihin. Sek\u00e4 pienille ett\u00e4 suurille designklassikoiden yst\u00e4ville. T\u00e4rkeimm\u00e4t edut: &#8211; turvallinen, k\u00e4tev\u00e4 ja mukava paikka, joka helpottaa vauvan vaipanvaihtoa, -laajentaa lipaston pintaa, joten lapsi on turvassa ja kaikki hoitotuotteet ovat k\u00e4den ulottuvilla, &#8211; sopii t\u00e4ydellisesti [&hellip;]<\/p>\n","protected":false},"featured_media":0,"comment_status":"open","ping_status":"closed","template":"","meta":[],"product_brand":[],"product_cat":[32],"product_tag":[],"class_list":{"0":"post-38103","1":"product","2":"type-product","3":"status-publish","5":"product_cat-uncategorized-fi","7":"first","8":"instock","9":"shipping-taxable","10":"purchasable","11":"product-type-simple"},"_links":{"self":[{"href":"https:\/\/nordicmart.andreevmaster.com\/fi\/wp-json\/wp\/v2\/product\/38103","targetHints":{"allow":["GET"]}}],"collection":[{"href":"https:\/\/nordicmart.andreevmaster.com\/fi\/wp-json\/wp\/v2\/product"}],"about":[{"href":"https:\/\/nordicmart.andreevmaster.com\/fi\/wp-json\/wp\/v2\/types\/product"}],"replies":[{"embeddable":true,"href":"https:\/\/nordicmart.andreevmaster.com\/fi\/wp-json\/wp\/v2\/comments?post=38103"}],"wp:attachment":[{"href":"https:\/\/nordicmart.andreevmaster.com\/fi\/wp-json\/wp\/v2\/media?parent=38103"}],"wp:term":[{"taxonomy":"product_brand","embeddable":true,"href":"https:\/\/nordicmart.andreevmaster.com\/fi\/wp-json\/wp\/v2\/product_brand?post=38103"},{"taxonomy":"product_cat","embeddable":true,"href":"https:\/\/nordicmart.andreevmaster.com\/fi\/wp-json\/wp\/v2\/product_cat?post=38103"},{"taxonomy":"product_tag","embeddable":true,"href":"https:\/\/nordicmart.andreevmaster.com\/fi\/wp-json\/wp\/v2\/product_tag?post=38103"}],"curies":[{"name":"wp","href":"https:\/\/api.w.org\/{rel}","templated":true}]}}