{"id":38102,"date":"2026-02-27T00:42:23","date_gmt":"2026-02-27T00:42:23","guid":{"rendered":"https:\/\/nordicmart.andreevmaster.com\/product\/royal-ajaton-valkoinen-seinahylly\/"},"modified":"2026-02-27T09:58:19","modified_gmt":"2026-02-27T09:58:19","slug":"royal-ajaton-valkoinen-seinahylly","status":"publish","type":"product","link":"https:\/\/nordicmart.andreevmaster.com\/fi\/tuote\/royal-ajaton-valkoinen-seinahylly\/","title":{"rendered":"Royal ajaton valkoinen sein\u00e4hylly"},"content":{"rendered":"<p>Ylellisyytt\u00e4, fantasiaa, tyyli\u00e4<br \/>\nKokoelma todellisille prinsessoille ja prinssille. Sisustus, jossa hallitsevat fantastiset muodot, jalo viimeistely ja tyylikk\u00e4\u00e4t koristeet. Huonekalut vaativimpiin makuihin. Sek\u00e4 pienille ett\u00e4 suurille designklassikoiden yst\u00e4ville. <\/p>\n<p>T\u00e4rkeimm\u00e4t edut:<br \/>\n&#8211; 2 hylly\u00e4,<br \/>\n&#8211; Pys\u00e4yttimet, jotka est\u00e4v\u00e4t hyllylle asetettuja esineit\u00e4 putoamasta,<br \/>\n&#8211; 1 laatikko, joka sopii erinomaisesti pienten esineiden s\u00e4ilytykseen,<br \/>\n&#8211; t\u00e4ytt\u00e4\u00e4 eurooppalaiset turvallisuusstandardit ja -normit. <\/p>\n<p>Mitat (cm):<br \/>\nkorkeus: 75<br \/>\nsyvyys: 22,7<br \/>\nleveys: 67,5 <\/p>\n<p>Suunnittelu ja viimeistely:<br \/>\n&#8211; lakattu MDF-levy,<br \/>\n&#8211; korkealaatuinen laminoitu levy, joka kest\u00e4\u00e4 vaurioita ja kosteutta ja on helppo pit\u00e4\u00e4 puhtaana,<br \/>\n&#8211; lakattu py\u00f6kkipuu. <\/p>\n<p>Valmistusprosessissa k\u00e4ytetyt lakat ovat lapsille turvallisia ja sertifioituja standardin EN71\/3 mukaisesti. <\/p>\n<p>V\u00e4ri:<br \/>\n&#8211; valkoinen (NCS S 0505-R70B) <\/p>\n<p>K\u00e4ytt\u00f6ohjeet:<br \/>\nHuonekalut tulee puhdistaa pehme\u00e4ll\u00e4, vedell\u00e4 kostutetulla puuvillakankaalla tai huonekalujen hoitoon tarkoitetulla tuotteella. <\/p>\n<p>Kokoonpano:<br \/>\nHuonekalut toimitetaan pakkauksissa itse koottaviksi. Yksityiskohtaiset kokoonpano-ohjeet ovat pakkauksissa mukana.<\/p>\n","protected":false},"excerpt":{"rendered":"<p>Ylellisyytt\u00e4, fantasiaa, tyyli\u00e4 Kokoelma todellisille prinsessoille ja prinssille. Sisustus, jossa hallitsevat fantastiset muodot, jalo viimeistely ja tyylikk\u00e4\u00e4t koristeet. Huonekalut vaativimpiin makuihin. Sek\u00e4 pienille ett\u00e4 suurille designklassikoiden yst\u00e4ville. T\u00e4rkeimm\u00e4t edut: &#8211; 2 hylly\u00e4, &#8211; Pys\u00e4yttimet, jotka est\u00e4v\u00e4t hyllylle asetettuja esineit\u00e4 putoamasta, &#8211; 1 laatikko, joka sopii erinomaisesti pienten esineiden s\u00e4ilytykseen, &#8211; t\u00e4ytt\u00e4\u00e4 eurooppalaiset turvallisuusstandardit ja -normit. [&hellip;]<\/p>\n","protected":false},"featured_media":0,"comment_status":"open","ping_status":"closed","template":"","meta":[],"product_brand":[],"product_cat":[32],"product_tag":[],"class_list":{"0":"post-38102","1":"product","2":"type-product","3":"status-publish","5":"product_cat-uncategorized-fi","7":"first","8":"instock","9":"shipping-taxable","10":"purchasable","11":"product-type-simple"},"_links":{"self":[{"href":"https:\/\/nordicmart.andreevmaster.com\/fi\/wp-json\/wp\/v2\/product\/38102","targetHints":{"allow":["GET"]}}],"collection":[{"href":"https:\/\/nordicmart.andreevmaster.com\/fi\/wp-json\/wp\/v2\/product"}],"about":[{"href":"https:\/\/nordicmart.andreevmaster.com\/fi\/wp-json\/wp\/v2\/types\/product"}],"replies":[{"embeddable":true,"href":"https:\/\/nordicmart.andreevmaster.com\/fi\/wp-json\/wp\/v2\/comments?post=38102"}],"wp:attachment":[{"href":"https:\/\/nordicmart.andreevmaster.com\/fi\/wp-json\/wp\/v2\/media?parent=38102"}],"wp:term":[{"taxonomy":"product_brand","embeddable":true,"href":"https:\/\/nordicmart.andreevmaster.com\/fi\/wp-json\/wp\/v2\/product_brand?post=38102"},{"taxonomy":"product_cat","embeddable":true,"href":"https:\/\/nordicmart.andreevmaster.com\/fi\/wp-json\/wp\/v2\/product_cat?post=38102"},{"taxonomy":"product_tag","embeddable":true,"href":"https:\/\/nordicmart.andreevmaster.com\/fi\/wp-json\/wp\/v2\/product_tag?post=38102"}],"curies":[{"name":"wp","href":"https:\/\/api.w.org\/{rel}","templated":true}]}}