{"id":38101,"date":"2026-02-27T00:42:23","date_gmt":"2026-02-27T00:42:23","guid":{"rendered":"https:\/\/nordicmart.andreevmaster.com\/product\/royal-ajaton-valkoinen-sanky-90x200\/"},"modified":"2026-02-27T09:58:19","modified_gmt":"2026-02-27T09:58:19","slug":"royal-ajaton-valkoinen-sanky-90x200","status":"publish","type":"product","link":"https:\/\/nordicmart.andreevmaster.com\/fi\/tuote\/royal-ajaton-valkoinen-sanky-90x200\/","title":{"rendered":"Royal  ajaton valkoinen s\u00e4nky 90&#215;200"},"content":{"rendered":"<p>Ylellisyytt\u00e4, fantasiaa, tyyli\u00e4<br \/>\nKokoelma todellisille prinsessoille ja prinssille. Sisustus, jossa hallitsevat fantastiset muodot, jalo viimeistely ja tyylikk\u00e4\u00e4t koristeet. Huonekalut vaativimpiin makuihin. Sek\u00e4 pienille ett\u00e4 suurille designklassikoiden yst\u00e4ville.<br \/>\nT\u00e4rkeimm\u00e4t edut:<br \/>\n&#8211; yl\u00e4osan vakiokoko &#8211; patja ja tekstiilit on helppo sovittaa yhteen,<br \/>\n&#8211; yleisk\u00e4ytt\u00f6inen turva-aita voidaan lis\u00e4t\u00e4 putoamisen est\u00e4miseksi (lis\u00e4varuste),<br \/>\n&#8211; puinen patjakehys mukana,<br \/>\n&#8211; t\u00e4ytt\u00e4\u00e4 eurooppalaiset turvallisuusstandardit ja -normit.<br \/>\nMitat (cm):<br \/>\nkorkeus: 98<br \/>\nsyvyys: 97<br \/>\nleveys: 209,6 <\/p>\n<p>Muotoilu ja viimeistely:<br \/>\n&#8211; lakattu MDF-levy,<br \/>\n&#8211; korkealaatuinen laminoitu levy, joka kest\u00e4\u00e4 vaurioita ja kosteutta ja on helppo pit\u00e4\u00e4 puhtaana, <\/p>\n<p>Valmistusprosessissa k\u00e4ytetyt lakat ovat lapsille turvallisia ja sertifioituja standardin EN71\/3 mukaisesti <\/p>\n<p>V\u00e4ri:<br \/>\n&#8211; valkoinen (NCS S 0505-R70B) <\/p>\n<p>K\u00e4ytt\u00f6ohjeet:<br \/>\nHuonekalut tulee puhdistaa pehme\u00e4ll\u00e4, vedell\u00e4 kostutetulla puuvillakankaalla tai huonekalujen hoitoon tarkoitetulla tuotteella. <\/p>\n<p>Kokoonpano:<br \/>\nHuonekalut toimitetaan pakkauksissa, jotka on tarkoitettu itse koottaviksi. Pakkauksissa on mukana yksityiskohtaiset kokoonpano-ohjeet ja tarvittavat tarvikkeet.<\/p>\n","protected":false},"excerpt":{"rendered":"<p>Ylellisyytt\u00e4, fantasiaa, tyyli\u00e4 Kokoelma todellisille prinsessoille ja prinssille. Sisustus, jossa hallitsevat fantastiset muodot, jalo viimeistely ja tyylikk\u00e4\u00e4t koristeet. Huonekalut vaativimpiin makuihin. Sek\u00e4 pienille ett\u00e4 suurille designklassikoiden yst\u00e4ville. T\u00e4rkeimm\u00e4t edut: &#8211; yl\u00e4osan vakiokoko &#8211; patja ja tekstiilit on helppo sovittaa yhteen, &#8211; yleisk\u00e4ytt\u00f6inen turva-aita voidaan lis\u00e4t\u00e4 putoamisen est\u00e4miseksi (lis\u00e4varuste), &#8211; puinen patjakehys mukana, &#8211; t\u00e4ytt\u00e4\u00e4 eurooppalaiset [&hellip;]<\/p>\n","protected":false},"featured_media":0,"comment_status":"open","ping_status":"closed","template":"","meta":[],"product_brand":[],"product_cat":[32],"product_tag":[],"class_list":{"0":"post-38101","1":"product","2":"type-product","3":"status-publish","5":"product_cat-uncategorized-fi","7":"first","8":"instock","9":"shipping-taxable","10":"purchasable","11":"product-type-simple"},"_links":{"self":[{"href":"https:\/\/nordicmart.andreevmaster.com\/fi\/wp-json\/wp\/v2\/product\/38101","targetHints":{"allow":["GET"]}}],"collection":[{"href":"https:\/\/nordicmart.andreevmaster.com\/fi\/wp-json\/wp\/v2\/product"}],"about":[{"href":"https:\/\/nordicmart.andreevmaster.com\/fi\/wp-json\/wp\/v2\/types\/product"}],"replies":[{"embeddable":true,"href":"https:\/\/nordicmart.andreevmaster.com\/fi\/wp-json\/wp\/v2\/comments?post=38101"}],"wp:attachment":[{"href":"https:\/\/nordicmart.andreevmaster.com\/fi\/wp-json\/wp\/v2\/media?parent=38101"}],"wp:term":[{"taxonomy":"product_brand","embeddable":true,"href":"https:\/\/nordicmart.andreevmaster.com\/fi\/wp-json\/wp\/v2\/product_brand?post=38101"},{"taxonomy":"product_cat","embeddable":true,"href":"https:\/\/nordicmart.andreevmaster.com\/fi\/wp-json\/wp\/v2\/product_cat?post=38101"},{"taxonomy":"product_tag","embeddable":true,"href":"https:\/\/nordicmart.andreevmaster.com\/fi\/wp-json\/wp\/v2\/product_tag?post=38101"}],"curies":[{"name":"wp","href":"https:\/\/api.w.org\/{rel}","templated":true}]}}