{"id":38100,"date":"2026-02-27T00:42:22","date_gmt":"2026-02-27T00:42:22","guid":{"rendered":"https:\/\/nordicmart.andreevmaster.com\/product\/royal-ajaton-valkoinen-pinnasanky-70x140-vuodesohva-70x140\/"},"modified":"2026-02-27T09:58:19","modified_gmt":"2026-02-27T09:58:19","slug":"royal-ajaton-valkoinen-pinnasanky-70x140-vuodesohva-70x140","status":"publish","type":"product","link":"https:\/\/nordicmart.andreevmaster.com\/fi\/tuote\/royal-ajaton-valkoinen-pinnasanky-70x140-vuodesohva-70x140\/","title":{"rendered":"Royal  ajaton valkoinen pinnas\u00e4nky 70&#215;140 \/ vuodesohva 70&#215;140"},"content":{"rendered":"<p>Ylellisyytt\u00e4, fantasiaa, tyyli\u00e4<br \/>\nKokoelma todellisille prinsessoille ja prinssille. Sisustus, jossa hallitsevat fantastiset muodot, jalo viimeistely ja tyylikk\u00e4\u00e4t koristeet. Huonekalut vaativimpiin makuihin. Sek\u00e4 pienille ett\u00e4 suurille designklassikoiden yst\u00e4ville. <\/p>\n<p>T\u00e4rkeimm\u00e4t edut:<br \/>\n&#8211; kolme irrotettavaa tankoa s\u00e4ngyn rungossa, jotta lapsi voi nousta s\u00e4ngyst\u00e4 ja menn\u00e4 siihen vapaasti,<br \/>\n&#8211; kolme patjan pohjan korkeusasentoa, jotka mukautuvat lapsen kehitykseen (58\/45,5\/28 cm lattiasta),<br \/>\n&#8211; voidaan muuntaa sohvaksi poistamalla yksi kehyksist\u00e4,<br \/>\n&#8211; valmius kiinnitt\u00e4\u00e4 esteet, jotka suojaavat lasta putoamasta s\u00e4ngyst\u00e4 nukkuessaan (lis\u00e4varuste),<br \/>\n-tilava laatikko, jossa on kumip\u00e4\u00e4llysteiset py\u00f6r\u00e4t, jotka eiv\u00e4t vahingoita lattiaa,<br \/>\n&#8211; t\u00e4ytt\u00e4\u00e4 eurooppalaiset turvallisuusstandardit ja -normit. <\/p>\n<p>Mitat (cm):<br \/>\npituus: 149,3<br \/>\nleveys: 78,4<br \/>\nkorkeus: 96,9 <\/p>\n<p>Lis\u00e4tietoja:<br \/>\n&#8211; s\u00e4nkyyn sopii seuraavan kokoinen patja: 140 cm x 70 cm<br \/>\n&#8211; k\u00e4ytt\u00f6ik\u00e4: noin 6 vuotta. <\/p>\n<p>Suunnittelu ja viimeistely:<br \/>\n&#8211; lakattu MDF-levy,<br \/>\n&#8211; korkealaatuinen laminoitu levy, joka kest\u00e4\u00e4 vaurioita ja kosteutta ja on helppo pit\u00e4\u00e4 puhtaana,<br \/>\n&#8211; lakattu py\u00f6kkipuu.- py\u00f6kkivaneri<br \/>\n&#8211; Blum-kiskot, joissa on j\u00e4rjestelm\u00e4 laatikoiden sulkeutumisen hidastamiseksi, <\/p>\n<p>Valmistusprosessissa k\u00e4ytetyt lakat ovat lapsille turvallisia ja sertifioituja standardin EN71\/3 mukaisesti <\/p>\n<p>V\u00e4ri:<br \/>\n&#8211; valkoinen (NCS S 0505-R70B) <\/p>\n<p>K\u00e4ytt\u00f6ohjeet:<br \/>\nHuonekalut tulee puhdistaa pehme\u00e4ll\u00e4, vedell\u00e4 kostutetulla puuvillakankaalla tai huonekalujen hoitoon tarkoitetulla tuotteella. <\/p>\n<p>Kokoonpano:<br \/>\nHuonekalut toimitetaan pakkauksissa itse koottaviksi. Pakkauksissa on mukana yksityiskohtaiset kokoonpano-ohjeet ja tarvittavat tarvikkeet.<\/p>\n","protected":false},"excerpt":{"rendered":"<p>Ylellisyytt\u00e4, fantasiaa, tyyli\u00e4 Kokoelma todellisille prinsessoille ja prinssille. Sisustus, jossa hallitsevat fantastiset muodot, jalo viimeistely ja tyylikk\u00e4\u00e4t koristeet. Huonekalut vaativimpiin makuihin. Sek\u00e4 pienille ett\u00e4 suurille designklassikoiden yst\u00e4ville. T\u00e4rkeimm\u00e4t edut: &#8211; kolme irrotettavaa tankoa s\u00e4ngyn rungossa, jotta lapsi voi nousta s\u00e4ngyst\u00e4 ja menn\u00e4 siihen vapaasti, &#8211; kolme patjan pohjan korkeusasentoa, jotka mukautuvat lapsen kehitykseen (58\/45,5\/28 cm [&hellip;]<\/p>\n","protected":false},"featured_media":0,"comment_status":"open","ping_status":"closed","template":"","meta":[],"product_brand":[],"product_cat":[32],"product_tag":[],"class_list":{"0":"post-38100","1":"product","2":"type-product","3":"status-publish","5":"product_cat-uncategorized-fi","7":"first","8":"instock","9":"shipping-taxable","10":"purchasable","11":"product-type-simple"},"_links":{"self":[{"href":"https:\/\/nordicmart.andreevmaster.com\/fi\/wp-json\/wp\/v2\/product\/38100","targetHints":{"allow":["GET"]}}],"collection":[{"href":"https:\/\/nordicmart.andreevmaster.com\/fi\/wp-json\/wp\/v2\/product"}],"about":[{"href":"https:\/\/nordicmart.andreevmaster.com\/fi\/wp-json\/wp\/v2\/types\/product"}],"replies":[{"embeddable":true,"href":"https:\/\/nordicmart.andreevmaster.com\/fi\/wp-json\/wp\/v2\/comments?post=38100"}],"wp:attachment":[{"href":"https:\/\/nordicmart.andreevmaster.com\/fi\/wp-json\/wp\/v2\/media?parent=38100"}],"wp:term":[{"taxonomy":"product_brand","embeddable":true,"href":"https:\/\/nordicmart.andreevmaster.com\/fi\/wp-json\/wp\/v2\/product_brand?post=38100"},{"taxonomy":"product_cat","embeddable":true,"href":"https:\/\/nordicmart.andreevmaster.com\/fi\/wp-json\/wp\/v2\/product_cat?post=38100"},{"taxonomy":"product_tag","embeddable":true,"href":"https:\/\/nordicmart.andreevmaster.com\/fi\/wp-json\/wp\/v2\/product_tag?post=38100"}],"curies":[{"name":"wp","href":"https:\/\/api.w.org\/{rel}","templated":true}]}}