{"id":38099,"date":"2026-02-27T00:42:22","date_gmt":"2026-02-27T00:42:22","guid":{"rendered":"https:\/\/nordicmart.andreevmaster.com\/product\/royal-ajaton-valkoinen-4-laatikkoinen-lipasto\/"},"modified":"2026-02-27T09:58:18","modified_gmt":"2026-02-27T09:58:18","slug":"royal-ajaton-valkoinen-4-laatikkoinen-lipasto","status":"publish","type":"product","link":"https:\/\/nordicmart.andreevmaster.com\/fi\/tuote\/royal-ajaton-valkoinen-4-laatikkoinen-lipasto\/","title":{"rendered":"Royal  ajaton valkoinen 4-laatikkoinen lipasto"},"content":{"rendered":"<p>Royal 4-laatikkoinen lipasto yhdist\u00e4\u00e4 klassisen muotoilun ja toiminnallisuuden, ja se t\u00e4ytt\u00e4\u00e4 sek\u00e4 lasten ett\u00e4 aikuisten tarpeet. Elegantit yksityiskohdat ja k\u00e4yt\u00e4nn\u00f6lliset ominaisuudet sopivat t\u00e4ydellisesti erilaisiin sisustuksiin ja luovat tyylikk\u00e4\u00e4n ja mukavan s\u00e4ilytysratkaisun. Se sopii erinomaisesti lastenhuoneeseen, sisarusten yhteiseen tilaan tai jopa makuuhuoneeseen. <\/p>\n<p>T\u00e4rkeimm\u00e4t ominaisuudet:<br \/>\n\u2022 Tilava s\u00e4ilytystila: Nelj\u00e4 tilavaa laatikkoa, joista ylin on jaettu kahteen osastoon, helpottavat tavaroiden j\u00e4rjestely\u00e4.<br \/>\n\u2022 Eleganssia ja ergonomiaa: Hienovaraiset koristeet ja k\u00e4yt\u00e4nn\u00f6lliset, mukavat kahvat antavat lipastolle ainutlaatuisen luonteen, joka sopii erinomaisesti lastenhuoneisiin tai makuuhuoneisiin.<br \/>\n\u2022 Monipuolisuus: Sopii yhteen Royal-sarjan muiden tuotteiden kanssa ja sulautuu saumattomasti mihin tahansa tilaan \u2013 lastenhuoneesta yhteisiin oleskelutiloihin.<br \/>\n\u2022 Turvalliset materiaalit: Valmistettu sertifioiduista materiaaleista, jotka t\u00e4ytt\u00e4v\u00e4t turvallisuusstandardit, joten se on turvallinen ja lapsille sopiva.<\/p>\n<p>Materiaalit ja viimeistely:<br \/>\n\u2022 Laatikoiden etuosat, yl\u00e4osa, pohja: Valkoiseksi lakattu MDF-levy.<br \/>\n\u2022 Runko ja sivut: Laadukas laminoitu levy, joka kest\u00e4\u00e4 vaurioita ja kosteutta. \u2022 Laatikon kiskot: Blum-kiskot pehme\u00e4ll\u00e4 sulkeutumisj\u00e4rjestelm\u00e4ll\u00e4 takaavat hiljaisen ja sujuvan toiminnan.  Valmistusprosessissa k\u00e4ytet\u00e4\u00e4n vesiohenteisia maaleja, jotka on sertifioitu lasten huonekalujen turvallisuutta koskevan EN71\/3-standardin mukaisesti. Mitat (cm): \u2022 Korkeus: 89,6 \u2022 Syvyys: 51<br \/>\n     \u2022 Leveys: 120 <\/p>\n<p>Laatikoiden sis\u00e4mitat: <\/p>\n<p>   ylin laatikko \u2013 2 lokeroa<br \/>\n       &#8211; korkeus: 14,5<br \/>\n       &#8211; syvyys: 41,4<br \/>\n       &#8211; leveys: 53,8 <\/p>\n<p>   keskimm\u00e4inen ja alimmainen laatikko<br \/>\n       &#8211; korkeus 14,5<br \/>\n       &#8211; syvyys 41,4<br \/>\n       &#8211; leveys 109,3 <\/p>\n<p> Saatavilla olevat v\u00e4rit: <\/p>\n<p>    \u2022 Ajaton valkoinen <\/p>\n<p>Hoito-ohjeet:   <\/p>\n<p>Pyyhi lipasto pehme\u00e4ll\u00e4, vedell\u00e4 kostutetulla puuvillakankaalla tai miedolla huonekalujen puhdistusaineella, jotta se s\u00e4ilyy kauniina vuosien ajan. <\/p>\n<p> Lis\u00e4tietoja: <\/p>\n<p>Lipasto toimitetaan litte\u00e4n\u00e4 pakkauksena, joka on tarkoitettu itse koottavaksi. Paketti sis\u00e4lt\u00e4\u00e4 yksityiskohtaiset ohjeet ja kaikki tarvittavat asennusosat. <\/p>\n<p>Royal 4-laatikkoinen lipasto \u2013 Eleganssia, joka erottuu miss\u00e4 tahansa sisustuksessa!<\/p>\n","protected":false},"excerpt":{"rendered":"<p>Royal 4-laatikkoinen lipasto yhdist\u00e4\u00e4 klassisen muotoilun ja toiminnallisuuden, ja se t\u00e4ytt\u00e4\u00e4 sek\u00e4 lasten ett\u00e4 aikuisten tarpeet. Elegantit yksityiskohdat ja k\u00e4yt\u00e4nn\u00f6lliset ominaisuudet sopivat t\u00e4ydellisesti erilaisiin sisustuksiin ja luovat tyylikk\u00e4\u00e4n ja mukavan s\u00e4ilytysratkaisun. Se sopii erinomaisesti lastenhuoneeseen, sisarusten yhteiseen tilaan tai jopa makuuhuoneeseen. T\u00e4rkeimm\u00e4t ominaisuudet: \u2022 Tilava s\u00e4ilytystila: Nelj\u00e4 tilavaa laatikkoa, joista ylin on jaettu kahteen osastoon, [&hellip;]<\/p>\n","protected":false},"featured_media":0,"comment_status":"open","ping_status":"closed","template":"","meta":[],"product_brand":[],"product_cat":[32],"product_tag":[],"class_list":{"0":"post-38099","1":"product","2":"type-product","3":"status-publish","5":"product_cat-uncategorized-fi","7":"first","8":"instock","9":"shipping-taxable","10":"purchasable","11":"product-type-simple"},"_links":{"self":[{"href":"https:\/\/nordicmart.andreevmaster.com\/fi\/wp-json\/wp\/v2\/product\/38099","targetHints":{"allow":["GET"]}}],"collection":[{"href":"https:\/\/nordicmart.andreevmaster.com\/fi\/wp-json\/wp\/v2\/product"}],"about":[{"href":"https:\/\/nordicmart.andreevmaster.com\/fi\/wp-json\/wp\/v2\/types\/product"}],"replies":[{"embeddable":true,"href":"https:\/\/nordicmart.andreevmaster.com\/fi\/wp-json\/wp\/v2\/comments?post=38099"}],"wp:attachment":[{"href":"https:\/\/nordicmart.andreevmaster.com\/fi\/wp-json\/wp\/v2\/media?parent=38099"}],"wp:term":[{"taxonomy":"product_brand","embeddable":true,"href":"https:\/\/nordicmart.andreevmaster.com\/fi\/wp-json\/wp\/v2\/product_brand?post=38099"},{"taxonomy":"product_cat","embeddable":true,"href":"https:\/\/nordicmart.andreevmaster.com\/fi\/wp-json\/wp\/v2\/product_cat?post=38099"},{"taxonomy":"product_tag","embeddable":true,"href":"https:\/\/nordicmart.andreevmaster.com\/fi\/wp-json\/wp\/v2\/product_tag?post=38099"}],"curies":[{"name":"wp","href":"https:\/\/api.w.org\/{rel}","templated":true}]}}