{"id":38098,"date":"2026-02-27T00:42:22","date_gmt":"2026-02-27T00:42:22","guid":{"rendered":"https:\/\/nordicmart.andreevmaster.com\/product\/royal-ajaton-valkoinen-tyopoyta\/"},"modified":"2026-02-27T09:58:18","modified_gmt":"2026-02-27T09:58:18","slug":"royal-ajaton-valkoinen-tyopoyta","status":"publish","type":"product","link":"https:\/\/nordicmart.andreevmaster.com\/fi\/tuote\/royal-ajaton-valkoinen-tyopoyta\/","title":{"rendered":"Royal  ajaton valkoinen ty\u00f6p\u00f6yt\u00e4"},"content":{"rendered":"<p>Ylellisyytt\u00e4, fantasiaa, tyyli\u00e4 <\/p>\n<p>Kokoelma todellisille prinsessoille ja prinssille. Sisustus, jossa hallitsevat fantastiset muodot, jalo viimeistely ja tyylikk\u00e4\u00e4t koristeet. Huonekalut vaativimpiin makuihin. Sek\u00e4 pienille ett\u00e4 suurille designklassikoiden yst\u00e4ville. <\/p>\n<p>T\u00e4rkeimm\u00e4t edut:  <\/p>\n<p>&#8211; 4 tilavaa laatikkoa, joissa GTV:n pallokiskot, <\/p>\n<p>-1 tilava kaappi, <\/p>\n<p>&#8211; t\u00e4ytt\u00e4\u00e4 eurooppalaiset turvallisuusstandardit ja -normit. <\/p>\n<p>Mitat (cm): korkeus: 77,6 syvyys: 60 leveys: 132 <\/p>\n<p>Suunnittelu ja viimeistely:  <\/p>\n<p>&#8211; lakattu MDF-levy, <\/p>\n<p>&#8211; korkealaatuinen laminoitu levy, joka kest\u00e4\u00e4 vaurioita ja kosteutta ja on helppo pit\u00e4\u00e4 puhtaana, <\/p>\n<p>Valmistusprosessissa k\u00e4ytetyt lakat ovat lapsille turvallisia ja sertifioituja standardin EN71\/3 mukaisesti <\/p>\n<p>V\u00e4ri: &#8211; valkoinen (NCS S 0505-R70B) <\/p>\n<p>K\u00e4ytt\u00f6ohjeet: Huonekalut tulee puhdistaa pehme\u00e4ll\u00e4, vedell\u00e4 kostutetulla puuvillakankaalla tai huonekalujen hoitoon tarkoitetulla tuotteella. Kokoonpano: Huonekalut toimitetaan pakkauksissa itse koottaviksi. Pakkauksissa on mukana yksityiskohtaiset kokoonpano-ohjeet ja tarvittavat tarvikkeet.<\/p>\n","protected":false},"excerpt":{"rendered":"<p>Ylellisyytt\u00e4, fantasiaa, tyyli\u00e4 Kokoelma todellisille prinsessoille ja prinssille. Sisustus, jossa hallitsevat fantastiset muodot, jalo viimeistely ja tyylikk\u00e4\u00e4t koristeet. Huonekalut vaativimpiin makuihin. Sek\u00e4 pienille ett\u00e4 suurille designklassikoiden yst\u00e4ville. T\u00e4rkeimm\u00e4t edut: &#8211; 4 tilavaa laatikkoa, joissa GTV:n pallokiskot, -1 tilava kaappi, &#8211; t\u00e4ytt\u00e4\u00e4 eurooppalaiset turvallisuusstandardit ja -normit. Mitat (cm): korkeus: 77,6 syvyys: 60 leveys: 132 Suunnittelu ja [&hellip;]<\/p>\n","protected":false},"featured_media":0,"comment_status":"open","ping_status":"closed","template":"","meta":[],"product_brand":[],"product_cat":[32],"product_tag":[],"class_list":{"0":"post-38098","1":"product","2":"type-product","3":"status-publish","5":"product_cat-uncategorized-fi","7":"first","8":"instock","9":"shipping-taxable","10":"purchasable","11":"product-type-simple"},"_links":{"self":[{"href":"https:\/\/nordicmart.andreevmaster.com\/fi\/wp-json\/wp\/v2\/product\/38098","targetHints":{"allow":["GET"]}}],"collection":[{"href":"https:\/\/nordicmart.andreevmaster.com\/fi\/wp-json\/wp\/v2\/product"}],"about":[{"href":"https:\/\/nordicmart.andreevmaster.com\/fi\/wp-json\/wp\/v2\/types\/product"}],"replies":[{"embeddable":true,"href":"https:\/\/nordicmart.andreevmaster.com\/fi\/wp-json\/wp\/v2\/comments?post=38098"}],"wp:attachment":[{"href":"https:\/\/nordicmart.andreevmaster.com\/fi\/wp-json\/wp\/v2\/media?parent=38098"}],"wp:term":[{"taxonomy":"product_brand","embeddable":true,"href":"https:\/\/nordicmart.andreevmaster.com\/fi\/wp-json\/wp\/v2\/product_brand?post=38098"},{"taxonomy":"product_cat","embeddable":true,"href":"https:\/\/nordicmart.andreevmaster.com\/fi\/wp-json\/wp\/v2\/product_cat?post=38098"},{"taxonomy":"product_tag","embeddable":true,"href":"https:\/\/nordicmart.andreevmaster.com\/fi\/wp-json\/wp\/v2\/product_tag?post=38098"}],"curies":[{"name":"wp","href":"https:\/\/api.w.org\/{rel}","templated":true}]}}