{"id":38096,"date":"2026-02-27T00:42:21","date_gmt":"2026-02-27T00:42:21","guid":{"rendered":"https:\/\/nordicmart.andreevmaster.com\/product\/songmics-sailytyslaatikkosetti-3-kpl-lapsille\/"},"modified":"2026-02-27T09:58:18","modified_gmt":"2026-02-27T09:58:18","slug":"songmics-sailytyslaatikkosetti-3-kpl-lapsille","status":"publish","type":"product","link":"https:\/\/nordicmart.andreevmaster.com\/fi\/tuote\/songmics-sailytyslaatikkosetti-3-kpl-lapsille\/","title":{"rendered":"SONGMICS S\u00e4ilytyslaatikkosetti 3 kpl lapsille"},"content":{"rendered":"<p>N\u00e4m\u00e4 s\u00e4ilytyslaatikot eiv\u00e4t ole vain kauniita, mik\u00e4 tekee s\u00e4ilytyspaikan hauskaksi lapsille, vaan my\u00f6s k\u00e4yt\u00e4nn\u00f6llisi\u00e4: &#8211; Magneettinen kansi: Voidaan avata ja kiinnitt\u00e4\u00e4 ylemp\u00e4\u00e4n laatikkoon, jotta lapset l\u00f6yt\u00e4v\u00e4t tavarat helposti ja p\u00e4\u00e4sev\u00e4t niihin k\u00e4siksi. &#8211; Pinottava: Jokaisen laatikon takana oleva tarranauha helpottaa pinoamista, jotta pystysuora s\u00e4ilytystila voidaan hy\u00f6dynt\u00e4\u00e4 optimaalisesti. &#8211; Kahvoilla: Monipuoliset laatikot on helppo sijoittaa hyllyille, kaappeihin, lastenhuoneisiin, olohuoneisiin jne. &#8211; Taitettava rakenne: Tekee kokoamisesta ja s\u00e4ilytt\u00e4misest\u00e4 helppoa. Tuotetiedot: &#8211; V\u00e4ri: beige &#8211; Materiaali: kuitukangas, pahvi &#8211; Koko per laatikko: 38 x 35 x 25 cm (P x L x K) &#8211; Kokonaispaino: 3,3 kg &#8211; Maks. staattinen kantavuus per laatikko: 10 kg Toimitus sis\u00e4lt\u00e4\u00e4: &#8211; 3 x s\u00e4ilytyslaatikko SONGMICS Huomautukset:- Laatikoita ei voi pest\u00e4; lika suositellaan pyyhitt\u00e4v\u00e4ksi kostealla liinalla. &#8211; Aseta tuote hyvin ilmastoituun paikkaan, jos se haisee ep\u00e4miellytt\u00e4v\u00e4lt\u00e4 avaamisen j\u00e4lkeen. &#8211; \u00c4l\u00e4 altista tuotetta pitk\u00e4\u00e4n suoralle auringonvalolle tai korkealle kosteudelle.- Jokaisen laatikon enimm\u00e4iskuormitus on 10 kg. \u00c4l\u00e4 laita liian painavia esineit\u00e4 laatikkoon.<\/p>\n","protected":false},"excerpt":{"rendered":"<p>SONGMICS s\u00e4ilytyslaatikko lapsille, 3 kpl, taitettavat laatikot, lelulaatikko kannella, 38 x 35 x 25 cm, lastenhuoneeseen, leluhuoneeseen, avaruusaiheinen, beige RLB700M01<\/p>\n","protected":false},"featured_media":45933,"comment_status":"open","ping_status":"closed","template":"","meta":[],"product_brand":[],"product_cat":[32],"product_tag":[],"class_list":{"0":"post-38096","1":"product","2":"type-product","3":"status-publish","4":"has-post-thumbnail","6":"product_cat-uncategorized-fi","8":"first","9":"instock","10":"shipping-taxable","11":"purchasable","12":"product-type-simple"},"_links":{"self":[{"href":"https:\/\/nordicmart.andreevmaster.com\/fi\/wp-json\/wp\/v2\/product\/38096","targetHints":{"allow":["GET"]}}],"collection":[{"href":"https:\/\/nordicmart.andreevmaster.com\/fi\/wp-json\/wp\/v2\/product"}],"about":[{"href":"https:\/\/nordicmart.andreevmaster.com\/fi\/wp-json\/wp\/v2\/types\/product"}],"replies":[{"embeddable":true,"href":"https:\/\/nordicmart.andreevmaster.com\/fi\/wp-json\/wp\/v2\/comments?post=38096"}],"wp:featuredmedia":[{"embeddable":true,"href":"https:\/\/nordicmart.andreevmaster.com\/fi\/wp-json\/wp\/v2\/media\/45933"}],"wp:attachment":[{"href":"https:\/\/nordicmart.andreevmaster.com\/fi\/wp-json\/wp\/v2\/media?parent=38096"}],"wp:term":[{"taxonomy":"product_brand","embeddable":true,"href":"https:\/\/nordicmart.andreevmaster.com\/fi\/wp-json\/wp\/v2\/product_brand?post=38096"},{"taxonomy":"product_cat","embeddable":true,"href":"https:\/\/nordicmart.andreevmaster.com\/fi\/wp-json\/wp\/v2\/product_cat?post=38096"},{"taxonomy":"product_tag","embeddable":true,"href":"https:\/\/nordicmart.andreevmaster.com\/fi\/wp-json\/wp\/v2\/product_tag?post=38096"}],"curies":[{"name":"wp","href":"https:\/\/api.w.org\/{rel}","templated":true}]}}