{"id":38095,"date":"2026-02-27T00:42:21","date_gmt":"2026-02-27T00:42:21","guid":{"rendered":"https:\/\/nordicmart.andreevmaster.com\/product\/songmics-sailytyslaatikot-4-kpl-pinottavat\/"},"modified":"2026-02-27T09:58:18","modified_gmt":"2026-02-27T09:58:18","slug":"songmics-sailytyslaatikot-4-kpl-pinottavat","status":"publish","type":"product","link":"https:\/\/nordicmart.andreevmaster.com\/fi\/tuote\/songmics-sailytyslaatikot-4-kpl-pinottavat\/","title":{"rendered":"SONGMICS s\u00e4ilytyslaatikot 4 kpl pinottavat"},"content":{"rendered":"<p>Hy\u00f6dynn\u00e4 tilasi optimaalisesti N\u00e4m\u00e4 kangaskotelot voidaan pinota p\u00e4\u00e4llekk\u00e4in, jotta voit hy\u00f6dynt\u00e4\u00e4 kotisi pystysuuntaisen tilan paremmin. Halkaisijaltaan 3 mm:n rautakehys ja sis\u00e4inen pahvinen rakenne takaavat hyv\u00e4n vakauden ilman, ett\u00e4 kotelot v\u00e4\u00e4ntyv\u00e4t. Lis\u00e4ksi n\u00e4m\u00e4 kotelot voidaan yhdist\u00e4\u00e4 toisiinsa takapuolella olevien tarranauhojen avulla. Kun laatikoita ei k\u00e4ytet\u00e4, ne voidaan taittaa kokoon ja vapauttaa tilaa muille esineille. Yksi sarja, tuhat k\u00e4ytt\u00f6tapaa &#8211; Makuuhuone: vaatekaappiin vaatteiden siistiksi s\u00e4ilytt\u00e4miseksi; s\u00e4ngyn viereen monien pienten esineiden s\u00e4ilytt\u00e4miseksi k\u00e4den ulottuvilla. &#8211; Olohuone: kirjoille, lehdille ja sanomalehdille. &#8211; Eteinen: kengille, laukkuille jne. &#8211; Lastenhuone: lasten lelujen ja vaatteiden s\u00e4ilytt\u00e4miseen Tuotetiedot: &#8211; V\u00e4ri: harmaa p\u00e4\u00e4llinen, beige vuori &#8211; Materiaali: pellavakangas, 3 mm paksu pahvi, \u00d8 3 mm rautakehys, 80 g\/\u33a1 kuitukangas &#8211; Suuren laatikon mitat: 50 x 35 x 25 cm (P x L x K) &#8211; Pienen laatikon mitat: 25 x 35 x 25 cm (P x L x K) &#8211; Kokonaispaino: 5,2 kg &#8211; Maks. kantavuus per laatikko: 10 kg Toimitus sis\u00e4lt\u00e4\u00e4: &#8211; 2 x iso laatikko &#8211; 2 x pieni laatikko &#8211; 1 x ohjeet (DE, EN, IT, FR, ES) SONGMICS Huomautukset: &#8211; Jokaisen laatikon maks. kantavuus on 10 kg. \u00c4l\u00e4 laita liian painavia esineit\u00e4 laatikkoon. &#8211; Laatikoita ei voi pest\u00e4; lika on suositeltavaa pyyhki\u00e4 pois kostealla liinalla. &#8211; Aseta tuote hyvin ilmastoituun paikkaan, jos se haisee ep\u00e4miellytt\u00e4v\u00e4lt\u00e4 avaamisen j\u00e4lkeen.<\/p>\n","protected":false},"excerpt":{"rendered":"<p>SONGMICS Pinottava s\u00e4ilytyslaatikko kannella, 4 kpl:n sarja, lelujen s\u00e4ilytyslaatikko, metallirunko, magneettisuljin, vaatteille, leluille ja kirjoille, harmaa RLB22GY<\/p>\n","protected":false},"featured_media":45932,"comment_status":"open","ping_status":"closed","template":"","meta":[],"product_brand":[],"product_cat":[32],"product_tag":[],"class_list":{"0":"post-38095","1":"product","2":"type-product","3":"status-publish","4":"has-post-thumbnail","6":"product_cat-uncategorized-fi","8":"first","9":"instock","10":"shipping-taxable","11":"purchasable","12":"product-type-simple"},"_links":{"self":[{"href":"https:\/\/nordicmart.andreevmaster.com\/fi\/wp-json\/wp\/v2\/product\/38095","targetHints":{"allow":["GET"]}}],"collection":[{"href":"https:\/\/nordicmart.andreevmaster.com\/fi\/wp-json\/wp\/v2\/product"}],"about":[{"href":"https:\/\/nordicmart.andreevmaster.com\/fi\/wp-json\/wp\/v2\/types\/product"}],"replies":[{"embeddable":true,"href":"https:\/\/nordicmart.andreevmaster.com\/fi\/wp-json\/wp\/v2\/comments?post=38095"}],"wp:featuredmedia":[{"embeddable":true,"href":"https:\/\/nordicmart.andreevmaster.com\/fi\/wp-json\/wp\/v2\/media\/45932"}],"wp:attachment":[{"href":"https:\/\/nordicmart.andreevmaster.com\/fi\/wp-json\/wp\/v2\/media?parent=38095"}],"wp:term":[{"taxonomy":"product_brand","embeddable":true,"href":"https:\/\/nordicmart.andreevmaster.com\/fi\/wp-json\/wp\/v2\/product_brand?post=38095"},{"taxonomy":"product_cat","embeddable":true,"href":"https:\/\/nordicmart.andreevmaster.com\/fi\/wp-json\/wp\/v2\/product_cat?post=38095"},{"taxonomy":"product_tag","embeddable":true,"href":"https:\/\/nordicmart.andreevmaster.com\/fi\/wp-json\/wp\/v2\/product_tag?post=38095"}],"curies":[{"name":"wp","href":"https:\/\/api.w.org\/{rel}","templated":true}]}}