{"id":38094,"date":"2026-02-27T00:42:21","date_gmt":"2026-02-27T00:42:21","guid":{"rendered":"https:\/\/nordicmart.andreevmaster.com\/product\/songmics-3-kpl-sailytyslaatikoita-kannella\/"},"modified":"2026-02-27T09:58:17","modified_gmt":"2026-02-27T09:58:17","slug":"songmics-3-kpl-sailytyslaatikoita-kannella","status":"publish","type":"product","link":"https:\/\/nordicmart.andreevmaster.com\/fi\/tuote\/songmics-3-kpl-sailytyslaatikoita-kannella\/","title":{"rendered":"SONGMICS 3 kpl s\u00e4ilytyslaatikoita kannella"},"content":{"rendered":"<p>T\u00e4m\u00e4 3-osainen s\u00e4ilytyslaatikkosetti SONGMICS:lt\u00e4 \u2013 1 iso (50 x 35 x 25 cm) ja 2 pient\u00e4 (25 x 35 x 25 cm) \u2013 on juuri oikea apu kaiken j\u00e4rjest\u00e4miseen ja kodin siistimiseen. Yksi sarja, tuhat k\u00e4ytt\u00f6mahdollisuutta N\u00e4m\u00e4 monipuoliset, pinottavat s\u00e4ilytyslaatikot sopivat t\u00e4ydellisesti: &#8211; Makuuhuoneeseen: vaatekaappiin vaatteiden siistiksi s\u00e4ilytt\u00e4miseen; s\u00e4ngyn viereen monien pienten tavaroiden s\u00e4ilytt\u00e4miseen k\u00e4den ulottuvilla. &#8211; Olohuoneeseen: kirjojen, lehtien ja sanomalehtien s\u00e4ilytt\u00e4miseen. &#8211; Eteiseen: kenkien, laukkujen jne. s\u00e4ilytt\u00e4miseen. &#8211; Lastenhuoneeseen: lasten lelujen ja vaatteiden s\u00e4ilytykseen Tuotetiedot: &#8211; V\u00e4ri: harmaa p\u00e4\u00e4llinen, beige vuori &#8211; Materiaali: pellavakangas, 3 mm paksu pahvi, \u00d8 3 mm rautakehys, 80 g\/\u33a1 kuitukangas &#8211; Suuren laatikon mitat: 50 x 35 x 25 cm (P x L x K) &#8211; Pienen laatikon mitat: 25 x 35 x 25 cm (P x L x K) &#8211; Kokonaispaino: 3,5 kg &#8211; Maks. kantavuus per laatikko: 10 kg Toimitus sis\u00e4lt\u00e4\u00e4: &#8211; 1 x iso laatikko &#8211; 2 x pieni laatikko &#8211; 1 x ohjeet (DE, EN, IT, FR, ES) SONGMICS-ohjeet: &#8211; Jokaisen laatikon maks. kantavuus on 10 kg. \u00c4l\u00e4 laita liian painavia esineit\u00e4 laatikkoon. &#8211; Laatikoita ei voi pest\u00e4; lika on suositeltavaa pyyhki\u00e4 pois kostealla liinalla. &#8211; Aseta tuote hyvin ilmastoituun paikkaan, jos se haisee ep\u00e4miellytt\u00e4v\u00e4lt\u00e4 avaamisen j\u00e4lkeen.<\/p>\n","protected":false},"excerpt":{"rendered":"<p>SONGMICS Pinottava s\u00e4ilytyslaatikko kannella, 3 kpl, lelujen j\u00e4rjestelij\u00e4, metallirunko, magneettisuljin, vaatteille, leluille ja kirjoille, harmaa RLB12GY<\/p>\n","protected":false},"featured_media":45931,"comment_status":"open","ping_status":"closed","template":"","meta":[],"product_brand":[],"product_cat":[32],"product_tag":[],"class_list":{"0":"post-38094","1":"product","2":"type-product","3":"status-publish","4":"has-post-thumbnail","6":"product_cat-uncategorized-fi","8":"first","9":"instock","10":"shipping-taxable","11":"purchasable","12":"product-type-simple"},"_links":{"self":[{"href":"https:\/\/nordicmart.andreevmaster.com\/fi\/wp-json\/wp\/v2\/product\/38094","targetHints":{"allow":["GET"]}}],"collection":[{"href":"https:\/\/nordicmart.andreevmaster.com\/fi\/wp-json\/wp\/v2\/product"}],"about":[{"href":"https:\/\/nordicmart.andreevmaster.com\/fi\/wp-json\/wp\/v2\/types\/product"}],"replies":[{"embeddable":true,"href":"https:\/\/nordicmart.andreevmaster.com\/fi\/wp-json\/wp\/v2\/comments?post=38094"}],"wp:featuredmedia":[{"embeddable":true,"href":"https:\/\/nordicmart.andreevmaster.com\/fi\/wp-json\/wp\/v2\/media\/45931"}],"wp:attachment":[{"href":"https:\/\/nordicmart.andreevmaster.com\/fi\/wp-json\/wp\/v2\/media?parent=38094"}],"wp:term":[{"taxonomy":"product_brand","embeddable":true,"href":"https:\/\/nordicmart.andreevmaster.com\/fi\/wp-json\/wp\/v2\/product_brand?post=38094"},{"taxonomy":"product_cat","embeddable":true,"href":"https:\/\/nordicmart.andreevmaster.com\/fi\/wp-json\/wp\/v2\/product_cat?post=38094"},{"taxonomy":"product_tag","embeddable":true,"href":"https:\/\/nordicmart.andreevmaster.com\/fi\/wp-json\/wp\/v2\/product_tag?post=38094"}],"curies":[{"name":"wp","href":"https:\/\/api.w.org\/{rel}","templated":true}]}}