{"id":38093,"date":"2026-02-27T00:42:20","date_gmt":"2026-02-27T00:42:20","guid":{"rendered":"https:\/\/nordicmart.andreevmaster.com\/product\/songmics-sailytyslaatikot-4-kpl\/"},"modified":"2026-02-27T09:58:17","modified_gmt":"2026-02-27T09:58:17","slug":"songmics-sailytyslaatikot-4-kpl","status":"publish","type":"product","link":"https:\/\/nordicmart.andreevmaster.com\/fi\/tuote\/songmics-sailytyslaatikot-4-kpl\/","title":{"rendered":"SONGMICS s\u00e4ilytyslaatikot, 4 kpl"},"content":{"rendered":"<p>SONGMICS-s\u00e4ilytyslaatikot tarjoavat \u00e4lykk\u00e4it\u00e4 s\u00e4ilytysratkaisuja, joilla saat lis\u00e4\u00e4 s\u00e4ilytystilaa vaatekaappiisi, hyllyllesi jne. Metallirenkaan ja takana olevien tarranauhojen avulla useita s\u00e4ilytyslaatikoita voidaan pinota p\u00e4\u00e4llekk\u00e4in, eiv\u00e4tk\u00e4 ne muutu muodoltaan edes suuressa kuormituksessa. Magnetisella sulkimella varustettu avattava kansi helpottaa esineiden ottamista ulos ja laittamista takaisin. N\u00e4ihin laatikoihin voit helposti s\u00e4ilytt\u00e4\u00e4 p\u00e4ivitt\u00e4isess\u00e4 k\u00e4yt\u00f6ss\u00e4 olevia esineit\u00e4 ja tuoda j\u00e4rjestyst\u00e4 kaappiisi. Mit\u00e4 viel\u00e4 odotat? Et tule katumaan ostostasi.  Tuotetiedot: &#8211; V\u00e4ri: harmaa &#8211; Materiaali: keinokangas, pahvi, MDF-levyt, metallirengas &#8211; Mitat: 38 x 25 x 26,5\/35 cm (L x K x S) &#8211; Paino: 5,6 kg\/sarja (RLB04GY) Toimitus sis\u00e4lt\u00e4\u00e4: &#8211; 4 x s\u00e4ilytyslaatikko SONGMICS Huomautus: &#8211; Tuotetta ei voi pest\u00e4, mutta lian voi pyyhki\u00e4 kostealla liinalla ja antaa laatikon kuivua ilmastoidussa paikassa.<\/p>\n","protected":false},"excerpt":{"rendered":"<p>SONGMICS 4 kpl s\u00e4ilytyslaatikoita magneettisella kansilla, pinottavat taitettavat laatikot kangasp\u00e4\u00e4llysteell\u00e4, metallirungolla ja sivukahvoilla, asusteille, leluille, vaatteille RLB04GY<\/p>\n","protected":false},"featured_media":45930,"comment_status":"open","ping_status":"closed","template":"","meta":[],"product_brand":[],"product_cat":[32],"product_tag":[],"class_list":{"0":"post-38093","1":"product","2":"type-product","3":"status-publish","4":"has-post-thumbnail","6":"product_cat-uncategorized-fi","8":"first","9":"instock","10":"shipping-taxable","11":"purchasable","12":"product-type-simple"},"_links":{"self":[{"href":"https:\/\/nordicmart.andreevmaster.com\/fi\/wp-json\/wp\/v2\/product\/38093","targetHints":{"allow":["GET"]}}],"collection":[{"href":"https:\/\/nordicmart.andreevmaster.com\/fi\/wp-json\/wp\/v2\/product"}],"about":[{"href":"https:\/\/nordicmart.andreevmaster.com\/fi\/wp-json\/wp\/v2\/types\/product"}],"replies":[{"embeddable":true,"href":"https:\/\/nordicmart.andreevmaster.com\/fi\/wp-json\/wp\/v2\/comments?post=38093"}],"wp:featuredmedia":[{"embeddable":true,"href":"https:\/\/nordicmart.andreevmaster.com\/fi\/wp-json\/wp\/v2\/media\/45930"}],"wp:attachment":[{"href":"https:\/\/nordicmart.andreevmaster.com\/fi\/wp-json\/wp\/v2\/media?parent=38093"}],"wp:term":[{"taxonomy":"product_brand","embeddable":true,"href":"https:\/\/nordicmart.andreevmaster.com\/fi\/wp-json\/wp\/v2\/product_brand?post=38093"},{"taxonomy":"product_cat","embeddable":true,"href":"https:\/\/nordicmart.andreevmaster.com\/fi\/wp-json\/wp\/v2\/product_cat?post=38093"},{"taxonomy":"product_tag","embeddable":true,"href":"https:\/\/nordicmart.andreevmaster.com\/fi\/wp-json\/wp\/v2\/product_tag?post=38093"}],"curies":[{"name":"wp","href":"https:\/\/api.w.org\/{rel}","templated":true}]}}