{"id":38092,"date":"2026-02-27T00:42:20","date_gmt":"2026-02-27T00:42:20","guid":{"rendered":"https:\/\/nordicmart.andreevmaster.com\/product\/songmics-sailytyslaatikot-metallirungolla\/"},"modified":"2026-02-27T09:58:17","modified_gmt":"2026-02-27T09:58:17","slug":"songmics-sailytyslaatikot-metallirungolla","status":"publish","type":"product","link":"https:\/\/nordicmart.andreevmaster.com\/fi\/tuote\/songmics-sailytyslaatikot-metallirungolla\/","title":{"rendered":"SONGMICS-s\u00e4ilytyslaatikot metallirungolla"},"content":{"rendered":"<p>Pinottavat: Voit pinota n\u00e4m\u00e4 laatikot tarpeen mukaan p\u00e4\u00e4llekk\u00e4in ja sijoittaa ne vaatekaappiin, hyllylle tai s\u00e4ngyn p\u00e4\u00e4tyyn vaatteiden, lelujen, kirjojen, kenkien, laukkujen jne. siistiksi s\u00e4ilytt\u00e4miseksi. Magneettisuljin: Kansi avautuu yl\u00f6sp\u00e4in ja pysyy aina auki magneettien ansiosta. T\u00e4m\u00e4 helpottaa laatikossa s\u00e4ilytettyjen tavaroiden saatavuutta. Metallikehyksen tukema: Jokaisen laatikon sis\u00e4ll\u00e4 on tukeva metallikehys (\u00d8 5 mm), joka takaa hyv\u00e4n vakauden pinoamisen yhteydess\u00e4; yl\u00e4osa on varustettu tarranauhoilla, jotka est\u00e4v\u00e4t laatikon liikkumisen. Taitettava: Taitat laatikon k\u00e4yt\u00f6n j\u00e4lkeen kokoon, jotta s\u00e4\u00e4st\u00e4t tilaa.Tuotetiedot: V\u00e4ri: harmaa Materiaali: keinokangas, pahvi, MDF-levy, metallirengas Mitat: 38 x 25 x 26,5\/35 cm (L x K x S) Paino: 2,8 (5,6) kg \/ sarja Toimitus sis\u00e4lt\u00e4\u00e4: 4 x s\u00e4ilytyslaatikko<\/p>\n","protected":false},"excerpt":{"rendered":"<p>SONGMICS 4 kpl s\u00e4ilytyslaatikoita magneettisella kansilla, pinottavat taitettavat laatikot kangasp\u00e4\u00e4llysteell\u00e4, metallirungolla ja sivukahvoilla, asusteille, leluille, vaatteille RLB04GY<\/p>\n","protected":false},"featured_media":45929,"comment_status":"open","ping_status":"closed","template":"","meta":[],"product_brand":[],"product_cat":[32],"product_tag":[],"class_list":{"0":"post-38092","1":"product","2":"type-product","3":"status-publish","4":"has-post-thumbnail","6":"product_cat-uncategorized-fi","8":"first","9":"instock","10":"shipping-taxable","11":"purchasable","12":"product-type-simple"},"_links":{"self":[{"href":"https:\/\/nordicmart.andreevmaster.com\/fi\/wp-json\/wp\/v2\/product\/38092","targetHints":{"allow":["GET"]}}],"collection":[{"href":"https:\/\/nordicmart.andreevmaster.com\/fi\/wp-json\/wp\/v2\/product"}],"about":[{"href":"https:\/\/nordicmart.andreevmaster.com\/fi\/wp-json\/wp\/v2\/types\/product"}],"replies":[{"embeddable":true,"href":"https:\/\/nordicmart.andreevmaster.com\/fi\/wp-json\/wp\/v2\/comments?post=38092"}],"wp:featuredmedia":[{"embeddable":true,"href":"https:\/\/nordicmart.andreevmaster.com\/fi\/wp-json\/wp\/v2\/media\/45929"}],"wp:attachment":[{"href":"https:\/\/nordicmart.andreevmaster.com\/fi\/wp-json\/wp\/v2\/media?parent=38092"}],"wp:term":[{"taxonomy":"product_brand","embeddable":true,"href":"https:\/\/nordicmart.andreevmaster.com\/fi\/wp-json\/wp\/v2\/product_brand?post=38092"},{"taxonomy":"product_cat","embeddable":true,"href":"https:\/\/nordicmart.andreevmaster.com\/fi\/wp-json\/wp\/v2\/product_cat?post=38092"},{"taxonomy":"product_tag","embeddable":true,"href":"https:\/\/nordicmart.andreevmaster.com\/fi\/wp-json\/wp\/v2\/product_tag?post=38092"}],"curies":[{"name":"wp","href":"https:\/\/api.w.org\/{rel}","templated":true}]}}