{"id":38090,"date":"2026-02-27T00:42:20","date_gmt":"2026-02-27T00:42:20","guid":{"rendered":"https:\/\/nordicmart.andreevmaster.com\/product\/songmics-taitettavat-sailytyslaatikot-2-kpl-kannelliset-beige\/"},"modified":"2026-02-27T09:58:16","modified_gmt":"2026-02-27T09:58:16","slug":"songmics-taitettavat-sailytyslaatikot-2-kpl-kannelliset-beige","status":"publish","type":"product","link":"https:\/\/nordicmart.andreevmaster.com\/fi\/tuote\/songmics-taitettavat-sailytyslaatikot-2-kpl-kannelliset-beige\/","title":{"rendered":"SONGMICS taitettavat s\u00e4ilytyslaatikot, 2 kpl, kannelliset, beige"},"content":{"rendered":"<p>SONGMICS-s\u00e4ilytyslaatikot tarjoavat \u00e4lykk\u00e4it\u00e4 s\u00e4ilytysratkaisuja, joilla saat lis\u00e4\u00e4 s\u00e4ilytystilaa pieniin tiloihin, kuten vaatekaappiin, hyllylle jne. Metallirenkaan ja takana olevan tarranauhan ansiosta s\u00e4ilytyslaatikot eiv\u00e4t muutu muotoaan, vaikka ne pinottaisiin p\u00e4\u00e4llekk\u00e4in raskaiden tavaroiden alla. Magneettikiinnitteinen avattava kansi helpottaa tavaroiden ottamista laatikosta. Harmaan ja beigeen v\u00e4riyhdistelm\u00e4 sopii sek\u00e4 nuorille ett\u00e4 vanhoille. Laatikoiden avulla voit s\u00e4ilytt\u00e4\u00e4 p\u00e4ivitt\u00e4iset tarvikkeet t\u00e4ydellisesti ja pit\u00e4\u00e4 ne nopeasti k\u00e4den ulottuvilla. Mit\u00e4 viel\u00e4 odotat? Et tule katumaan ostostasi. Tuotetiedot: &#8211; V\u00e4ri: beige, harmaa &#8211; Materiaali: keinokangas, pahvi, MDF-levy, metallirengas &#8211; Mitat: 38 x 25 x 26,5\/35 cm (L x K x S) &#8211; Paino: 2,8 kg \/ sarja Toimitus sis\u00e4lt\u00e4\u00e4: &#8211; 2 x s\u00e4ilytyslaatikko SONGMICS Huomautus: &#8211; \u00c4l\u00e4 huuhtele vedell\u00e4. Pyyhi tahrat ja lika pinnalta hieman kostealla liinalla ja anna kuivua ilmastoidussa paikassa.<\/p>\n","protected":false},"excerpt":{"rendered":"<p>SONGMICS 2 kpl s\u00e4ilytyslaatikoita magneettisella kansilla, pinottavat taitettavat laatikot kangasp\u00e4\u00e4llysteell\u00e4, metallirungolla ja sivukahvoilla, asusteille, leluille, vaatteille RLB02GY<\/p>\n","protected":false},"featured_media":45927,"comment_status":"open","ping_status":"closed","template":"","meta":[],"product_brand":[],"product_cat":[32],"product_tag":[],"class_list":{"0":"post-38090","1":"product","2":"type-product","3":"status-publish","4":"has-post-thumbnail","6":"product_cat-uncategorized-fi","8":"first","9":"instock","10":"shipping-taxable","11":"purchasable","12":"product-type-simple"},"_links":{"self":[{"href":"https:\/\/nordicmart.andreevmaster.com\/fi\/wp-json\/wp\/v2\/product\/38090","targetHints":{"allow":["GET"]}}],"collection":[{"href":"https:\/\/nordicmart.andreevmaster.com\/fi\/wp-json\/wp\/v2\/product"}],"about":[{"href":"https:\/\/nordicmart.andreevmaster.com\/fi\/wp-json\/wp\/v2\/types\/product"}],"replies":[{"embeddable":true,"href":"https:\/\/nordicmart.andreevmaster.com\/fi\/wp-json\/wp\/v2\/comments?post=38090"}],"wp:featuredmedia":[{"embeddable":true,"href":"https:\/\/nordicmart.andreevmaster.com\/fi\/wp-json\/wp\/v2\/media\/45927"}],"wp:attachment":[{"href":"https:\/\/nordicmart.andreevmaster.com\/fi\/wp-json\/wp\/v2\/media?parent=38090"}],"wp:term":[{"taxonomy":"product_brand","embeddable":true,"href":"https:\/\/nordicmart.andreevmaster.com\/fi\/wp-json\/wp\/v2\/product_brand?post=38090"},{"taxonomy":"product_cat","embeddable":true,"href":"https:\/\/nordicmart.andreevmaster.com\/fi\/wp-json\/wp\/v2\/product_cat?post=38090"},{"taxonomy":"product_tag","embeddable":true,"href":"https:\/\/nordicmart.andreevmaster.com\/fi\/wp-json\/wp\/v2\/product_tag?post=38090"}],"curies":[{"name":"wp","href":"https:\/\/api.w.org\/{rel}","templated":true}]}}