{"id":38088,"date":"2026-02-27T00:42:19","date_gmt":"2026-02-27T00:42:19","guid":{"rendered":"https:\/\/nordicmart.andreevmaster.com\/product\/songmics-sailytyslaatikko-kannella-kirjat-kyyhkynharmaa\/"},"modified":"2026-02-27T09:58:16","modified_gmt":"2026-02-27T09:58:16","slug":"songmics-sailytyslaatikko-kannella-kirjat-kyyhkynharmaa","status":"publish","type":"product","link":"https:\/\/nordicmart.andreevmaster.com\/fi\/tuote\/songmics-sailytyslaatikko-kannella-kirjat-kyyhkynharmaa\/","title":{"rendered":"SONGMICS s\u00e4ilytyslaatikko kannella, kirjat, kyyhkynharmaa"},"content":{"rendered":"<p>SONGMICS s\u00e4ilytyslaatikko kannella, 4 kpl vaatekaapin j\u00e4rjestelij\u00e4, pinottava, taitettava laatikko magneettisulkimella, kangaslaatikko vaatteiden ja kirjojen s\u00e4ilytykseen<br \/>\nV\u00e4ri: kyyhkynharmaa<br \/>\nMateriaali: polyester-pellava-sekoitekangas, Oxford-kangas, kuitukangas, pahvi, metallirunko<br \/>\nSuuren laatikon koko: 35 x 50 x 25 cm (S x L x K)<br \/>\nPienen laatikon koko: 35 x 25 x 25 cm (S x L x K)<br \/>\nKokonaispaino: 5,1 kg<br \/>\nSuurin staattinen kantavuus laatikkoa kohti: 10 kg<\/p>\n","protected":false},"excerpt":{"rendered":"<p>SONGMICS s\u00e4ilytyslaatikko kannella, 4 kpl vaatekaapin j\u00e4rjestelij\u00e4, pinottava, taitettava laatikko magneettisulkimella, kangaslaatikko vaatteiden ja kirjojen s\u00e4ilytykseen<\/p>\n","protected":false},"featured_media":45925,"comment_status":"open","ping_status":"closed","template":"","meta":[],"product_brand":[],"product_cat":[32],"product_tag":[],"class_list":{"0":"post-38088","1":"product","2":"type-product","3":"status-publish","4":"has-post-thumbnail","6":"product_cat-uncategorized-fi","8":"first","9":"instock","10":"shipping-taxable","11":"purchasable","12":"product-type-simple"},"_links":{"self":[{"href":"https:\/\/nordicmart.andreevmaster.com\/fi\/wp-json\/wp\/v2\/product\/38088","targetHints":{"allow":["GET"]}}],"collection":[{"href":"https:\/\/nordicmart.andreevmaster.com\/fi\/wp-json\/wp\/v2\/product"}],"about":[{"href":"https:\/\/nordicmart.andreevmaster.com\/fi\/wp-json\/wp\/v2\/types\/product"}],"replies":[{"embeddable":true,"href":"https:\/\/nordicmart.andreevmaster.com\/fi\/wp-json\/wp\/v2\/comments?post=38088"}],"wp:featuredmedia":[{"embeddable":true,"href":"https:\/\/nordicmart.andreevmaster.com\/fi\/wp-json\/wp\/v2\/media\/45925"}],"wp:attachment":[{"href":"https:\/\/nordicmart.andreevmaster.com\/fi\/wp-json\/wp\/v2\/media?parent=38088"}],"wp:term":[{"taxonomy":"product_brand","embeddable":true,"href":"https:\/\/nordicmart.andreevmaster.com\/fi\/wp-json\/wp\/v2\/product_brand?post=38088"},{"taxonomy":"product_cat","embeddable":true,"href":"https:\/\/nordicmart.andreevmaster.com\/fi\/wp-json\/wp\/v2\/product_cat?post=38088"},{"taxonomy":"product_tag","embeddable":true,"href":"https:\/\/nordicmart.andreevmaster.com\/fi\/wp-json\/wp\/v2\/product_tag?post=38088"}],"curies":[{"name":"wp","href":"https:\/\/api.w.org\/{rel}","templated":true}]}}